{"id":639076,"date":"2026-03-14T10:12:58","date_gmt":"2026-03-14T07:12:58","guid":{"rendered":"https:\/\/justbuildit.eu\/?post_type=product&#038;p=639076"},"modified":"2026-04-11T12:00:36","modified_gmt":"2026-04-11T09:00:36","slug":"puidukruvi-essdrive-50x120mm-100tk","status":"publish","type":"product","link":"https:\/\/justbuildit.eu\/en\/pood\/kinnitusvahendid\/kruvid\/puidukruvi-essdrive-50x120mm-100tk\/","title":{"rendered":"Puidukruvi Essdrive 5,0x120mm (100tk)"},"content":{"rendered":"<ul>\n<li>Keerme pikkus (mm): 62<\/li>\n<li>Pea diameeter: 10<\/li>\n<li>V\u00e4lisdiameeter (mm): 5<\/li>\n<li>Pikkus (mm): 120<\/li>\n<li>P\u00f5himaterjalid: Teras<\/li>\n<li>Materjal, kuhu kinnitatakse: Puit<\/li>\n<\/ul>\n<p><strong>Kasutusvaldkond<\/strong>:<br \/>\nPuidukruvi ESSDRIVE sobib enamikuks paigaldust\u00f6\u00f6deks puitlaastplaatide, puidu, plasti, ehitusrautiste, t\u00fc\u00fcblite jne puhul.<\/p>\n<p><strong>Kirjeldus<\/strong>:<br \/>\nKruvi on valmistatud karastatud ja noolutatud terasest ning sel on sisetingimustesse sobiv l\u00e4ikivaks tsingitud pinnat\u00f6\u00f6tlus. TX-pesa\/-otsak. Kruvil on patenditud kujuga ots, mis tagab kiire kinnitumise puidu sisse. Ka kruvipea kuju on patenditud ning minimeerib t\u00e4nu sellele kildude tekkimist ja tagab kena l\u00f5pptulemuse. \u00dcle 70 mm pikkustel ja pikematel kruvidel on tavalise puidukeerme j\u00e4rel t\u00e4iendav freeskeere, mis lihtsustab pikemate ja j\u00e4medamate kruvide kinnitamist. Kruvipeale on lisatud l\u00f5ikesoon, mis l\u00f5ikab puidukiud l\u00e4bi, s\u00fcvistab kruvi ja kindlustab sileda, pindudeta pinna. Kruvipea sobib lisaks suurep\u00e4raselt s\u00fcvistatud ehitusrautiste paigaldamiseks, sest sel puuduvad v\u00e4ljaulatuvad ribid. Kruvi t\u00e4idab CE-m\u00e4rgise n\u00f5udeid vastavalt standardile EN 14592.<\/p>\n<p><strong>Paigaldamine<\/strong>:<br \/>\nSoovitatav p\u00f6\u00f6rete arv: 400-1200p\/min<\/p>\n","protected":false},"excerpt":{"rendered":"<p><strong>Kasutusvaldkond<\/strong>:<br \/>\nPuidukruvi ESSDRIVE sobib enamikuks paigaldust\u00f6\u00f6deks puitlaastplaatide, puidu, plasti, ehitusrautiste, t\u00fc\u00fcblite jne puhul.<\/p>","protected":false},"featured_media":639077,"comment_status":"open","ping_status":"closed","template":"","meta":{"_acf_changed":false},"product_brand":[],"product_cat":[85,497],"product_tag":[],"class_list":{"0":"post-639076","1":"product","2":"type-product","3":"status-publish","4":"has-post-thumbnail","6":"product_cat-kruvid","7":"product_cat-puumarket","9":"first","10":"instock","11":"shipping-taxable","12":"purchasable","13":"product-type-simple"},"acf":[],"yoast_head":"<!-- This site is optimized with the Yoast SEO Premium plugin v18.7 (Yoast SEO v26.5) - https:\/\/yoast.com\/wordpress\/plugins\/seo\/ -->\n<title>Puidukruvi Essdrive 5,0x120mm (100tk) - Ehituslahendused<\/title>\n<meta name=\"robots\" content=\"index, follow, max-snippet:-1, max-image-preview:large, max-video-preview:-1\" \/>\n<link rel=\"canonical\" href=\"https:\/\/justbuildit.eu\/en\/pood\/kinnitusvahendid\/kruvid\/puidukruvi-essdrive-50x120mm-100tk\/\" \/>\n<meta property=\"og:locale\" content=\"en_US\" \/>\n<meta property=\"og:type\" content=\"article\" \/>\n<meta property=\"og:title\" content=\"Puidukruvi Essdrive 5,0x120mm (100tk)\" \/>\n<meta property=\"og:description\" content=\"Kasutusvaldkond: Puidukruvi ESSDRIVE sobib enamikuks paigaldust\u00f6\u00f6deks puitlaastplaatide, puidu, plasti, ehitusrautiste, t\u00fc\u00fcblite jne puhul.\" \/>\n<meta property=\"og:url\" content=\"https:\/\/justbuildit.eu\/en\/pood\/kinnitusvahendid\/kruvid\/puidukruvi-essdrive-50x120mm-100tk\/\" \/>\n<meta property=\"og:site_name\" content=\"Ehituslahendused\" \/>\n<meta property=\"article:publisher\" content=\"https:\/\/www.facebook.com\/justbuildit.ee\" \/>\n<meta property=\"article:modified_time\" content=\"2026-04-11T09:00:36+00:00\" \/>\n<meta property=\"og:image\" content=\"https:\/\/justbuildit.eu\/wp-content\/uploads\/2026\/03\/112236.jpg\" \/>\n\t<meta property=\"og:image:width\" content=\"709\" \/>\n\t<meta property=\"og:image:height\" content=\"709\" \/>\n\t<meta property=\"og:image:type\" content=\"image\/jpeg\" \/>\n<meta name=\"twitter:card\" content=\"summary_large_image\" \/>\n<script type=\"application\/ld+json\" class=\"yoast-schema-graph\">{\"@context\":\"https:\/\/schema.org\",\"@graph\":[{\"@type\":\"WebPage\",\"@id\":\"https:\/\/justbuildit.eu\/en\/pood\/kinnitusvahendid\/kruvid\/puidukruvi-essdrive-50x120mm-100tk\/\",\"url\":\"https:\/\/justbuildit.eu\/en\/pood\/kinnitusvahendid\/kruvid\/puidukruvi-essdrive-50x120mm-100tk\/\",\"name\":\"Puidukruvi Essdrive 5,0x120mm (100tk) - Ehituslahendused\",\"isPartOf\":{\"@id\":\"https:\/\/justbuildit.eu\/en\/#website\"},\"primaryImageOfPage\":{\"@id\":\"https:\/\/justbuildit.eu\/en\/pood\/kinnitusvahendid\/kruvid\/puidukruvi-essdrive-50x120mm-100tk\/#primaryimage\"},\"image\":{\"@id\":\"https:\/\/justbuildit.eu\/en\/pood\/kinnitusvahendid\/kruvid\/puidukruvi-essdrive-50x120mm-100tk\/#primaryimage\"},\"thumbnailUrl\":\"https:\/\/justbuildit.eu\/wp-content\/uploads\/2026\/03\/112236.jpg\",\"datePublished\":\"2026-03-14T07:12:58+00:00\",\"dateModified\":\"2026-04-11T09:00:36+00:00\",\"breadcrumb\":{\"@id\":\"https:\/\/justbuildit.eu\/en\/pood\/kinnitusvahendid\/kruvid\/puidukruvi-essdrive-50x120mm-100tk\/#breadcrumb\"},\"inLanguage\":\"en-US\",\"potentialAction\":[{\"@type\":\"ReadAction\",\"target\":[\"https:\/\/justbuildit.eu\/en\/pood\/kinnitusvahendid\/kruvid\/puidukruvi-essdrive-50x120mm-100tk\/\"]}]},{\"@type\":\"ImageObject\",\"inLanguage\":\"en-US\",\"@id\":\"https:\/\/justbuildit.eu\/en\/pood\/kinnitusvahendid\/kruvid\/puidukruvi-essdrive-50x120mm-100tk\/#primaryimage\",\"url\":\"https:\/\/justbuildit.eu\/wp-content\/uploads\/2026\/03\/112236.jpg\",\"contentUrl\":\"https:\/\/justbuildit.eu\/wp-content\/uploads\/2026\/03\/112236.jpg\",\"width\":709,\"height\":709},{\"@type\":\"BreadcrumbList\",\"@id\":\"https:\/\/justbuildit.eu\/en\/pood\/kinnitusvahendid\/kruvid\/puidukruvi-essdrive-50x120mm-100tk\/#breadcrumb\",\"itemListElement\":[{\"@type\":\"ListItem\",\"position\":1,\"name\":\"Home\",\"item\":\"https:\/\/justbuildit.eu\/en\/\"},{\"@type\":\"ListItem\",\"position\":2,\"name\":\"Shop\",\"item\":\"https:\/\/justbuildit.eu\/en\/building-materials\/\"},{\"@type\":\"ListItem\",\"position\":3,\"name\":\"Puidukruvi Essdrive 5,0x120mm (100tk)\"}]},{\"@type\":\"WebSite\",\"@id\":\"https:\/\/justbuildit.eu\/en\/#website\",\"url\":\"https:\/\/justbuildit.eu\/en\/\",\"name\":\"Ehituslahendused\",\"description\":\"Ehituslahendused ja materjalid\",\"publisher\":{\"@id\":\"https:\/\/justbuildit.eu\/en\/#organization\"},\"potentialAction\":[{\"@type\":\"SearchAction\",\"target\":{\"@type\":\"EntryPoint\",\"urlTemplate\":\"https:\/\/justbuildit.eu\/en\/?s={search_term_string}\"},\"query-input\":{\"@type\":\"PropertyValueSpecification\",\"valueRequired\":true,\"valueName\":\"search_term_string\"}}],\"inLanguage\":\"en-US\"},{\"@type\":\"Organization\",\"@id\":\"https:\/\/justbuildit.eu\/en\/#organization\",\"name\":\"Just Build It O\u00dc\",\"url\":\"https:\/\/justbuildit.eu\/en\/\",\"logo\":{\"@type\":\"ImageObject\",\"inLanguage\":\"en-US\",\"@id\":\"https:\/\/justbuildit.eu\/en\/#\/schema\/logo\/image\/\",\"url\":\"https:\/\/justbuildit.eu\/wp-content\/uploads\/2022\/01\/justbuildit.png\",\"contentUrl\":\"https:\/\/justbuildit.eu\/wp-content\/uploads\/2022\/01\/justbuildit.png\",\"width\":173,\"height\":77,\"caption\":\"Just Build It O\u00dc\"},\"image\":{\"@id\":\"https:\/\/justbuildit.eu\/en\/#\/schema\/logo\/image\/\"},\"sameAs\":[\"https:\/\/www.facebook.com\/justbuildit.ee\"]}]}<\/script>\n<!-- \/ Yoast SEO Premium plugin. -->","yoast_head_json":{"title":"Puidukruvi Essdrive 5,0x120mm (100tk) - Ehituslahendused","robots":{"index":"index","follow":"follow","max-snippet":"max-snippet:-1","max-image-preview":"max-image-preview:large","max-video-preview":"max-video-preview:-1"},"canonical":"https:\/\/justbuildit.eu\/en\/pood\/kinnitusvahendid\/kruvid\/puidukruvi-essdrive-50x120mm-100tk\/","og_locale":"en_US","og_type":"article","og_title":"Puidukruvi Essdrive 5,0x120mm (100tk)","og_description":"Kasutusvaldkond: Puidukruvi ESSDRIVE sobib enamikuks paigaldust\u00f6\u00f6deks puitlaastplaatide, puidu, plasti, ehitusrautiste, t\u00fc\u00fcblite jne puhul.","og_url":"https:\/\/justbuildit.eu\/en\/pood\/kinnitusvahendid\/kruvid\/puidukruvi-essdrive-50x120mm-100tk\/","og_site_name":"Ehituslahendused","article_publisher":"https:\/\/www.facebook.com\/justbuildit.ee","article_modified_time":"2026-04-11T09:00:36+00:00","og_image":[{"width":709,"height":709,"url":"https:\/\/justbuildit.eu\/wp-content\/uploads\/2026\/03\/112236.jpg","type":"image\/jpeg"}],"twitter_card":"summary_large_image","schema":{"@context":"https:\/\/schema.org","@graph":[{"@type":"WebPage","@id":"https:\/\/justbuildit.eu\/en\/pood\/kinnitusvahendid\/kruvid\/puidukruvi-essdrive-50x120mm-100tk\/","url":"https:\/\/justbuildit.eu\/en\/pood\/kinnitusvahendid\/kruvid\/puidukruvi-essdrive-50x120mm-100tk\/","name":"Puidukruvi Essdrive 5,0x120mm (100tk) - Ehituslahendused","isPartOf":{"@id":"https:\/\/justbuildit.eu\/en\/#website"},"primaryImageOfPage":{"@id":"https:\/\/justbuildit.eu\/en\/pood\/kinnitusvahendid\/kruvid\/puidukruvi-essdrive-50x120mm-100tk\/#primaryimage"},"image":{"@id":"https:\/\/justbuildit.eu\/en\/pood\/kinnitusvahendid\/kruvid\/puidukruvi-essdrive-50x120mm-100tk\/#primaryimage"},"thumbnailUrl":"https:\/\/justbuildit.eu\/wp-content\/uploads\/2026\/03\/112236.jpg","datePublished":"2026-03-14T07:12:58+00:00","dateModified":"2026-04-11T09:00:36+00:00","breadcrumb":{"@id":"https:\/\/justbuildit.eu\/en\/pood\/kinnitusvahendid\/kruvid\/puidukruvi-essdrive-50x120mm-100tk\/#breadcrumb"},"inLanguage":"en-US","potentialAction":[{"@type":"ReadAction","target":["https:\/\/justbuildit.eu\/en\/pood\/kinnitusvahendid\/kruvid\/puidukruvi-essdrive-50x120mm-100tk\/"]}]},{"@type":"ImageObject","inLanguage":"en-US","@id":"https:\/\/justbuildit.eu\/en\/pood\/kinnitusvahendid\/kruvid\/puidukruvi-essdrive-50x120mm-100tk\/#primaryimage","url":"https:\/\/justbuildit.eu\/wp-content\/uploads\/2026\/03\/112236.jpg","contentUrl":"https:\/\/justbuildit.eu\/wp-content\/uploads\/2026\/03\/112236.jpg","width":709,"height":709},{"@type":"BreadcrumbList","@id":"https:\/\/justbuildit.eu\/en\/pood\/kinnitusvahendid\/kruvid\/puidukruvi-essdrive-50x120mm-100tk\/#breadcrumb","itemListElement":[{"@type":"ListItem","position":1,"name":"Home","item":"https:\/\/justbuildit.eu\/en\/"},{"@type":"ListItem","position":2,"name":"Shop","item":"https:\/\/justbuildit.eu\/en\/building-materials\/"},{"@type":"ListItem","position":3,"name":"Puidukruvi Essdrive 5,0x120mm (100tk)"}]},{"@type":"WebSite","@id":"https:\/\/justbuildit.eu\/en\/#website","url":"https:\/\/justbuildit.eu\/en\/","name":"Ehituslahendused","description":"Ehituslahendused ja materjalid","publisher":{"@id":"https:\/\/justbuildit.eu\/en\/#organization"},"potentialAction":[{"@type":"SearchAction","target":{"@type":"EntryPoint","urlTemplate":"https:\/\/justbuildit.eu\/en\/?s={search_term_string}"},"query-input":{"@type":"PropertyValueSpecification","valueRequired":true,"valueName":"search_term_string"}}],"inLanguage":"en-US"},{"@type":"Organization","@id":"https:\/\/justbuildit.eu\/en\/#organization","name":"Just Build It O\u00dc","url":"https:\/\/justbuildit.eu\/en\/","logo":{"@type":"ImageObject","inLanguage":"en-US","@id":"https:\/\/justbuildit.eu\/en\/#\/schema\/logo\/image\/","url":"https:\/\/justbuildit.eu\/wp-content\/uploads\/2022\/01\/justbuildit.png","contentUrl":"https:\/\/justbuildit.eu\/wp-content\/uploads\/2022\/01\/justbuildit.png","width":173,"height":77,"caption":"Just Build It O\u00dc"},"image":{"@id":"https:\/\/justbuildit.eu\/en\/#\/schema\/logo\/image\/"},"sameAs":["https:\/\/www.facebook.com\/justbuildit.ee"]}]}},"_links":{"self":[{"href":"https:\/\/justbuildit.eu\/en\/wp-json\/wp\/v2\/product\/639076","targetHints":{"allow":["GET"]}}],"collection":[{"href":"https:\/\/justbuildit.eu\/en\/wp-json\/wp\/v2\/product"}],"about":[{"href":"https:\/\/justbuildit.eu\/en\/wp-json\/wp\/v2\/types\/product"}],"replies":[{"embeddable":true,"href":"https:\/\/justbuildit.eu\/en\/wp-json\/wp\/v2\/comments?post=639076"}],"wp:featuredmedia":[{"embeddable":true,"href":"https:\/\/justbuildit.eu\/en\/wp-json\/wp\/v2\/media\/639077"}],"wp:attachment":[{"href":"https:\/\/justbuildit.eu\/en\/wp-json\/wp\/v2\/media?parent=639076"}],"wp:term":[{"taxonomy":"product_brand","embeddable":true,"href":"https:\/\/justbuildit.eu\/en\/wp-json\/wp\/v2\/product_brand?post=639076"},{"taxonomy":"product_cat","embeddable":true,"href":"https:\/\/justbuildit.eu\/en\/wp-json\/wp\/v2\/product_cat?post=639076"},{"taxonomy":"product_tag","embeddable":true,"href":"https:\/\/justbuildit.eu\/en\/wp-json\/wp\/v2\/product_tag?post=639076"}],"curies":[{"name":"wp","href":"https:\/\/api.w.org\/{rel}","templated":true}]}}