{"id":639393,"date":"2026-03-15T08:43:55","date_gmt":"2026-03-15T05:43:55","guid":{"rendered":"https:\/\/justbuildit.eu\/?post_type=product&#038;p=639393"},"modified":"2026-04-11T12:00:35","modified_gmt":"2026-04-11T09:00:35","slug":"penosil-windowdoor-silikoon-valge-325c-300ml","status":"publish","type":"product","link":"https:\/\/justbuildit.eu\/en\/pood\/tihendusmaterjalid\/hermeetikud-silikoonid-akruulid\/penosil-windowdoor-silikoon-valge-325c-300ml\/","title":{"rendered":"PENOSIL WINDOW&#038;DOOR SILIKOON VALGE 325C 300ML"},"content":{"rendered":"<div class=\"row\"  id=\"row-933219496\">\n<div id=\"col-1515900866\" class=\"col medium-9 small-12 large-9\"  >\n<div class=\"col-inner\"  >\n<h3>PENOSIL Window&#038;Door Silicone 325C valge 300ml<\/h3>\n<p>Mitmeotstarbeline neutraalne silikoon. Tardub \u00f5huniiskuse toimel ja moodustab elastse kummi. Lisatud fungitsiid annab k\u00f5rge hallituse kaitse. <\/p>\n<div class=\"message-box relative\" style=\"padding-top:15px;padding-bottom:15px;\">\n<div class=\"message-box-bg-image bg-fill fill\" ><\/div>\n<div class=\"message-box-bg-overlay bg-fill fill\" ><\/div>\n<div class=\"container relative\">\n<div class=\"inner last-reset\">\n<div class=\"row align-middle align-center\"  id=\"row-1504947547\">\n<div id=\"col-370627752\" class=\"col small-12 large-12\"  >\n<div class=\"col-inner text-left\"  >\n<h4>Omadused<\/h4>\n<div class=\"row\"  id=\"row-1670011374\">\n<div id=\"col-1350384223\" class=\"col medium-6 small-12 large-6\"  >\n<div class=\"col-inner\"  >\n<p><i class=\"fa fa-check fa-2x\"><\/i> <strong> Hallitus-, UV- ja vananemiskindel<\/strong><\/p>\n<p><i class=\"fa fa-check fa-2x\"><\/i> <strong> Kodukeemiale vastupidav<\/strong><\/p>\n<p><i class=\"fa fa-check fa-2x\"><\/i> <strong> Metalle mittes\u00f6\u00f6vitav<\/strong><\/p>\n<\/p>\n<\/div>\n<style>\n#col-1350384223 > .col-inner {\n  margin: 0px 0px 15px 0px;\n}\n<\/style>\n<\/p>\n<\/div>\n<div id=\"col-88286681\" class=\"col medium-6 small-12 large-6\"  >\n<div class=\"col-inner\"  >\n<p><i class=\"fa fa-check fa-2x\"><\/i> <strong> Mittevoolav<\/strong><\/p>\n<p><i class=\"fa fa-check fa-2x\"><\/i> <strong> Lihtne kasutada<\/strong><\/p>\n<\/p>\n<\/div>\n<style>\n#col-88286681 > .col-inner {\n  margin: 0px 0px 15px 0px;\n}\n<\/style>\n<\/p>\n<\/div>\n<\/div>\n<\/div>\n<\/div>\n<\/div>\n<\/div>\n<\/div>\n<\/div>\n<div id=\"gap-561841657\" class=\"gap-element clearfix\" style=\"display:block; height:auto;\">\n<style>\n#gap-561841657 {\n  padding-top: 30px;\n}\n<\/style>\n<\/p>\n<\/div>\n<h3>Kasutamise \u00fcksikasjad<\/h3>\n<p><strong>Kasutusalad:<\/strong><br \/>\n&#8211; Sise- ja v\u00e4lisvuukide t\u00e4itmine, tihendamine ning klaasimine.<br \/>\n&#8211; Akna- ja ukseraamide vaheliste vuukide t\u00e4itmine ja ilmastikukindlus.<br \/>\n&#8211; K\u00f5ik viimistlus-, kanalisatsiooni- ja ventilatsiooni tihendust\u00f6\u00f6d.<br \/>\n&#8211; Suure liikumisv\u00f5imega vuukide tihendamine, nt. fassaadi vuugid.<\/p>\n<p><strong>Nakkuvus:<\/strong><br \/>\n&#8211; Betoon<br \/>\n&#8211; M\u00fc\u00fcritis<br \/>\n&#8211; Puit<br \/>\n&#8211; Telliskivi<br \/>\n&#8211; Alumiinium (lakitud, anodeeritud, v\u00e4rvitud)<br \/>\n&#8211; PVC<br \/>\n&#8211; Klaas<br \/>\n&#8211; Keraamika<br \/>\n&#8211; Enamik plastikuid<\/p>\n<p><strong>Kasutusjuhend:<\/strong> L\u00f5igake \u00e4ra plastpadruni keermestatud ots ja keerake k\u00fclge paigaldusotsik hermeetiku suunamiseks. L\u00f5igake keermestatud ots 45\u00b0 nurga all maha nii, et tekib pealekandmise jaoks sobiv ava. Pange padrun koos aplikaatoriga p\u00fcstolisse ja t\u00e4itke paigaldusotsik hermeetikuga, vajutades korduvalt p\u00fcstoli p\u00e4\u00e4stikut. Kandke hermeetik vuuki, surudes korduvalt ja \u00fchtlaselt p\u00fcstoli p\u00e4\u00e4stikut ja t\u00f5mmates otsikut pidevalt piki vuuki.<\/p>\n<p>P\u00e4rast hermeetiku pealekandmist siluge seda kummist silikoonikaabitsaga. Eemaldage \u00fcleliigne materjal. M\u00f5nikord on soovitatav kasutada pahtlilabidat. Tagage k\u00f5igis vuugitud kohtades piisav ventilatsioon. Tardumise ajal v\u00e4ltige mustuse sattumist pinnale ja veenduge, et vuugi pealispinda ei m\u00f5juta mehaaniline koormus.\n<\/p>\n<p><strong>Kitsendused ja n\u00e4pun\u00e4ited: <\/strong><\/p>\n<p><strong>N\u00e4pun\u00e4ited:<\/strong><br \/>\n&#8211; Tihendatavad pinnad peavad olema puhtad, kuivad ning vabad tolmust, lahtistest osakestest, \u00f5list ja vana tihendusmaterjali j\u00e4\u00e4kidest. Mittepoorsed pinnad tuleks puhastada lahustiga ja puhta, ebemevaba puuvillase lapiga. Lahusti \u00fclej\u00e4\u00e4k tuleb eemaldada puhta lapiga.<br \/>\n&#8211; Vajadusel katke k\u00fclgnevad pinnad maalriteibiga. Laiade vuukide korral kasutage vuugin\u00f6\u00f6ri, et tagada vuugi \u00f5ige paksus ja kuju. Tagage t\u00f6\u00f6alal piisav ventilatsioon.<br \/>\n&#8211; Tardumise ajal veenduge, et tihendatud pinnad p\u00fcsiksid puhtad ega oleks mehhaanilise koormuse all.<br \/>\n&#8211; Tulenevalt ehitusmaterjalide suurest mitmekesisusest soovitame eelnevalt teha sobivustesti.<br \/>\n&#8211; Tardumata toodet saab eemaldada PENOSIL Cleaning Wipes 941 puhastuslappide v\u00f5i lahustiga. Tardunud toodet saab eemaldada mehaaniliselt.<br \/>\n&#8211; Kasutustemperatuur: +5\u202f\u00b0C kuni +40\u202f\u00b0C.<\/p>\n<p><strong>Kitsendused:<\/strong><br \/>\n&#8211; Ei saa kanda bituumenile ega ehitusmaterjalidele, millest v\u00f5ivad v\u00e4lja immitseda \u00f5lisid, plastifikaatoreid v\u00f5i lahusteid (nt looduslik kaut\u0161uk, kloropreen, EPDM jne).<br \/>\n&#8211; Ei nakku pol\u00fcet\u00fcleeni (PE), pol\u00fcprop\u00fcleeni (PP) ega PTFE-ga (Teflon\u00ae).<br \/>\n&#8211; Mitte kasutada temperatuuril alla +5\u00b0C.<br \/>\n&#8211; Ei soovitata looduslike kivipindade tihendamiseks nt. marmor ja graniit<\/p>\n<\/p>\n<\/div>\n<\/div>\n<div id=\"col-637314778\" class=\"col medium-3 small-12 large-3\"  >\n<div class=\"col-inner\"  >\n<div id=\"gap-1485736188\" class=\"gap-element clearfix\" style=\"display:block; height:auto;\">\n<style>\n#gap-1485736188 {\n  padding-top: 30px;\n}\n<\/style>\n<\/p>\n<\/div>\n<div class=\"is-divider divider clearfix\" ><\/div>\n<p><strong>\u00dcksikasjalikuma n\u00f5u saamiseks v\u00f5tke \u00fchendust:<br \/><\/strong>Wolf Group O\u00dc<br \/>Suur-Paala 6<br \/>13619<br \/>Tallinn<br \/>+372 605 9301<\/p>\n<\/p>\n<\/div>\n<\/div>\n<\/div>\n","protected":false},"excerpt":{"rendered":"<p>Mitmeotstarbeline neutraalne silikoon. Tardub \u00f5huniiskuse toimel ja moodustab elastse kummi. Lisatud fungitsiid annab k\u00f5rge hallituse kaitse. <\/p>","protected":false},"featured_media":639394,"comment_status":"open","ping_status":"closed","template":"","meta":{"_acf_changed":false},"product_brand":[],"product_cat":[110,498,22],"product_tag":[],"class_list":{"0":"post-639393","1":"product","2":"type-product","3":"status-publish","4":"has-post-thumbnail","6":"product_cat-hermeetikud-silikoonid-akruulid","7":"product_cat-espak","8":"product_cat-uncategorized","10":"first","11":"instock","12":"sale","13":"shipping-taxable","14":"purchasable","15":"product-type-simple"},"acf":[],"yoast_head":"<!-- This site is optimized with the Yoast SEO Premium plugin v18.7 (Yoast SEO v26.5) - https:\/\/yoast.com\/wordpress\/plugins\/seo\/ -->\n<title>PENOSIL WINDOW&amp;DOOR SILIKOON VALGE 325C 300ML - Ehituslahendused<\/title>\n<meta name=\"description\" content=\"Mitmeotstarbeline neutraalne silikoon. Tardub \u00f5huniiskuse toimel ja moodustab elastse kummi. Lisatud fungitsiid annab k\u00f5rge hallituse kaitse.\" \/>\n<meta name=\"robots\" content=\"index, follow, max-snippet:-1, max-image-preview:large, max-video-preview:-1\" \/>\n<link rel=\"canonical\" href=\"https:\/\/justbuildit.eu\/en\/pood\/tihendusmaterjalid\/hermeetikud-silikoonid-akruulid\/penosil-windowdoor-silikoon-valge-325c-300ml\/\" \/>\n<meta property=\"og:locale\" content=\"en_US\" \/>\n<meta property=\"og:type\" content=\"article\" \/>\n<meta property=\"og:title\" content=\"PENOSIL WINDOW&amp;DOOR SILIKOON VALGE 325C 300ML\" \/>\n<meta property=\"og:description\" content=\"Mitmeotstarbeline neutraalne silikoon. Tardub \u00f5huniiskuse toimel ja moodustab elastse kummi. Lisatud fungitsiid annab k\u00f5rge hallituse kaitse.\" \/>\n<meta property=\"og:url\" content=\"https:\/\/justbuildit.eu\/en\/pood\/tihendusmaterjalid\/hermeetikud-silikoonid-akruulid\/penosil-windowdoor-silikoon-valge-325c-300ml\/\" \/>\n<meta property=\"og:site_name\" content=\"Ehituslahendused\" \/>\n<meta property=\"article:publisher\" content=\"https:\/\/www.facebook.com\/justbuildit.ee\" \/>\n<meta property=\"article:modified_time\" content=\"2026-04-11T09:00:35+00:00\" \/>\n<meta property=\"og:image\" content=\"https:\/\/justbuildit.eu\/wp-content\/uploads\/2026\/03\/325c_Window-26-Door-Silicone_EE_FI_white_1.png.jpg\" \/>\n\t<meta property=\"og:image:width\" content=\"1000\" \/>\n\t<meta property=\"og:image:height\" content=\"1000\" \/>\n\t<meta property=\"og:image:type\" content=\"image\/jpeg\" \/>\n<meta name=\"twitter:card\" content=\"summary_large_image\" \/>\n<script type=\"application\/ld+json\" class=\"yoast-schema-graph\">{\"@context\":\"https:\/\/schema.org\",\"@graph\":[{\"@type\":\"WebPage\",\"@id\":\"https:\/\/justbuildit.eu\/en\/pood\/tihendusmaterjalid\/hermeetikud-silikoonid-akruulid\/penosil-windowdoor-silikoon-valge-325c-300ml\/\",\"url\":\"https:\/\/justbuildit.eu\/en\/pood\/tihendusmaterjalid\/hermeetikud-silikoonid-akruulid\/penosil-windowdoor-silikoon-valge-325c-300ml\/\",\"name\":\"PENOSIL WINDOW&DOOR SILIKOON VALGE 325C 300ML - Ehituslahendused\",\"isPartOf\":{\"@id\":\"https:\/\/justbuildit.eu\/en\/#website\"},\"primaryImageOfPage\":{\"@id\":\"https:\/\/justbuildit.eu\/en\/pood\/tihendusmaterjalid\/hermeetikud-silikoonid-akruulid\/penosil-windowdoor-silikoon-valge-325c-300ml\/#primaryimage\"},\"image\":{\"@id\":\"https:\/\/justbuildit.eu\/en\/pood\/tihendusmaterjalid\/hermeetikud-silikoonid-akruulid\/penosil-windowdoor-silikoon-valge-325c-300ml\/#primaryimage\"},\"thumbnailUrl\":\"https:\/\/justbuildit.eu\/wp-content\/uploads\/2026\/03\/325c_Window-26-Door-Silicone_EE_FI_white_1.png.jpg\",\"datePublished\":\"2026-03-15T05:43:55+00:00\",\"dateModified\":\"2026-04-11T09:00:35+00:00\",\"description\":\"Mitmeotstarbeline neutraalne silikoon. Tardub \u00f5huniiskuse toimel ja moodustab elastse kummi. Lisatud fungitsiid annab k\u00f5rge hallituse kaitse.\",\"breadcrumb\":{\"@id\":\"https:\/\/justbuildit.eu\/en\/pood\/tihendusmaterjalid\/hermeetikud-silikoonid-akruulid\/penosil-windowdoor-silikoon-valge-325c-300ml\/#breadcrumb\"},\"inLanguage\":\"en-US\",\"potentialAction\":[{\"@type\":\"ReadAction\",\"target\":[\"https:\/\/justbuildit.eu\/en\/pood\/tihendusmaterjalid\/hermeetikud-silikoonid-akruulid\/penosil-windowdoor-silikoon-valge-325c-300ml\/\"]}]},{\"@type\":\"ImageObject\",\"inLanguage\":\"en-US\",\"@id\":\"https:\/\/justbuildit.eu\/en\/pood\/tihendusmaterjalid\/hermeetikud-silikoonid-akruulid\/penosil-windowdoor-silikoon-valge-325c-300ml\/#primaryimage\",\"url\":\"https:\/\/justbuildit.eu\/wp-content\/uploads\/2026\/03\/325c_Window-26-Door-Silicone_EE_FI_white_1.png.jpg\",\"contentUrl\":\"https:\/\/justbuildit.eu\/wp-content\/uploads\/2026\/03\/325c_Window-26-Door-Silicone_EE_FI_white_1.png.jpg\",\"width\":1000,\"height\":1000},{\"@type\":\"BreadcrumbList\",\"@id\":\"https:\/\/justbuildit.eu\/en\/pood\/tihendusmaterjalid\/hermeetikud-silikoonid-akruulid\/penosil-windowdoor-silikoon-valge-325c-300ml\/#breadcrumb\",\"itemListElement\":[{\"@type\":\"ListItem\",\"position\":1,\"name\":\"Home\",\"item\":\"https:\/\/justbuildit.eu\/en\/\"},{\"@type\":\"ListItem\",\"position\":2,\"name\":\"Shop\",\"item\":\"https:\/\/justbuildit.eu\/en\/building-materials\/\"},{\"@type\":\"ListItem\",\"position\":3,\"name\":\"PENOSIL WINDOW&#038;DOOR SILIKOON VALGE 325C 300ML\"}]},{\"@type\":\"WebSite\",\"@id\":\"https:\/\/justbuildit.eu\/en\/#website\",\"url\":\"https:\/\/justbuildit.eu\/en\/\",\"name\":\"Ehituslahendused\",\"description\":\"Ehituslahendused ja materjalid\",\"publisher\":{\"@id\":\"https:\/\/justbuildit.eu\/en\/#organization\"},\"potentialAction\":[{\"@type\":\"SearchAction\",\"target\":{\"@type\":\"EntryPoint\",\"urlTemplate\":\"https:\/\/justbuildit.eu\/en\/?s={search_term_string}\"},\"query-input\":{\"@type\":\"PropertyValueSpecification\",\"valueRequired\":true,\"valueName\":\"search_term_string\"}}],\"inLanguage\":\"en-US\"},{\"@type\":\"Organization\",\"@id\":\"https:\/\/justbuildit.eu\/en\/#organization\",\"name\":\"Just Build It O\u00dc\",\"url\":\"https:\/\/justbuildit.eu\/en\/\",\"logo\":{\"@type\":\"ImageObject\",\"inLanguage\":\"en-US\",\"@id\":\"https:\/\/justbuildit.eu\/en\/#\/schema\/logo\/image\/\",\"url\":\"https:\/\/justbuildit.eu\/wp-content\/uploads\/2022\/01\/justbuildit.png\",\"contentUrl\":\"https:\/\/justbuildit.eu\/wp-content\/uploads\/2022\/01\/justbuildit.png\",\"width\":173,\"height\":77,\"caption\":\"Just Build It O\u00dc\"},\"image\":{\"@id\":\"https:\/\/justbuildit.eu\/en\/#\/schema\/logo\/image\/\"},\"sameAs\":[\"https:\/\/www.facebook.com\/justbuildit.ee\"]}]}<\/script>\n<!-- \/ Yoast SEO Premium plugin. -->","yoast_head_json":{"title":"PENOSIL WINDOW&DOOR SILIKOON VALGE 325C 300ML - Ehituslahendused","description":"Mitmeotstarbeline neutraalne silikoon. Tardub \u00f5huniiskuse toimel ja moodustab elastse kummi. Lisatud fungitsiid annab k\u00f5rge hallituse kaitse.","robots":{"index":"index","follow":"follow","max-snippet":"max-snippet:-1","max-image-preview":"max-image-preview:large","max-video-preview":"max-video-preview:-1"},"canonical":"https:\/\/justbuildit.eu\/en\/pood\/tihendusmaterjalid\/hermeetikud-silikoonid-akruulid\/penosil-windowdoor-silikoon-valge-325c-300ml\/","og_locale":"en_US","og_type":"article","og_title":"PENOSIL WINDOW&DOOR SILIKOON VALGE 325C 300ML","og_description":"Mitmeotstarbeline neutraalne silikoon. Tardub \u00f5huniiskuse toimel ja moodustab elastse kummi. Lisatud fungitsiid annab k\u00f5rge hallituse kaitse.","og_url":"https:\/\/justbuildit.eu\/en\/pood\/tihendusmaterjalid\/hermeetikud-silikoonid-akruulid\/penosil-windowdoor-silikoon-valge-325c-300ml\/","og_site_name":"Ehituslahendused","article_publisher":"https:\/\/www.facebook.com\/justbuildit.ee","article_modified_time":"2026-04-11T09:00:35+00:00","og_image":[{"width":1000,"height":1000,"url":"https:\/\/justbuildit.eu\/wp-content\/uploads\/2026\/03\/325c_Window-26-Door-Silicone_EE_FI_white_1.png.jpg","type":"image\/jpeg"}],"twitter_card":"summary_large_image","schema":{"@context":"https:\/\/schema.org","@graph":[{"@type":"WebPage","@id":"https:\/\/justbuildit.eu\/en\/pood\/tihendusmaterjalid\/hermeetikud-silikoonid-akruulid\/penosil-windowdoor-silikoon-valge-325c-300ml\/","url":"https:\/\/justbuildit.eu\/en\/pood\/tihendusmaterjalid\/hermeetikud-silikoonid-akruulid\/penosil-windowdoor-silikoon-valge-325c-300ml\/","name":"PENOSIL WINDOW&DOOR SILIKOON VALGE 325C 300ML - Ehituslahendused","isPartOf":{"@id":"https:\/\/justbuildit.eu\/en\/#website"},"primaryImageOfPage":{"@id":"https:\/\/justbuildit.eu\/en\/pood\/tihendusmaterjalid\/hermeetikud-silikoonid-akruulid\/penosil-windowdoor-silikoon-valge-325c-300ml\/#primaryimage"},"image":{"@id":"https:\/\/justbuildit.eu\/en\/pood\/tihendusmaterjalid\/hermeetikud-silikoonid-akruulid\/penosil-windowdoor-silikoon-valge-325c-300ml\/#primaryimage"},"thumbnailUrl":"https:\/\/justbuildit.eu\/wp-content\/uploads\/2026\/03\/325c_Window-26-Door-Silicone_EE_FI_white_1.png.jpg","datePublished":"2026-03-15T05:43:55+00:00","dateModified":"2026-04-11T09:00:35+00:00","description":"Mitmeotstarbeline neutraalne silikoon. Tardub \u00f5huniiskuse toimel ja moodustab elastse kummi. Lisatud fungitsiid annab k\u00f5rge hallituse kaitse.","breadcrumb":{"@id":"https:\/\/justbuildit.eu\/en\/pood\/tihendusmaterjalid\/hermeetikud-silikoonid-akruulid\/penosil-windowdoor-silikoon-valge-325c-300ml\/#breadcrumb"},"inLanguage":"en-US","potentialAction":[{"@type":"ReadAction","target":["https:\/\/justbuildit.eu\/en\/pood\/tihendusmaterjalid\/hermeetikud-silikoonid-akruulid\/penosil-windowdoor-silikoon-valge-325c-300ml\/"]}]},{"@type":"ImageObject","inLanguage":"en-US","@id":"https:\/\/justbuildit.eu\/en\/pood\/tihendusmaterjalid\/hermeetikud-silikoonid-akruulid\/penosil-windowdoor-silikoon-valge-325c-300ml\/#primaryimage","url":"https:\/\/justbuildit.eu\/wp-content\/uploads\/2026\/03\/325c_Window-26-Door-Silicone_EE_FI_white_1.png.jpg","contentUrl":"https:\/\/justbuildit.eu\/wp-content\/uploads\/2026\/03\/325c_Window-26-Door-Silicone_EE_FI_white_1.png.jpg","width":1000,"height":1000},{"@type":"BreadcrumbList","@id":"https:\/\/justbuildit.eu\/en\/pood\/tihendusmaterjalid\/hermeetikud-silikoonid-akruulid\/penosil-windowdoor-silikoon-valge-325c-300ml\/#breadcrumb","itemListElement":[{"@type":"ListItem","position":1,"name":"Home","item":"https:\/\/justbuildit.eu\/en\/"},{"@type":"ListItem","position":2,"name":"Shop","item":"https:\/\/justbuildit.eu\/en\/building-materials\/"},{"@type":"ListItem","position":3,"name":"PENOSIL WINDOW&#038;DOOR SILIKOON VALGE 325C 300ML"}]},{"@type":"WebSite","@id":"https:\/\/justbuildit.eu\/en\/#website","url":"https:\/\/justbuildit.eu\/en\/","name":"Ehituslahendused","description":"Ehituslahendused ja materjalid","publisher":{"@id":"https:\/\/justbuildit.eu\/en\/#organization"},"potentialAction":[{"@type":"SearchAction","target":{"@type":"EntryPoint","urlTemplate":"https:\/\/justbuildit.eu\/en\/?s={search_term_string}"},"query-input":{"@type":"PropertyValueSpecification","valueRequired":true,"valueName":"search_term_string"}}],"inLanguage":"en-US"},{"@type":"Organization","@id":"https:\/\/justbuildit.eu\/en\/#organization","name":"Just Build It O\u00dc","url":"https:\/\/justbuildit.eu\/en\/","logo":{"@type":"ImageObject","inLanguage":"en-US","@id":"https:\/\/justbuildit.eu\/en\/#\/schema\/logo\/image\/","url":"https:\/\/justbuildit.eu\/wp-content\/uploads\/2022\/01\/justbuildit.png","contentUrl":"https:\/\/justbuildit.eu\/wp-content\/uploads\/2022\/01\/justbuildit.png","width":173,"height":77,"caption":"Just Build It O\u00dc"},"image":{"@id":"https:\/\/justbuildit.eu\/en\/#\/schema\/logo\/image\/"},"sameAs":["https:\/\/www.facebook.com\/justbuildit.ee"]}]}},"_links":{"self":[{"href":"https:\/\/justbuildit.eu\/en\/wp-json\/wp\/v2\/product\/639393","targetHints":{"allow":["GET"]}}],"collection":[{"href":"https:\/\/justbuildit.eu\/en\/wp-json\/wp\/v2\/product"}],"about":[{"href":"https:\/\/justbuildit.eu\/en\/wp-json\/wp\/v2\/types\/product"}],"replies":[{"embeddable":true,"href":"https:\/\/justbuildit.eu\/en\/wp-json\/wp\/v2\/comments?post=639393"}],"wp:featuredmedia":[{"embeddable":true,"href":"https:\/\/justbuildit.eu\/en\/wp-json\/wp\/v2\/media\/639394"}],"wp:attachment":[{"href":"https:\/\/justbuildit.eu\/en\/wp-json\/wp\/v2\/media?parent=639393"}],"wp:term":[{"taxonomy":"product_brand","embeddable":true,"href":"https:\/\/justbuildit.eu\/en\/wp-json\/wp\/v2\/product_brand?post=639393"},{"taxonomy":"product_cat","embeddable":true,"href":"https:\/\/justbuildit.eu\/en\/wp-json\/wp\/v2\/product_cat?post=639393"},{"taxonomy":"product_tag","embeddable":true,"href":"https:\/\/justbuildit.eu\/en\/wp-json\/wp\/v2\/product_tag?post=639393"}],"curies":[{"name":"wp","href":"https:\/\/api.w.org\/{rel}","templated":true}]}}