{"id":639396,"date":"2026-03-15T08:48:14","date_gmt":"2026-03-15T05:48:14","guid":{"rendered":"https:\/\/justbuildit.eu\/?post_type=product&#038;p=639396"},"modified":"2026-04-11T12:00:34","modified_gmt":"2026-04-11T09:00:34","slug":"isolatsioonivaht-penosil-low-monomer-gunfoam-122-700ml","status":"publish","type":"product","link":"https:\/\/justbuildit.eu\/en\/pood\/tihendusmaterjalid\/ehitusvahud\/isolatsioonivaht-penosil-low-monomer-gunfoam-122-700ml\/","title":{"rendered":"ISOLATSIOONIVAHT PENOSIL LOW MONOMER GUNFOAM 122 700ML"},"content":{"rendered":"<div class=\"row\"  id=\"row-424987850\">\n<div id=\"col-916809299\" class=\"col medium-9 small-12 large-9\"  >\n<div class=\"col-inner\"  >\n<h3>PENOSIL Low Monomer Gunfoam 122 mitmeotstarbeline isolatsioonivaht 700ml<\/h3>\n<p>PENOSIL Low Monomer Gunfoam 122 on \u00fchekomponentne pol\u00fcuretaan p\u00fcstolivaht v\u00e4ga madala diisots\u00fcanaadi monomeeri sisaldusega (<0,1%) ja spetsiaalse EasyGun aplikaatoriga kitsaste, s\u00fcgavate ja raskesti ligip\u00e4\u00e4setavate vuukide jaoks. Nakkub h\u00e4sti enamike tavaliste ehitusmaterjalidega nagu puit, betoon, kivi, krohv, metall, PVC ja pol\u00fcst\u00fcreen. <\/p>\n<div class=\"message-box relative\" style=\"padding-top:15px;padding-bottom:15px;\">\n<div class=\"message-box-bg-image bg-fill fill\" ><\/div>\n<div class=\"message-box-bg-overlay bg-fill fill\" ><\/div>\n<div class=\"container relative\">\n<div class=\"inner last-reset\">\n<div class=\"row align-middle align-center\"  id=\"row-61886702\">\n<div id=\"col-1033126385\" class=\"col small-12 large-12\"  >\n<div class=\"col-inner text-left\"  >\n<h4>Omadused<\/h4>\n<div class=\"row\"  id=\"row-972602509\">\n<div id=\"col-1834427352\" class=\"col medium-6 small-12 large-6\"  >\n<div class=\"col-inner\"  >\n<p><i class=\"fa fa-check fa-2x\"><\/i> <strong> V\u00e4ga madal (<0,1%) diisots\u00fcanaadi sisaldus<\/strong><\/p>\n<p><i class=\"fa fa-check fa-2x\"><\/i> <strong> Suurenenud UV-vastupidavus<\/strong><\/p>\n<p><i class=\"fa fa-check fa-2x\"><\/i> <strong> Suurep\u00e4rased \u00f5hutihedus, soojus- ja heliisolatsiooni omadused<\/strong><\/p>\n<\/p>\n<\/div>\n<style>\n#col-1834427352 > .col-inner {\n  margin: 0px 0px 15px 0px;\n}\n<\/style>\n<\/p>\n<\/div>\n<div id=\"col-1964740846\" class=\"col medium-6 small-12 large-6\"  >\n<div class=\"col-inner\"  >\n<p><i class=\"fa fa-check fa-2x\"><\/i> <strong> Spetsiaalne EasyGuni aplikaator<\/strong><\/p>\n<p><i class=\"fa fa-check fa-2x\"><\/i> <strong> Tihe ja elastne tekstuur<\/strong><\/p>\n<\/p>\n<\/div>\n<style>\n#col-1964740846 > .col-inner {\n  margin: 0px 0px 15px 0px;\n}\n<\/style>\n<\/p>\n<\/div>\n<\/div>\n<\/div>\n<\/div>\n<\/div>\n<\/div>\n<\/div>\n<\/div>\n<div id=\"gap-1062161213\" class=\"gap-element clearfix\" style=\"display:block; height:auto;\">\n<style>\n#gap-1062161213 {\n  padding-top: 30px;\n}\n<\/style>\n<\/p>\n<\/div>\n<h3>Kasutamise \u00fcksikasjad<\/h3>\n<p><strong>Kasutusalad:<\/strong><br \/>\n&#8211; Kitsade, survetundlike ja liikuvate vuukide tihendamine.<br \/>\n&#8211; Akende ja uste paigaldamine ja tihendamine.<br \/>\n&#8211; Raskesti ligip\u00e4\u00e4setavate kitsaste ja s\u00fcgavate l\u00e4biviikude, pragude ja t\u00fchimike t\u00e4itmine ja isoleerimine p\u00fcstoli v\u00f5i EasyGun aplikaatoriga.<br \/>\n&#8211; Soojus- ja heliisolatsiooni parandamine.<br \/>\n&#8211; K\u00fclmasildade m\u00f5ju v\u00e4hendamine.<\/p>\n<p><strong>Nakkuvus:<\/strong><br \/>\n&#8211; Puit<br \/>\n&#8211; Betoon<br \/>\n&#8211; Kivi<br \/>\n&#8211; Kips<br \/>\n&#8211; Metall<br \/>\n&#8211; PVC<br \/>\n&#8211; Pol\u00fcst\u00fcreen<\/p>\n<p><strong>Kasutusjuhend:<\/strong> Eemaldada pindadelt tolm, lahtised osakesed ja \u00f5li. Kaitsta \u00fcmbritsevad pinnad paberi, kile v\u00f5i muu sobiliku materjaliga. Vajadusel lisada t\u00e4iendav kaitse ilmastikum\u00f5jude (vihm, tuul jms) eest.<\/p>\n<p>Loksutada ballooni hoogsalt v\u00e4hemalt 20 korda. Eemaldada kork. Hoida ballooni p\u00fcstises asendid ventiil \u00fcleval pool.<\/p>\n<p>Paigaldamine EasyGun aplikaatoriga:  Asetada EasyGun aplikaator ventiilile, vajutada kergelt kuni aplikaator kinnitub. Vahu paigaldamise ajal hoida ballooni tagurpidi ventiil allpool. Vahu hulka<br \/>\nreguleerida aplikaatori p\u00e4\u00e4stikuga.<br \/>\nPaigaldamine vahup\u00fcstoliga: Keerata balloon p\u00fcstoli k\u00fclge hoides \u00fche k\u00e4ega p\u00fcstoli k\u00e4epidemest ja teisega keerates ballooni. Keeramise ajal tuleb j\u00e4lgida, et p\u00fcstoli ette ei j\u00e4\u00e4ks teisi inimesi.<br \/>\nBallooni ei tohi keerata p\u00fcstolile nii, et balloon on ventiiliga allapoole. Vahu paigaldamise ajal hoida ballooni tagurpidi ventiil allpool. Vahu hulka reguleerida p\u00fcstoli p\u00e4\u00e4stiku ja<br \/>\nreguleerkruviga.<\/p>\n<p>T\u00e4ita vuuk umber 65% ulatuses vahuga, lasta vahul paisuda. Suuremate vuukida korral paigaldada vaht mitmes kihis. \u00dcleliigne vaht l\u00f5igata \u00e4ra alles peale l\u00f5plikku tardumist.\n<\/p>\n<p><strong>N\u00e4pun\u00e4ited: <\/strong><br \/>\n\u00d5hutemperatuur kasutamise ajal: +5\u00b0C kuni +30\u00b0C.<br \/>\nKaitske k\u00fclgnevaid pindu paberi, kile v\u00f5i muu sobiva materjaliga.<br \/>\nKuna ehitusmaterjalid on v\u00e4ga erinevad, soovitame eelnevalt l\u00e4bi viia sobivustesti.<br \/>\nMadalatel temperatuuridel t\u00f6\u00f6tades tuleb vahupurk eelnevalt soojendada toatemperatuurini (umbes +20\u00b0C).<br \/>\nT\u00f6\u00f6riistade ja pindade puhastamiseks tardumata vahust kasutage Penosil Foam Cleaner 949.<br \/>\nKasutage Penosil Cleaning Wipes 941, et puhastada k\u00e4ed ja riided tardumata vahust.<br \/>\nPenosil Foam Remover 972 pehmendab kuivanud vahtu ja aitab seda lihtsamalt eemaldada.<\/p>\n<p><strong>Kitsendused: <\/strong><br \/>\nEi nakku pol\u00fcet\u00fcleenist (PE) ega PTFE-st (Teflon\u00ae) ega silikoonpindadele.<br \/>\nMitte kasutada temperatuuril alla +5\u00b0C.<br \/>\nKuigi tardunud vaht on UV- ja otsese p\u00e4ikesevalguse suhtes v\u00e4hem tundlik kui teised PU-vahud, on siiski soovitatav see katta sobiva l\u00e4bipaistmatu materjaliga.<br \/>\n\u00c4rge katke kinni enne, kui vaht on t\u00e4ielikult tardunud.<\/p>\n<p><strong>Ohuinfo: <\/strong><br \/>\nH222 \u2013 Eriti tuleohtlik aerosool.<br \/>\nH229 \u2013 Mahuti on r\u00f5hu all: kuumenemisel v\u00f5ib l\u00f5hkeda.<br \/>\nP101 Arsti poole p\u00f6\u00f6rdudes v\u00f5tta kaasa toote pakend v\u00f5i etikett.<br \/>\nP102 Hoida lastele k\u00e4ttesaamatus kohas.<br \/>\nP210 Hoida eemal soojusallikast, kuumadest pindadest, s\u00e4demetest, leekidest ja muudest s\u00fc\u00fcteallikatest. Mitte suitsetada.<br \/>\nP211 Mitte pihustada leekidesse v\u00f5i muusse s\u00fc\u00fcteallikasse.<br \/>\nP251 Mitte purustada ega p\u00f5letada isegi p\u00e4rast kasutamist.<br \/>\nP271 K\u00e4idelda \u00fcksnes v\u00e4litingimustes v\u00f5i h\u00e4sti ventileeritavas kohas.<br \/>\nP280 Kanda kaitsekindaid\/kaitser\u00f5ivastust\/kaitseprille\/kaitsejalatseid.<br \/>\nP410+P412 Hoida p\u00e4ikesevalguse eest. Mitte hoida temperatuuril \u00fcle 50 \u00b0C\/122 \u00b0F.<br \/>\nP501 Sisu\/mahuti k\u00f5rvaldada vastavalt kohalikele\/piirkondlikele\/riiklikele\/rahvusvahelistele eeskirjadele.<br \/>\nEUH204 Sisaldab isots\u00fcanaate. V\u00f5ib esile kutsuda allergilise reaktsiooni.<\/p>\n<\/p>\n<\/div>\n<\/div>\n<div id=\"col-340448954\" class=\"col medium-3 small-12 large-3\"  >\n<div class=\"col-inner\"  >\n<div id=\"gap-1714325548\" class=\"gap-element clearfix\" style=\"display:block; height:auto;\">\n<style>\n#gap-1714325548 {\n  padding-top: 30px;\n}\n<\/style>\n<\/p>\n<\/div>\n<h3>Tehniline informatsioon<\/h3>\n<p><a href=\"https:\/\/espak.ee\/epood\/wp-content\/uploads\/2025\/01\/122_PENOSIL_Low_Monomer_Gunfoam_122_TDS_est.pdf\"target=\"_blank\" rel=\"noopener noreferrer\"><i class=\"far fa-file-pdf\"><\/i> Tehniline info (PDF)<\/a><\/p>\n<h3>Ohutuskaart<\/h3>\n<p><a href=\"https:\/\/espak.ee\/epood\/wp-content\/uploads\/2025\/01\/122_Penosil_Low_Monomer_Gunfoam_122_SDS_et-EE.pdf\"target=\"_blank\" rel=\"noopener noreferrer\"><i class=\"far fa-file-pdf\"><\/i> Ohutuskaart (PDF)<\/a><\/p>\n<div class=\"is-divider divider clearfix\" ><\/div>\n<p><strong>\u00dcksikasjalikuma n\u00f5u saamiseks v\u00f5tke \u00fchendust:<br \/><\/strong>Wolf Group O\u00dc<br \/>Suur-Paala 6<br \/>13619<br \/>Tallinn<br \/>+372 605 9301<\/p>\n<\/p>\n<\/div>\n<\/div>\n<\/div>\n","protected":false},"excerpt":{"rendered":"<p>PENOSIL Low Monomer Gunfoam 122 on \u00fchekomponentne pol\u00fcuretaan p\u00fcstolivaht v\u00e4ga madala diisots\u00fcanaadi monomeeri sisaldusega (<0,1%) ja spetsiaalse EasyGun aplikaatoriga kitsaste, s\u00fcgavate ja raskesti ligip\u00e4\u00e4setavate vuukide jaoks. Nakkub h\u00e4sti enamike tavaliste ehitusmaterjalidega nagu puit, betoon, kivi, krohv, metall, PVC ja pol\u00fcst\u00fcreen. <\/p>","protected":false},"featured_media":639397,"comment_status":"open","ping_status":"closed","template":"","meta":{"_acf_changed":false},"product_brand":[],"product_cat":[109,498],"product_tag":[],"class_list":{"0":"post-639396","1":"product","2":"type-product","3":"status-publish","4":"has-post-thumbnail","6":"product_cat-ehitusvahud","7":"product_cat-espak","9":"first","10":"instock","11":"sale","12":"shipping-taxable","13":"purchasable","14":"product-type-simple"},"acf":[],"yoast_head":"<!-- This site is optimized with the Yoast SEO Premium plugin v18.7 (Yoast SEO v26.5) - https:\/\/yoast.com\/wordpress\/plugins\/seo\/ -->\n<title>ISOLATSIOONIVAHT PENOSIL LOW MONOMER GUNFOAM 122 700ML - Ehituslahendused<\/title>\n<meta name=\"description\" content=\"PENOSIL Low Monomer Gunfoam 122 on \u00fchekomponentne pol\u00fcuretaan p\u00fcstolivaht v\u00e4ga madala diisots\u00fcanaadi monomeeri sisaldusega\" \/>\n<meta name=\"robots\" content=\"index, follow, max-snippet:-1, max-image-preview:large, max-video-preview:-1\" \/>\n<link rel=\"canonical\" href=\"https:\/\/justbuildit.eu\/en\/pood\/tihendusmaterjalid\/ehitusvahud\/isolatsioonivaht-penosil-low-monomer-gunfoam-122-700ml\/\" \/>\n<meta property=\"og:locale\" content=\"en_US\" \/>\n<meta property=\"og:type\" content=\"article\" \/>\n<meta property=\"og:title\" content=\"ISOLATSIOONIVAHT PENOSIL LOW MONOMER GUNFOAM 122 700ML\" \/>\n<meta property=\"og:description\" content=\"PENOSIL Low Monomer Gunfoam 122 on \u00fchekomponentne pol\u00fcuretaan p\u00fcstolivaht v\u00e4ga madala diisots\u00fcanaadi monomeeri sisaldusega\" \/>\n<meta property=\"og:url\" content=\"https:\/\/justbuildit.eu\/en\/pood\/tihendusmaterjalid\/ehitusvahud\/isolatsioonivaht-penosil-low-monomer-gunfoam-122-700ml\/\" \/>\n<meta property=\"og:site_name\" content=\"Ehituslahendused\" \/>\n<meta property=\"article:publisher\" content=\"https:\/\/www.facebook.com\/justbuildit.ee\" \/>\n<meta property=\"article:modified_time\" content=\"2026-04-11T09:00:34+00:00\" \/>\n<meta property=\"og:image\" content=\"https:\/\/justbuildit.eu\/wp-content\/uploads\/2026\/03\/122_Low_Monomer_Gunfoam_122_EE_FI.png.jpg\" \/>\n\t<meta property=\"og:image:width\" content=\"800\" \/>\n\t<meta property=\"og:image:height\" content=\"800\" \/>\n\t<meta property=\"og:image:type\" content=\"image\/jpeg\" \/>\n<meta name=\"twitter:card\" content=\"summary_large_image\" \/>\n<script type=\"application\/ld+json\" class=\"yoast-schema-graph\">{\"@context\":\"https:\/\/schema.org\",\"@graph\":[{\"@type\":\"WebPage\",\"@id\":\"https:\/\/justbuildit.eu\/en\/pood\/tihendusmaterjalid\/ehitusvahud\/isolatsioonivaht-penosil-low-monomer-gunfoam-122-700ml\/\",\"url\":\"https:\/\/justbuildit.eu\/en\/pood\/tihendusmaterjalid\/ehitusvahud\/isolatsioonivaht-penosil-low-monomer-gunfoam-122-700ml\/\",\"name\":\"ISOLATSIOONIVAHT PENOSIL LOW MONOMER GUNFOAM 122 700ML - Ehituslahendused\",\"isPartOf\":{\"@id\":\"https:\/\/justbuildit.eu\/en\/#website\"},\"primaryImageOfPage\":{\"@id\":\"https:\/\/justbuildit.eu\/en\/pood\/tihendusmaterjalid\/ehitusvahud\/isolatsioonivaht-penosil-low-monomer-gunfoam-122-700ml\/#primaryimage\"},\"image\":{\"@id\":\"https:\/\/justbuildit.eu\/en\/pood\/tihendusmaterjalid\/ehitusvahud\/isolatsioonivaht-penosil-low-monomer-gunfoam-122-700ml\/#primaryimage\"},\"thumbnailUrl\":\"https:\/\/justbuildit.eu\/wp-content\/uploads\/2026\/03\/122_Low_Monomer_Gunfoam_122_EE_FI.png.jpg\",\"datePublished\":\"2026-03-15T05:48:14+00:00\",\"dateModified\":\"2026-04-11T09:00:34+00:00\",\"description\":\"PENOSIL Low Monomer Gunfoam 122 on \u00fchekomponentne pol\u00fcuretaan p\u00fcstolivaht v\u00e4ga madala diisots\u00fcanaadi monomeeri sisaldusega\",\"breadcrumb\":{\"@id\":\"https:\/\/justbuildit.eu\/en\/pood\/tihendusmaterjalid\/ehitusvahud\/isolatsioonivaht-penosil-low-monomer-gunfoam-122-700ml\/#breadcrumb\"},\"inLanguage\":\"en-US\",\"potentialAction\":[{\"@type\":\"ReadAction\",\"target\":[\"https:\/\/justbuildit.eu\/en\/pood\/tihendusmaterjalid\/ehitusvahud\/isolatsioonivaht-penosil-low-monomer-gunfoam-122-700ml\/\"]}]},{\"@type\":\"ImageObject\",\"inLanguage\":\"en-US\",\"@id\":\"https:\/\/justbuildit.eu\/en\/pood\/tihendusmaterjalid\/ehitusvahud\/isolatsioonivaht-penosil-low-monomer-gunfoam-122-700ml\/#primaryimage\",\"url\":\"https:\/\/justbuildit.eu\/wp-content\/uploads\/2026\/03\/122_Low_Monomer_Gunfoam_122_EE_FI.png.jpg\",\"contentUrl\":\"https:\/\/justbuildit.eu\/wp-content\/uploads\/2026\/03\/122_Low_Monomer_Gunfoam_122_EE_FI.png.jpg\",\"width\":800,\"height\":800},{\"@type\":\"BreadcrumbList\",\"@id\":\"https:\/\/justbuildit.eu\/en\/pood\/tihendusmaterjalid\/ehitusvahud\/isolatsioonivaht-penosil-low-monomer-gunfoam-122-700ml\/#breadcrumb\",\"itemListElement\":[{\"@type\":\"ListItem\",\"position\":1,\"name\":\"Home\",\"item\":\"https:\/\/justbuildit.eu\/en\/\"},{\"@type\":\"ListItem\",\"position\":2,\"name\":\"Shop\",\"item\":\"https:\/\/justbuildit.eu\/en\/building-materials\/\"},{\"@type\":\"ListItem\",\"position\":3,\"name\":\"ISOLATSIOONIVAHT PENOSIL LOW MONOMER GUNFOAM 122 700ML\"}]},{\"@type\":\"WebSite\",\"@id\":\"https:\/\/justbuildit.eu\/en\/#website\",\"url\":\"https:\/\/justbuildit.eu\/en\/\",\"name\":\"Ehituslahendused\",\"description\":\"Ehituslahendused ja materjalid\",\"publisher\":{\"@id\":\"https:\/\/justbuildit.eu\/en\/#organization\"},\"potentialAction\":[{\"@type\":\"SearchAction\",\"target\":{\"@type\":\"EntryPoint\",\"urlTemplate\":\"https:\/\/justbuildit.eu\/en\/?s={search_term_string}\"},\"query-input\":{\"@type\":\"PropertyValueSpecification\",\"valueRequired\":true,\"valueName\":\"search_term_string\"}}],\"inLanguage\":\"en-US\"},{\"@type\":\"Organization\",\"@id\":\"https:\/\/justbuildit.eu\/en\/#organization\",\"name\":\"Just Build It O\u00dc\",\"url\":\"https:\/\/justbuildit.eu\/en\/\",\"logo\":{\"@type\":\"ImageObject\",\"inLanguage\":\"en-US\",\"@id\":\"https:\/\/justbuildit.eu\/en\/#\/schema\/logo\/image\/\",\"url\":\"https:\/\/justbuildit.eu\/wp-content\/uploads\/2022\/01\/justbuildit.png\",\"contentUrl\":\"https:\/\/justbuildit.eu\/wp-content\/uploads\/2022\/01\/justbuildit.png\",\"width\":173,\"height\":77,\"caption\":\"Just Build It O\u00dc\"},\"image\":{\"@id\":\"https:\/\/justbuildit.eu\/en\/#\/schema\/logo\/image\/\"},\"sameAs\":[\"https:\/\/www.facebook.com\/justbuildit.ee\"]}]}<\/script>\n<!-- \/ Yoast SEO Premium plugin. -->","yoast_head_json":{"title":"ISOLATSIOONIVAHT PENOSIL LOW MONOMER GUNFOAM 122 700ML - Ehituslahendused","description":"PENOSIL Low Monomer Gunfoam 122 on \u00fchekomponentne pol\u00fcuretaan p\u00fcstolivaht v\u00e4ga madala diisots\u00fcanaadi monomeeri sisaldusega","robots":{"index":"index","follow":"follow","max-snippet":"max-snippet:-1","max-image-preview":"max-image-preview:large","max-video-preview":"max-video-preview:-1"},"canonical":"https:\/\/justbuildit.eu\/en\/pood\/tihendusmaterjalid\/ehitusvahud\/isolatsioonivaht-penosil-low-monomer-gunfoam-122-700ml\/","og_locale":"en_US","og_type":"article","og_title":"ISOLATSIOONIVAHT PENOSIL LOW MONOMER GUNFOAM 122 700ML","og_description":"PENOSIL Low Monomer Gunfoam 122 on \u00fchekomponentne pol\u00fcuretaan p\u00fcstolivaht v\u00e4ga madala diisots\u00fcanaadi monomeeri sisaldusega","og_url":"https:\/\/justbuildit.eu\/en\/pood\/tihendusmaterjalid\/ehitusvahud\/isolatsioonivaht-penosil-low-monomer-gunfoam-122-700ml\/","og_site_name":"Ehituslahendused","article_publisher":"https:\/\/www.facebook.com\/justbuildit.ee","article_modified_time":"2026-04-11T09:00:34+00:00","og_image":[{"width":800,"height":800,"url":"https:\/\/justbuildit.eu\/wp-content\/uploads\/2026\/03\/122_Low_Monomer_Gunfoam_122_EE_FI.png.jpg","type":"image\/jpeg"}],"twitter_card":"summary_large_image","schema":{"@context":"https:\/\/schema.org","@graph":[{"@type":"WebPage","@id":"https:\/\/justbuildit.eu\/en\/pood\/tihendusmaterjalid\/ehitusvahud\/isolatsioonivaht-penosil-low-monomer-gunfoam-122-700ml\/","url":"https:\/\/justbuildit.eu\/en\/pood\/tihendusmaterjalid\/ehitusvahud\/isolatsioonivaht-penosil-low-monomer-gunfoam-122-700ml\/","name":"ISOLATSIOONIVAHT PENOSIL LOW MONOMER GUNFOAM 122 700ML - Ehituslahendused","isPartOf":{"@id":"https:\/\/justbuildit.eu\/en\/#website"},"primaryImageOfPage":{"@id":"https:\/\/justbuildit.eu\/en\/pood\/tihendusmaterjalid\/ehitusvahud\/isolatsioonivaht-penosil-low-monomer-gunfoam-122-700ml\/#primaryimage"},"image":{"@id":"https:\/\/justbuildit.eu\/en\/pood\/tihendusmaterjalid\/ehitusvahud\/isolatsioonivaht-penosil-low-monomer-gunfoam-122-700ml\/#primaryimage"},"thumbnailUrl":"https:\/\/justbuildit.eu\/wp-content\/uploads\/2026\/03\/122_Low_Monomer_Gunfoam_122_EE_FI.png.jpg","datePublished":"2026-03-15T05:48:14+00:00","dateModified":"2026-04-11T09:00:34+00:00","description":"PENOSIL Low Monomer Gunfoam 122 on \u00fchekomponentne pol\u00fcuretaan p\u00fcstolivaht v\u00e4ga madala diisots\u00fcanaadi monomeeri sisaldusega","breadcrumb":{"@id":"https:\/\/justbuildit.eu\/en\/pood\/tihendusmaterjalid\/ehitusvahud\/isolatsioonivaht-penosil-low-monomer-gunfoam-122-700ml\/#breadcrumb"},"inLanguage":"en-US","potentialAction":[{"@type":"ReadAction","target":["https:\/\/justbuildit.eu\/en\/pood\/tihendusmaterjalid\/ehitusvahud\/isolatsioonivaht-penosil-low-monomer-gunfoam-122-700ml\/"]}]},{"@type":"ImageObject","inLanguage":"en-US","@id":"https:\/\/justbuildit.eu\/en\/pood\/tihendusmaterjalid\/ehitusvahud\/isolatsioonivaht-penosil-low-monomer-gunfoam-122-700ml\/#primaryimage","url":"https:\/\/justbuildit.eu\/wp-content\/uploads\/2026\/03\/122_Low_Monomer_Gunfoam_122_EE_FI.png.jpg","contentUrl":"https:\/\/justbuildit.eu\/wp-content\/uploads\/2026\/03\/122_Low_Monomer_Gunfoam_122_EE_FI.png.jpg","width":800,"height":800},{"@type":"BreadcrumbList","@id":"https:\/\/justbuildit.eu\/en\/pood\/tihendusmaterjalid\/ehitusvahud\/isolatsioonivaht-penosil-low-monomer-gunfoam-122-700ml\/#breadcrumb","itemListElement":[{"@type":"ListItem","position":1,"name":"Home","item":"https:\/\/justbuildit.eu\/en\/"},{"@type":"ListItem","position":2,"name":"Shop","item":"https:\/\/justbuildit.eu\/en\/building-materials\/"},{"@type":"ListItem","position":3,"name":"ISOLATSIOONIVAHT PENOSIL LOW MONOMER GUNFOAM 122 700ML"}]},{"@type":"WebSite","@id":"https:\/\/justbuildit.eu\/en\/#website","url":"https:\/\/justbuildit.eu\/en\/","name":"Ehituslahendused","description":"Ehituslahendused ja materjalid","publisher":{"@id":"https:\/\/justbuildit.eu\/en\/#organization"},"potentialAction":[{"@type":"SearchAction","target":{"@type":"EntryPoint","urlTemplate":"https:\/\/justbuildit.eu\/en\/?s={search_term_string}"},"query-input":{"@type":"PropertyValueSpecification","valueRequired":true,"valueName":"search_term_string"}}],"inLanguage":"en-US"},{"@type":"Organization","@id":"https:\/\/justbuildit.eu\/en\/#organization","name":"Just Build It O\u00dc","url":"https:\/\/justbuildit.eu\/en\/","logo":{"@type":"ImageObject","inLanguage":"en-US","@id":"https:\/\/justbuildit.eu\/en\/#\/schema\/logo\/image\/","url":"https:\/\/justbuildit.eu\/wp-content\/uploads\/2022\/01\/justbuildit.png","contentUrl":"https:\/\/justbuildit.eu\/wp-content\/uploads\/2022\/01\/justbuildit.png","width":173,"height":77,"caption":"Just Build It O\u00dc"},"image":{"@id":"https:\/\/justbuildit.eu\/en\/#\/schema\/logo\/image\/"},"sameAs":["https:\/\/www.facebook.com\/justbuildit.ee"]}]}},"_links":{"self":[{"href":"https:\/\/justbuildit.eu\/en\/wp-json\/wp\/v2\/product\/639396","targetHints":{"allow":["GET"]}}],"collection":[{"href":"https:\/\/justbuildit.eu\/en\/wp-json\/wp\/v2\/product"}],"about":[{"href":"https:\/\/justbuildit.eu\/en\/wp-json\/wp\/v2\/types\/product"}],"replies":[{"embeddable":true,"href":"https:\/\/justbuildit.eu\/en\/wp-json\/wp\/v2\/comments?post=639396"}],"wp:featuredmedia":[{"embeddable":true,"href":"https:\/\/justbuildit.eu\/en\/wp-json\/wp\/v2\/media\/639397"}],"wp:attachment":[{"href":"https:\/\/justbuildit.eu\/en\/wp-json\/wp\/v2\/media?parent=639396"}],"wp:term":[{"taxonomy":"product_brand","embeddable":true,"href":"https:\/\/justbuildit.eu\/en\/wp-json\/wp\/v2\/product_brand?post=639396"},{"taxonomy":"product_cat","embeddable":true,"href":"https:\/\/justbuildit.eu\/en\/wp-json\/wp\/v2\/product_cat?post=639396"},{"taxonomy":"product_tag","embeddable":true,"href":"https:\/\/justbuildit.eu\/en\/wp-json\/wp\/v2\/product_tag?post=639396"}],"curies":[{"name":"wp","href":"https:\/\/api.w.org\/{rel}","templated":true}]}}