{"id":639401,"date":"2026-03-15T08:50:00","date_gmt":"2026-03-15T05:50:00","guid":{"rendered":"https:\/\/justbuildit.eu\/?post_type=product&#038;p=639401"},"modified":"2026-04-11T12:00:33","modified_gmt":"2026-04-11T09:00:33","slug":"pu-pustolivaht-penosil-fastfoam-123-870ml","status":"publish","type":"product","link":"https:\/\/justbuildit.eu\/en\/pood\/tihendusmaterjalid\/ehitusvahud\/pu-pustolivaht-penosil-fastfoam-123-870ml\/","title":{"rendered":"PU-P\u00dcSTOLIVAHT PENOSIL FASTFOAM 123 870ML"},"content":{"rendered":"<div class=\"row\"  id=\"row-126142223\">\n<div id=\"col-1043697103\" class=\"col medium-9 small-12 large-9\"  >\n<div class=\"col-inner\"  >\n<h3>PENOSIL FastFoam 123 &#8211; Kiiresti tarduv ehitusvaht 870ml<\/h3>\n<p>PENOSIL FastFoam 123 kiiresti tarduv ja suure v\u00e4ljatulekuga \u00fchekomponentne PU-p\u00fcstolivaht akende ja uste paigaldamiseks suvekuudel.<\/p>\n<div class=\"message-box relative\" style=\"padding-top:15px;padding-bottom:15px;\">\n<div class=\"message-box-bg-image bg-fill fill\" ><\/div>\n<div class=\"message-box-bg-overlay bg-fill fill\" ><\/div>\n<div class=\"container relative\">\n<div class=\"inner last-reset\">\n<div class=\"row align-middle align-center\"  id=\"row-789985626\">\n<div id=\"col-246915759\" class=\"col small-12 large-12\"  >\n<div class=\"col-inner text-left\"  >\n<h4>Omadused<\/h4>\n<div class=\"row\"  id=\"row-1677499804\">\n<div id=\"col-1933643555\" class=\"col medium-6 small-12 large-6\"  >\n<div class=\"col-inner\"  >\n<p><i class=\"fa fa-check fa-2x\"><\/i> <strong> Tugev struktuur<\/strong><\/p>\n<p><i class=\"fa fa-check fa-2x\"><\/i> <strong> T\u00f6\u00f6tab h\u00e4sti k\u00f5rgetel temperatuuridel (kuni +35\u00b0C)<\/strong><\/p>\n<p><i class=\"fa fa-check fa-2x\"><\/i> <strong> Madal tardumissurve<\/strong><\/p>\n<\/p>\n<\/div>\n<style>\n#col-1933643555 > .col-inner {\n  margin: 0px 0px 15px 0px;\n}\n<\/style>\n<\/p>\n<\/div>\n<div id=\"col-2060671267\" class=\"col medium-6 small-12 large-6\"  >\n<div class=\"col-inner\"  >\n<p><i class=\"fa fa-check fa-2x\"><\/i> <strong> Suurep\u00e4rased soojustusomadused<\/strong><\/p>\n<p><i class=\"fa fa-check fa-2x\"><\/i> <strong> L\u00f5ikamiseks valmis 15 minuti m\u00f6\u00f6dumisel<\/strong><\/p>\n<\/p>\n<\/div>\n<style>\n#col-2060671267 > .col-inner {\n  margin: 0px 0px 15px 0px;\n}\n<\/style>\n<\/p>\n<\/div>\n<\/div>\n<\/div>\n<\/div>\n<\/div>\n<\/div>\n<\/div>\n<\/div>\n<div id=\"gap-1351416316\" class=\"gap-element clearfix\" style=\"display:block; height:auto;\">\n<style>\n#gap-1351416316 {\n  padding-top: 30px;\n}\n<\/style>\n<\/p>\n<\/div>\n<h3>Kasutamise \u00fcksikasjad<\/h3>\n<p><strong>Kasutusalad:<\/strong><br \/>\n&#8211; Akna- ja uksevuukide tihendamine suvekuudel<br \/>\n&#8211; Avauste ja pragude t\u00e4itmine ning tihendamine<br \/>\n&#8211; \u00dchendusvuukide tihendamine<br \/>\n&#8211; Soojus- ja heliisolatsiooni parandamine<\/p>\n<p><strong>Nakkuvus:<\/strong><br \/>\n&#8211; Puit<br \/>\n&#8211; Betoon<br \/>\n&#8211; K\u00f5ik metallid<br \/>\n&#8211; PVC<br \/>\n&#8211; Tellised<br \/>\n&#8211; Kipsplaadid<br \/>\n&#8211; EPS (vahtpol\u00fcst\u00fcreen)<br \/>\n&#8211; Katusekivid<\/p>\n<p><strong>Kasutusjuhend:<\/strong> Eemaldage pinnalt tolm ja lahtised osakesed ning puhastage \u00f5liplekid. Parima tulemuse saavutamiseks niisutage kuivad pinnad.<\/p>\n<p>Loksutage ballooni j\u00f5uliselt v\u00e4hemalt 20 korda. Hoidke ballooni p\u00fcstises asendis, nii et ventiil oleks \u00fcles suunatud. Keerake balloon tihedalt p\u00fcstoli k\u00fclge, hoides \u00fche k\u00e4ega p\u00fcstoli p\u00e4\u00e4stikut ja keerates teise k\u00e4ega ballooni. Vahu laskmisel hoidke ballooni tagurpidi. Vahu kogust saab reguleerida p\u00fcstoli p\u00e4\u00e4stiku ja reguleerkruvi abil.<\/p>\n<p>T\u00e4itke vuugid 65% ulatuses. Kui vuugid on suured, laske vahtu mitu kihti ning niisutage neid, et tagada parem tulemus. Liigse vahu saab \u00e4ra l\u00f5igata p\u00e4rast selle t\u00e4ielikku tardumist.<\/p>\n<p>\u00c4rge suunake vahup\u00fcstolit inimeste poole. \u00c4rge keerake ballooni p\u00fcstoli k\u00fclge, kui ventiil on tagurpidi. \u00c4rge keerake p\u00fcstolit ballooni k\u00fclge. \u00c4rge painutage ega p\u00f6\u00f6rake ballooni keeramise ajal.\n<\/p>\n<p><strong>N\u00e4pun\u00e4ited: <\/strong><br \/>\nKaitske k\u00fclgnevaid pindu paberi, kile v\u00f5i muu sobiva materjaliga.<br \/>\nKuna ehitusmaterjale on v\u00e4ga erinevaid, soovitame eelnevalt teha sobivustesti.<br \/>\nMadalatel temperatuuridel t\u00f6\u00f6tamisel tuleb balloon soojendada toatemperatuurini (umbes 20\u00b0C).<br \/>\nTardumisprotsessi ajal kaitske pindu ka ilmastiku eest (vihm, tuul jne).<br \/>\nKasutage Penosil Foam Cleaner 929 t\u00f6\u00f6riistade ja pindade puhastamiseks tardumata vahust.<br \/>\nKasutage Penosil Cleaning Wipes 941 k\u00e4te ja riiete puhastamiseks tardumata vahust.<br \/>\nPenosil Foam Remover 995 pehmendab tardunud vahtu ja aitab seda lihtsamini eemaldada.<\/p>\n<p><strong>Kitsendused: <\/strong><br \/>\nEi nakku pol\u00fcet\u00fcleeni (PE), PTFE (Teflon\u00ae) ega silikoonpindadega.<br \/>\n\u00c4rge kasutage temperatuuril alla +5\u00b0C.<br \/>\nTardunud vaht tuleb katta sobiva materjaliga, et kaitsta UV-kiirguse eest.<br \/>\n\u00c4rge katke vahtu enne, kui see on t\u00e4ielikult tardunud.<\/p>\n<\/p>\n<\/div>\n<\/div>\n<div id=\"col-1349706285\" class=\"col medium-3 small-12 large-3\"  >\n<div class=\"col-inner\"  >\n<div id=\"gap-711569682\" class=\"gap-element clearfix\" style=\"display:block; height:auto;\">\n<style>\n#gap-711569682 {\n  padding-top: 30px;\n}\n<\/style>\n<\/p>\n<\/div>\n<h3>Tehniline informatsioon<\/h3>\n<p><a href=\"https:\/\/espak.ee\/epood\/wp-content\/uploads\/2025\/03\/1235_PENOSIL_FastFoam_123_TDS_est.pdf\"target=\"_blank\" rel=\"noopener noreferrer\"><i class=\"far fa-file-pdf\"><\/i> Tehniline info (PDF)<\/a><\/p>\n<h3>Ohutuskaart<\/h3>\n<p><a href=\"https:\/\/espak.ee\/epood\/wp-content\/uploads\/2025\/03\/1235_Penosil_FastFoam_123_SDS_et-EE.pdf\"target=\"_blank\" rel=\"noopener noreferrer\"><i class=\"far fa-file-pdf\"><\/i> Ohutuskaart (PDF)<\/a><\/p>\n<div class=\"is-divider divider clearfix\" ><\/div>\n<p><strong>\u00dcksikasjalikuma n\u00f5u saamiseks v\u00f5tke \u00fchendust:<br \/><\/strong>Wolf Group O\u00dc<br \/>Suur-Paala 6<br \/>13619<br \/>Tallinn<br \/>+372 605 9301<\/p>\n<\/p>\n<\/div>\n<\/div>\n<\/div>\n","protected":false},"excerpt":{"rendered":"<p>PENOSIL FastFoam 123 kiiresti tarduv ja suure v\u00e4ljatulekuga \u00fchekomponentne PU-p\u00fcstolivaht akende ja uste paigaldamiseks suvekuudel.<\/p>","protected":false},"featured_media":639402,"comment_status":"open","ping_status":"closed","template":"","meta":{"_acf_changed":false},"product_brand":[],"product_cat":[109,498],"product_tag":[],"class_list":{"0":"post-639401","1":"product","2":"type-product","3":"status-publish","4":"has-post-thumbnail","6":"product_cat-ehitusvahud","7":"product_cat-espak","9":"first","10":"instock","11":"sale","12":"shipping-taxable","13":"purchasable","14":"product-type-simple"},"acf":[],"yoast_head":"<!-- This site is optimized with the Yoast SEO Premium plugin v18.7 (Yoast SEO v26.5) - https:\/\/yoast.com\/wordpress\/plugins\/seo\/ -->\n<title>PU-P\u00dcSTOLIVAHT PENOSIL FASTFOAM 123 870ML - Ehituslahendused<\/title>\n<meta name=\"description\" content=\"PENOSIL FastFoam 123 kiiresti tarduv ja suure v\u00e4ljatulekuga \u00fchekomponentne PU-p\u00fcstolivaht akende ja uste paigaldamiseks suvekuudel.\" \/>\n<meta name=\"robots\" content=\"index, follow, max-snippet:-1, max-image-preview:large, max-video-preview:-1\" \/>\n<link rel=\"canonical\" href=\"https:\/\/justbuildit.eu\/en\/pood\/tihendusmaterjalid\/ehitusvahud\/pu-pustolivaht-penosil-fastfoam-123-870ml\/\" \/>\n<meta property=\"og:locale\" content=\"en_US\" \/>\n<meta property=\"og:type\" content=\"article\" \/>\n<meta property=\"og:title\" content=\"PU-P\u00dcSTOLIVAHT PENOSIL FASTFOAM 123 870ML\" \/>\n<meta property=\"og:description\" content=\"PENOSIL FastFoam 123 kiiresti tarduv ja suure v\u00e4ljatulekuga \u00fchekomponentne PU-p\u00fcstolivaht akende ja uste paigaldamiseks suvekuudel.\" \/>\n<meta property=\"og:url\" content=\"https:\/\/justbuildit.eu\/en\/pood\/tihendusmaterjalid\/ehitusvahud\/pu-pustolivaht-penosil-fastfoam-123-870ml\/\" \/>\n<meta property=\"og:site_name\" content=\"Ehituslahendused\" \/>\n<meta property=\"article:publisher\" content=\"https:\/\/www.facebook.com\/justbuildit.ee\" \/>\n<meta property=\"article:modified_time\" content=\"2026-04-11T09:00:33+00:00\" \/>\n<meta property=\"og:image\" content=\"https:\/\/justbuildit.eu\/wp-content\/uploads\/2026\/03\/123_FastFoam_123.png.jpg\" \/>\n\t<meta property=\"og:image:width\" content=\"1000\" \/>\n\t<meta property=\"og:image:height\" content=\"1000\" \/>\n\t<meta property=\"og:image:type\" content=\"image\/jpeg\" \/>\n<meta name=\"twitter:card\" content=\"summary_large_image\" \/>\n<script type=\"application\/ld+json\" class=\"yoast-schema-graph\">{\"@context\":\"https:\/\/schema.org\",\"@graph\":[{\"@type\":\"WebPage\",\"@id\":\"https:\/\/justbuildit.eu\/en\/pood\/tihendusmaterjalid\/ehitusvahud\/pu-pustolivaht-penosil-fastfoam-123-870ml\/\",\"url\":\"https:\/\/justbuildit.eu\/en\/pood\/tihendusmaterjalid\/ehitusvahud\/pu-pustolivaht-penosil-fastfoam-123-870ml\/\",\"name\":\"PU-P\u00dcSTOLIVAHT PENOSIL FASTFOAM 123 870ML - Ehituslahendused\",\"isPartOf\":{\"@id\":\"https:\/\/justbuildit.eu\/en\/#website\"},\"primaryImageOfPage\":{\"@id\":\"https:\/\/justbuildit.eu\/en\/pood\/tihendusmaterjalid\/ehitusvahud\/pu-pustolivaht-penosil-fastfoam-123-870ml\/#primaryimage\"},\"image\":{\"@id\":\"https:\/\/justbuildit.eu\/en\/pood\/tihendusmaterjalid\/ehitusvahud\/pu-pustolivaht-penosil-fastfoam-123-870ml\/#primaryimage\"},\"thumbnailUrl\":\"https:\/\/justbuildit.eu\/wp-content\/uploads\/2026\/03\/123_FastFoam_123.png.jpg\",\"datePublished\":\"2026-03-15T05:50:00+00:00\",\"dateModified\":\"2026-04-11T09:00:33+00:00\",\"description\":\"PENOSIL FastFoam 123 kiiresti tarduv ja suure v\u00e4ljatulekuga \u00fchekomponentne PU-p\u00fcstolivaht akende ja uste paigaldamiseks suvekuudel.\",\"breadcrumb\":{\"@id\":\"https:\/\/justbuildit.eu\/en\/pood\/tihendusmaterjalid\/ehitusvahud\/pu-pustolivaht-penosil-fastfoam-123-870ml\/#breadcrumb\"},\"inLanguage\":\"en-US\",\"potentialAction\":[{\"@type\":\"ReadAction\",\"target\":[\"https:\/\/justbuildit.eu\/en\/pood\/tihendusmaterjalid\/ehitusvahud\/pu-pustolivaht-penosil-fastfoam-123-870ml\/\"]}]},{\"@type\":\"ImageObject\",\"inLanguage\":\"en-US\",\"@id\":\"https:\/\/justbuildit.eu\/en\/pood\/tihendusmaterjalid\/ehitusvahud\/pu-pustolivaht-penosil-fastfoam-123-870ml\/#primaryimage\",\"url\":\"https:\/\/justbuildit.eu\/wp-content\/uploads\/2026\/03\/123_FastFoam_123.png.jpg\",\"contentUrl\":\"https:\/\/justbuildit.eu\/wp-content\/uploads\/2026\/03\/123_FastFoam_123.png.jpg\",\"width\":1000,\"height\":1000},{\"@type\":\"BreadcrumbList\",\"@id\":\"https:\/\/justbuildit.eu\/en\/pood\/tihendusmaterjalid\/ehitusvahud\/pu-pustolivaht-penosil-fastfoam-123-870ml\/#breadcrumb\",\"itemListElement\":[{\"@type\":\"ListItem\",\"position\":1,\"name\":\"Home\",\"item\":\"https:\/\/justbuildit.eu\/en\/\"},{\"@type\":\"ListItem\",\"position\":2,\"name\":\"Shop\",\"item\":\"https:\/\/justbuildit.eu\/en\/building-materials\/\"},{\"@type\":\"ListItem\",\"position\":3,\"name\":\"PU-P\u00dcSTOLIVAHT PENOSIL FASTFOAM 123 870ML\"}]},{\"@type\":\"WebSite\",\"@id\":\"https:\/\/justbuildit.eu\/en\/#website\",\"url\":\"https:\/\/justbuildit.eu\/en\/\",\"name\":\"Ehituslahendused\",\"description\":\"Ehituslahendused ja materjalid\",\"publisher\":{\"@id\":\"https:\/\/justbuildit.eu\/en\/#organization\"},\"potentialAction\":[{\"@type\":\"SearchAction\",\"target\":{\"@type\":\"EntryPoint\",\"urlTemplate\":\"https:\/\/justbuildit.eu\/en\/?s={search_term_string}\"},\"query-input\":{\"@type\":\"PropertyValueSpecification\",\"valueRequired\":true,\"valueName\":\"search_term_string\"}}],\"inLanguage\":\"en-US\"},{\"@type\":\"Organization\",\"@id\":\"https:\/\/justbuildit.eu\/en\/#organization\",\"name\":\"Just Build It O\u00dc\",\"url\":\"https:\/\/justbuildit.eu\/en\/\",\"logo\":{\"@type\":\"ImageObject\",\"inLanguage\":\"en-US\",\"@id\":\"https:\/\/justbuildit.eu\/en\/#\/schema\/logo\/image\/\",\"url\":\"https:\/\/justbuildit.eu\/wp-content\/uploads\/2022\/01\/justbuildit.png\",\"contentUrl\":\"https:\/\/justbuildit.eu\/wp-content\/uploads\/2022\/01\/justbuildit.png\",\"width\":173,\"height\":77,\"caption\":\"Just Build It O\u00dc\"},\"image\":{\"@id\":\"https:\/\/justbuildit.eu\/en\/#\/schema\/logo\/image\/\"},\"sameAs\":[\"https:\/\/www.facebook.com\/justbuildit.ee\"]}]}<\/script>\n<!-- \/ Yoast SEO Premium plugin. -->","yoast_head_json":{"title":"PU-P\u00dcSTOLIVAHT PENOSIL FASTFOAM 123 870ML - Ehituslahendused","description":"PENOSIL FastFoam 123 kiiresti tarduv ja suure v\u00e4ljatulekuga \u00fchekomponentne PU-p\u00fcstolivaht akende ja uste paigaldamiseks suvekuudel.","robots":{"index":"index","follow":"follow","max-snippet":"max-snippet:-1","max-image-preview":"max-image-preview:large","max-video-preview":"max-video-preview:-1"},"canonical":"https:\/\/justbuildit.eu\/en\/pood\/tihendusmaterjalid\/ehitusvahud\/pu-pustolivaht-penosil-fastfoam-123-870ml\/","og_locale":"en_US","og_type":"article","og_title":"PU-P\u00dcSTOLIVAHT PENOSIL FASTFOAM 123 870ML","og_description":"PENOSIL FastFoam 123 kiiresti tarduv ja suure v\u00e4ljatulekuga \u00fchekomponentne PU-p\u00fcstolivaht akende ja uste paigaldamiseks suvekuudel.","og_url":"https:\/\/justbuildit.eu\/en\/pood\/tihendusmaterjalid\/ehitusvahud\/pu-pustolivaht-penosil-fastfoam-123-870ml\/","og_site_name":"Ehituslahendused","article_publisher":"https:\/\/www.facebook.com\/justbuildit.ee","article_modified_time":"2026-04-11T09:00:33+00:00","og_image":[{"width":1000,"height":1000,"url":"https:\/\/justbuildit.eu\/wp-content\/uploads\/2026\/03\/123_FastFoam_123.png.jpg","type":"image\/jpeg"}],"twitter_card":"summary_large_image","schema":{"@context":"https:\/\/schema.org","@graph":[{"@type":"WebPage","@id":"https:\/\/justbuildit.eu\/en\/pood\/tihendusmaterjalid\/ehitusvahud\/pu-pustolivaht-penosil-fastfoam-123-870ml\/","url":"https:\/\/justbuildit.eu\/en\/pood\/tihendusmaterjalid\/ehitusvahud\/pu-pustolivaht-penosil-fastfoam-123-870ml\/","name":"PU-P\u00dcSTOLIVAHT PENOSIL FASTFOAM 123 870ML - Ehituslahendused","isPartOf":{"@id":"https:\/\/justbuildit.eu\/en\/#website"},"primaryImageOfPage":{"@id":"https:\/\/justbuildit.eu\/en\/pood\/tihendusmaterjalid\/ehitusvahud\/pu-pustolivaht-penosil-fastfoam-123-870ml\/#primaryimage"},"image":{"@id":"https:\/\/justbuildit.eu\/en\/pood\/tihendusmaterjalid\/ehitusvahud\/pu-pustolivaht-penosil-fastfoam-123-870ml\/#primaryimage"},"thumbnailUrl":"https:\/\/justbuildit.eu\/wp-content\/uploads\/2026\/03\/123_FastFoam_123.png.jpg","datePublished":"2026-03-15T05:50:00+00:00","dateModified":"2026-04-11T09:00:33+00:00","description":"PENOSIL FastFoam 123 kiiresti tarduv ja suure v\u00e4ljatulekuga \u00fchekomponentne PU-p\u00fcstolivaht akende ja uste paigaldamiseks suvekuudel.","breadcrumb":{"@id":"https:\/\/justbuildit.eu\/en\/pood\/tihendusmaterjalid\/ehitusvahud\/pu-pustolivaht-penosil-fastfoam-123-870ml\/#breadcrumb"},"inLanguage":"en-US","potentialAction":[{"@type":"ReadAction","target":["https:\/\/justbuildit.eu\/en\/pood\/tihendusmaterjalid\/ehitusvahud\/pu-pustolivaht-penosil-fastfoam-123-870ml\/"]}]},{"@type":"ImageObject","inLanguage":"en-US","@id":"https:\/\/justbuildit.eu\/en\/pood\/tihendusmaterjalid\/ehitusvahud\/pu-pustolivaht-penosil-fastfoam-123-870ml\/#primaryimage","url":"https:\/\/justbuildit.eu\/wp-content\/uploads\/2026\/03\/123_FastFoam_123.png.jpg","contentUrl":"https:\/\/justbuildit.eu\/wp-content\/uploads\/2026\/03\/123_FastFoam_123.png.jpg","width":1000,"height":1000},{"@type":"BreadcrumbList","@id":"https:\/\/justbuildit.eu\/en\/pood\/tihendusmaterjalid\/ehitusvahud\/pu-pustolivaht-penosil-fastfoam-123-870ml\/#breadcrumb","itemListElement":[{"@type":"ListItem","position":1,"name":"Home","item":"https:\/\/justbuildit.eu\/en\/"},{"@type":"ListItem","position":2,"name":"Shop","item":"https:\/\/justbuildit.eu\/en\/building-materials\/"},{"@type":"ListItem","position":3,"name":"PU-P\u00dcSTOLIVAHT PENOSIL FASTFOAM 123 870ML"}]},{"@type":"WebSite","@id":"https:\/\/justbuildit.eu\/en\/#website","url":"https:\/\/justbuildit.eu\/en\/","name":"Ehituslahendused","description":"Ehituslahendused ja materjalid","publisher":{"@id":"https:\/\/justbuildit.eu\/en\/#organization"},"potentialAction":[{"@type":"SearchAction","target":{"@type":"EntryPoint","urlTemplate":"https:\/\/justbuildit.eu\/en\/?s={search_term_string}"},"query-input":{"@type":"PropertyValueSpecification","valueRequired":true,"valueName":"search_term_string"}}],"inLanguage":"en-US"},{"@type":"Organization","@id":"https:\/\/justbuildit.eu\/en\/#organization","name":"Just Build It O\u00dc","url":"https:\/\/justbuildit.eu\/en\/","logo":{"@type":"ImageObject","inLanguage":"en-US","@id":"https:\/\/justbuildit.eu\/en\/#\/schema\/logo\/image\/","url":"https:\/\/justbuildit.eu\/wp-content\/uploads\/2022\/01\/justbuildit.png","contentUrl":"https:\/\/justbuildit.eu\/wp-content\/uploads\/2022\/01\/justbuildit.png","width":173,"height":77,"caption":"Just Build It O\u00dc"},"image":{"@id":"https:\/\/justbuildit.eu\/en\/#\/schema\/logo\/image\/"},"sameAs":["https:\/\/www.facebook.com\/justbuildit.ee"]}]}},"_links":{"self":[{"href":"https:\/\/justbuildit.eu\/en\/wp-json\/wp\/v2\/product\/639401","targetHints":{"allow":["GET"]}}],"collection":[{"href":"https:\/\/justbuildit.eu\/en\/wp-json\/wp\/v2\/product"}],"about":[{"href":"https:\/\/justbuildit.eu\/en\/wp-json\/wp\/v2\/types\/product"}],"replies":[{"embeddable":true,"href":"https:\/\/justbuildit.eu\/en\/wp-json\/wp\/v2\/comments?post=639401"}],"wp:featuredmedia":[{"embeddable":true,"href":"https:\/\/justbuildit.eu\/en\/wp-json\/wp\/v2\/media\/639402"}],"wp:attachment":[{"href":"https:\/\/justbuildit.eu\/en\/wp-json\/wp\/v2\/media?parent=639401"}],"wp:term":[{"taxonomy":"product_brand","embeddable":true,"href":"https:\/\/justbuildit.eu\/en\/wp-json\/wp\/v2\/product_brand?post=639401"},{"taxonomy":"product_cat","embeddable":true,"href":"https:\/\/justbuildit.eu\/en\/wp-json\/wp\/v2\/product_cat?post=639401"},{"taxonomy":"product_tag","embeddable":true,"href":"https:\/\/justbuildit.eu\/en\/wp-json\/wp\/v2\/product_tag?post=639401"}],"curies":[{"name":"wp","href":"https:\/\/api.w.org\/{rel}","templated":true}]}}