{"id":639411,"date":"2026-03-15T08:54:20","date_gmt":"2026-03-15T05:54:20","guid":{"rendered":"https:\/\/justbuildit.eu\/?post_type=product&#038;p=639411"},"modified":"2026-04-11T12:00:33","modified_gmt":"2026-04-11T09:00:33","slug":"penosil-windowdoor-silikoon-labipaistev-300ml","status":"publish","type":"product","link":"https:\/\/justbuildit.eu\/en\/pood\/tihendusmaterjalid\/hermeetikud-silikoonid-akruulid\/penosil-windowdoor-silikoon-labipaistev-300ml\/","title":{"rendered":"PENOSIL WINDOW&#038;DOOR SILIKOON L\u00c4BIPAISTEV 300ML"},"content":{"rendered":"<div class=\"row\"  id=\"row-1862499254\">\n<div id=\"col-1869372906\" class=\"col medium-9 small-12 large-9\"  >\n<div class=\"col-inner\"  >\n<h3>PENOSIL Window&#038;Door Silicone 325 l\u00e4bipaistev 300ml<\/h3>\n<p>Mitmeotstarbeline neutraalne silikoon. Tardub \u00f5huniiskuse toimel ja moodustab elastse kummi. Lisatud fungitsiid annab k\u00f5rge hallituse kaitse. <\/p>\n<div class=\"message-box relative\" style=\"padding-top:15px;padding-bottom:15px;\">\n<div class=\"message-box-bg-image bg-fill fill\" ><\/div>\n<div class=\"message-box-bg-overlay bg-fill fill\" ><\/div>\n<div class=\"container relative\">\n<div class=\"inner last-reset\">\n<div class=\"row align-middle align-center\"  id=\"row-1052651033\">\n<div id=\"col-1149113767\" class=\"col small-12 large-12\"  >\n<div class=\"col-inner text-left\"  >\n<h4>Omadused<\/h4>\n<div class=\"row\"  id=\"row-831857777\">\n<div id=\"col-1197378410\" class=\"col medium-6 small-12 large-6\"  >\n<div class=\"col-inner\"  >\n<p><i class=\"fa fa-check fa-2x\"><\/i> <strong> Hallitus-, UV- ja vananemiskindel<\/strong><\/p>\n<p><i class=\"fa fa-check fa-2x\"><\/i> <strong> Kodukeemiale vastupidav<\/strong><\/p>\n<p><i class=\"fa fa-check fa-2x\"><\/i> <strong> Metalle mittes\u00f6\u00f6vitav<\/strong><\/p>\n<\/p>\n<\/div>\n<style>\n#col-1197378410 > .col-inner {\n  margin: 0px 0px 15px 0px;\n}\n<\/style>\n<\/p>\n<\/div>\n<div id=\"col-2044789620\" class=\"col medium-6 small-12 large-6\"  >\n<div class=\"col-inner\"  >\n<p><i class=\"fa fa-check fa-2x\"><\/i> <strong> Mittevoolav<\/strong><\/p>\n<p><i class=\"fa fa-check fa-2x\"><\/i> <strong> Lihtne kasutada<\/strong><\/p>\n<\/p>\n<\/div>\n<style>\n#col-2044789620 > .col-inner {\n  margin: 0px 0px 15px 0px;\n}\n<\/style>\n<\/p>\n<\/div>\n<\/div>\n<\/div>\n<\/div>\n<\/div>\n<\/div>\n<\/div>\n<\/div>\n<div id=\"gap-1234094531\" class=\"gap-element clearfix\" style=\"display:block; height:auto;\">\n<style>\n#gap-1234094531 {\n  padding-top: 30px;\n}\n<\/style>\n<\/p>\n<\/div>\n<h3>Kasutamise \u00fcksikasjad<\/h3>\n<p><strong>Kasutusalad:<\/strong><br \/>\n&#8211; K\u00f5ik viimistlus-, sanitaartehnilised- ja ventilatsiooni hermetiseerimist\u00f6\u00f6d.<br \/>\n&#8211; Hermetiseerimine, tihendamine, klaasimine sise- ja v\u00e4listingimustes.<br \/>\n&#8211; Keraamiliste plaatidega kaetud p\u00f5randate ja seinte \u00fchenduskohtade hermetiseerimine, kraanikausside, tualettide, vannide ja segistite ning du\u0161iklaaside hermetiseerimine.<br \/>\n&#8211; Akna- ja ukseraamide vaheliste vuukide tihendamine.<\/p>\n<p><strong>Nakkuvus:<\/strong><br \/>\n&#8211; Klaas<br \/>\n&#8211; Betoon<br \/>\n&#8211; Lakitud, v\u00e4rvitud ja t\u00f6\u00f6deldud pinnad<br \/>\n&#8211; Puit<br \/>\n&#8211; Erinevad metallid<br \/>\n&#8211; PVC<br \/>\n&#8211; Anodeeritud alumiinium<\/p>\n<p><strong>Kasutusjuhend:<\/strong> Pinnad peavad olema kuivad ning puhtad tolmust, lahtistest osakestest ja vanast hermeetikust. Mittepoorsed pinnad peaks olema puhastatud lahustiga ning puhta puuvillast riidega. \u00dcleliigne lahusti tuleks eemaldada puhta lapiga.<\/p>\n<p>Padrun: l\u00f5igake keermestatud ots lahti ja keerake padrunile peale paigaldusotsik hermeetiku suunamiseks. L\u00f5igake paigaldusotsik nii, et tekiks sobiv ava hermeetiku doseerimiseks. Asetage padrun koos ninaga silikoonip\u00fcstolisse ja t\u00e4itke paigaldusotsik hermeetikuga. Kandke hermeetik liitekohta, vajutades korduvalt ja \u00fchtlaselt p\u00fcstoli p\u00e4\u00e4stikule ja vedades otsikut sujuvalt m\u00f6\u00f6da liitekohta. Peale pealekandmist siluge pind sobiva t\u00f6\u00f6riistaga ja eemaldage liigne materjal. Vajadusel tuleks liitekoha k\u00f5rval olevaid pindu kaitsta m\u00e4\u00e4rdumise v\u00e4ltimiseks maalriteibiga. Maalriteip tuleks eemaldada enne, kui hermeetikule tekib nahk. Laiemates liitekohtades tuleks kasutada PE vuugilinti, et tagada hermeetikut\u00e4ite \u00f5ige paksus ja kuju.<\/p>\n<p>Tardumata hermeetiku saab eemaldada lahustiga v\u00f5i lahustuslappidega PENOSIL Cleaning Wipes. Tardunud hermeetiku saab eemaldada mehaaniliselt ja kui on vaja siis silikooni eemaldajaga.\n<\/p>\n<p><strong>Ohutus: <\/strong>Paigaldamise ajal tagage piisav ventilatsioon ja kandke vajalikke isikukaitsevahendeid. T\u00e4psem ohutusinfo on k\u00e4ttesaadav toote ohutuskaardil (SDS).<\/p>\n<\/p>\n<\/div>\n<\/div>\n<div id=\"col-1738805464\" class=\"col medium-3 small-12 large-3\"  >\n<div class=\"col-inner\"  >\n<div id=\"gap-1079011903\" class=\"gap-element clearfix\" style=\"display:block; height:auto;\">\n<style>\n#gap-1079011903 {\n  padding-top: 30px;\n}\n<\/style>\n<\/p>\n<\/div>\n<h3>Tehniline informatsioon<\/h3>\n<p><a href=\"https:\/\/espak.ee\/epood\/wp-content\/uploads\/2024\/11\/3251_PENOSIL_Window__Door_Silicone_325_TDS_est.pdf\"target=\"_blank\" rel=\"noopener noreferrer\"><i class=\"far fa-file-pdf\"><\/i> Tehniline info (PDF)<\/a><\/p>\n<h3>Ohutuskaart<\/h3>\n<p><a href=\"https:\/\/espak.ee\/epood\/wp-content\/uploads\/2024\/11\/WolfGroupOY_Penosil_Window__Door_Silicone_325_transparent_300ml_EE_FI_Transparent_SDS_et-EE.pdf\"target=\"_blank\" rel=\"noopener noreferrer\"><i class=\"far fa-file-pdf\"><\/i> Ohutuskaart (PDF)<\/a><\/p>\n<div class=\"is-divider divider clearfix\" ><\/div>\n<p><strong>\u00dcksikasjalikuma n\u00f5u saamiseks v\u00f5tke \u00fchendust:<br \/><\/strong>Wolf Group O\u00dc<br \/>Suur-Paala 6<br \/>13619<br \/>Tallinn<br \/>+372 605 9301<\/p>\n<\/p>\n<\/div>\n<\/div>\n<\/div>\n","protected":false},"excerpt":{"rendered":"<p>Mitmeotstarbeline neutraalne silikoon. Tardub \u00f5huniiskuse toimel ja moodustab elastse kummi. Lisatud fungitsiid annab k\u00f5rge hallituse kaitse. <\/p>","protected":false},"featured_media":639412,"comment_status":"open","ping_status":"closed","template":"","meta":{"_acf_changed":false},"product_brand":[],"product_cat":[110,498],"product_tag":[],"class_list":{"0":"post-639411","1":"product","2":"type-product","3":"status-publish","4":"has-post-thumbnail","6":"product_cat-hermeetikud-silikoonid-akruulid","7":"product_cat-espak","9":"first","10":"instock","11":"sale","12":"shipping-taxable","13":"purchasable","14":"product-type-simple"},"acf":[],"yoast_head":"<!-- This site is optimized with the Yoast SEO Premium plugin v18.7 (Yoast SEO v26.5) - https:\/\/yoast.com\/wordpress\/plugins\/seo\/ -->\n<title>PENOSIL WINDOW&amp;DOOR SILIKOON L\u00c4BIPAISTEV 300ML - Ehituslahendused<\/title>\n<meta name=\"description\" content=\"Mitmeotstarbeline neutraalne silikoon. Tardub \u00f5huniiskuse toimel ja moodustab elastse kummi. Lisatud fungitsiid annab k\u00f5rge hallituse kaitse.\" \/>\n<meta name=\"robots\" content=\"index, follow, max-snippet:-1, max-image-preview:large, max-video-preview:-1\" \/>\n<link rel=\"canonical\" href=\"https:\/\/justbuildit.eu\/en\/pood\/tihendusmaterjalid\/hermeetikud-silikoonid-akruulid\/penosil-windowdoor-silikoon-labipaistev-300ml\/\" \/>\n<meta property=\"og:locale\" content=\"en_US\" \/>\n<meta property=\"og:type\" content=\"article\" \/>\n<meta property=\"og:title\" content=\"PENOSIL WINDOW&amp;DOOR SILIKOON L\u00c4BIPAISTEV 300ML\" \/>\n<meta property=\"og:description\" content=\"Mitmeotstarbeline neutraalne silikoon. Tardub \u00f5huniiskuse toimel ja moodustab elastse kummi. Lisatud fungitsiid annab k\u00f5rge hallituse kaitse.\" \/>\n<meta property=\"og:url\" content=\"https:\/\/justbuildit.eu\/en\/pood\/tihendusmaterjalid\/hermeetikud-silikoonid-akruulid\/penosil-windowdoor-silikoon-labipaistev-300ml\/\" \/>\n<meta property=\"og:site_name\" content=\"Ehituslahendused\" \/>\n<meta property=\"article:publisher\" content=\"https:\/\/www.facebook.com\/justbuildit.ee\" \/>\n<meta property=\"article:modified_time\" content=\"2026-04-11T09:00:33+00:00\" \/>\n<meta property=\"og:image\" content=\"https:\/\/justbuildit.eu\/wp-content\/uploads\/2026\/03\/325_Window-Door-Silicone_EE_FI_transp-2.jpg\" \/>\n\t<meta property=\"og:image:width\" content=\"1000\" \/>\n\t<meta property=\"og:image:height\" content=\"1000\" \/>\n\t<meta property=\"og:image:type\" content=\"image\/jpeg\" \/>\n<meta name=\"twitter:card\" content=\"summary_large_image\" \/>\n<script type=\"application\/ld+json\" class=\"yoast-schema-graph\">{\"@context\":\"https:\/\/schema.org\",\"@graph\":[{\"@type\":\"WebPage\",\"@id\":\"https:\/\/justbuildit.eu\/en\/pood\/tihendusmaterjalid\/hermeetikud-silikoonid-akruulid\/penosil-windowdoor-silikoon-labipaistev-300ml\/\",\"url\":\"https:\/\/justbuildit.eu\/en\/pood\/tihendusmaterjalid\/hermeetikud-silikoonid-akruulid\/penosil-windowdoor-silikoon-labipaistev-300ml\/\",\"name\":\"PENOSIL WINDOW&DOOR SILIKOON L\u00c4BIPAISTEV 300ML - Ehituslahendused\",\"isPartOf\":{\"@id\":\"https:\/\/justbuildit.eu\/en\/#website\"},\"primaryImageOfPage\":{\"@id\":\"https:\/\/justbuildit.eu\/en\/pood\/tihendusmaterjalid\/hermeetikud-silikoonid-akruulid\/penosil-windowdoor-silikoon-labipaistev-300ml\/#primaryimage\"},\"image\":{\"@id\":\"https:\/\/justbuildit.eu\/en\/pood\/tihendusmaterjalid\/hermeetikud-silikoonid-akruulid\/penosil-windowdoor-silikoon-labipaistev-300ml\/#primaryimage\"},\"thumbnailUrl\":\"https:\/\/justbuildit.eu\/wp-content\/uploads\/2026\/03\/325_Window-Door-Silicone_EE_FI_transp-2.jpg\",\"datePublished\":\"2026-03-15T05:54:20+00:00\",\"dateModified\":\"2026-04-11T09:00:33+00:00\",\"description\":\"Mitmeotstarbeline neutraalne silikoon. Tardub \u00f5huniiskuse toimel ja moodustab elastse kummi. Lisatud fungitsiid annab k\u00f5rge hallituse kaitse.\",\"breadcrumb\":{\"@id\":\"https:\/\/justbuildit.eu\/en\/pood\/tihendusmaterjalid\/hermeetikud-silikoonid-akruulid\/penosil-windowdoor-silikoon-labipaistev-300ml\/#breadcrumb\"},\"inLanguage\":\"en-US\",\"potentialAction\":[{\"@type\":\"ReadAction\",\"target\":[\"https:\/\/justbuildit.eu\/en\/pood\/tihendusmaterjalid\/hermeetikud-silikoonid-akruulid\/penosil-windowdoor-silikoon-labipaistev-300ml\/\"]}]},{\"@type\":\"ImageObject\",\"inLanguage\":\"en-US\",\"@id\":\"https:\/\/justbuildit.eu\/en\/pood\/tihendusmaterjalid\/hermeetikud-silikoonid-akruulid\/penosil-windowdoor-silikoon-labipaistev-300ml\/#primaryimage\",\"url\":\"https:\/\/justbuildit.eu\/wp-content\/uploads\/2026\/03\/325_Window-Door-Silicone_EE_FI_transp-2.jpg\",\"contentUrl\":\"https:\/\/justbuildit.eu\/wp-content\/uploads\/2026\/03\/325_Window-Door-Silicone_EE_FI_transp-2.jpg\",\"width\":1000,\"height\":1000},{\"@type\":\"BreadcrumbList\",\"@id\":\"https:\/\/justbuildit.eu\/en\/pood\/tihendusmaterjalid\/hermeetikud-silikoonid-akruulid\/penosil-windowdoor-silikoon-labipaistev-300ml\/#breadcrumb\",\"itemListElement\":[{\"@type\":\"ListItem\",\"position\":1,\"name\":\"Home\",\"item\":\"https:\/\/justbuildit.eu\/en\/\"},{\"@type\":\"ListItem\",\"position\":2,\"name\":\"Shop\",\"item\":\"https:\/\/justbuildit.eu\/en\/building-materials\/\"},{\"@type\":\"ListItem\",\"position\":3,\"name\":\"PENOSIL WINDOW&#038;DOOR SILIKOON L\u00c4BIPAISTEV 300ML\"}]},{\"@type\":\"WebSite\",\"@id\":\"https:\/\/justbuildit.eu\/en\/#website\",\"url\":\"https:\/\/justbuildit.eu\/en\/\",\"name\":\"Ehituslahendused\",\"description\":\"Ehituslahendused ja materjalid\",\"publisher\":{\"@id\":\"https:\/\/justbuildit.eu\/en\/#organization\"},\"potentialAction\":[{\"@type\":\"SearchAction\",\"target\":{\"@type\":\"EntryPoint\",\"urlTemplate\":\"https:\/\/justbuildit.eu\/en\/?s={search_term_string}\"},\"query-input\":{\"@type\":\"PropertyValueSpecification\",\"valueRequired\":true,\"valueName\":\"search_term_string\"}}],\"inLanguage\":\"en-US\"},{\"@type\":\"Organization\",\"@id\":\"https:\/\/justbuildit.eu\/en\/#organization\",\"name\":\"Just Build It O\u00dc\",\"url\":\"https:\/\/justbuildit.eu\/en\/\",\"logo\":{\"@type\":\"ImageObject\",\"inLanguage\":\"en-US\",\"@id\":\"https:\/\/justbuildit.eu\/en\/#\/schema\/logo\/image\/\",\"url\":\"https:\/\/justbuildit.eu\/wp-content\/uploads\/2022\/01\/justbuildit.png\",\"contentUrl\":\"https:\/\/justbuildit.eu\/wp-content\/uploads\/2022\/01\/justbuildit.png\",\"width\":173,\"height\":77,\"caption\":\"Just Build It O\u00dc\"},\"image\":{\"@id\":\"https:\/\/justbuildit.eu\/en\/#\/schema\/logo\/image\/\"},\"sameAs\":[\"https:\/\/www.facebook.com\/justbuildit.ee\"]}]}<\/script>\n<!-- \/ Yoast SEO Premium plugin. -->","yoast_head_json":{"title":"PENOSIL WINDOW&DOOR SILIKOON L\u00c4BIPAISTEV 300ML - Ehituslahendused","description":"Mitmeotstarbeline neutraalne silikoon. Tardub \u00f5huniiskuse toimel ja moodustab elastse kummi. Lisatud fungitsiid annab k\u00f5rge hallituse kaitse.","robots":{"index":"index","follow":"follow","max-snippet":"max-snippet:-1","max-image-preview":"max-image-preview:large","max-video-preview":"max-video-preview:-1"},"canonical":"https:\/\/justbuildit.eu\/en\/pood\/tihendusmaterjalid\/hermeetikud-silikoonid-akruulid\/penosil-windowdoor-silikoon-labipaistev-300ml\/","og_locale":"en_US","og_type":"article","og_title":"PENOSIL WINDOW&DOOR SILIKOON L\u00c4BIPAISTEV 300ML","og_description":"Mitmeotstarbeline neutraalne silikoon. Tardub \u00f5huniiskuse toimel ja moodustab elastse kummi. Lisatud fungitsiid annab k\u00f5rge hallituse kaitse.","og_url":"https:\/\/justbuildit.eu\/en\/pood\/tihendusmaterjalid\/hermeetikud-silikoonid-akruulid\/penosil-windowdoor-silikoon-labipaistev-300ml\/","og_site_name":"Ehituslahendused","article_publisher":"https:\/\/www.facebook.com\/justbuildit.ee","article_modified_time":"2026-04-11T09:00:33+00:00","og_image":[{"width":1000,"height":1000,"url":"https:\/\/justbuildit.eu\/wp-content\/uploads\/2026\/03\/325_Window-Door-Silicone_EE_FI_transp-2.jpg","type":"image\/jpeg"}],"twitter_card":"summary_large_image","schema":{"@context":"https:\/\/schema.org","@graph":[{"@type":"WebPage","@id":"https:\/\/justbuildit.eu\/en\/pood\/tihendusmaterjalid\/hermeetikud-silikoonid-akruulid\/penosil-windowdoor-silikoon-labipaistev-300ml\/","url":"https:\/\/justbuildit.eu\/en\/pood\/tihendusmaterjalid\/hermeetikud-silikoonid-akruulid\/penosil-windowdoor-silikoon-labipaistev-300ml\/","name":"PENOSIL WINDOW&DOOR SILIKOON L\u00c4BIPAISTEV 300ML - Ehituslahendused","isPartOf":{"@id":"https:\/\/justbuildit.eu\/en\/#website"},"primaryImageOfPage":{"@id":"https:\/\/justbuildit.eu\/en\/pood\/tihendusmaterjalid\/hermeetikud-silikoonid-akruulid\/penosil-windowdoor-silikoon-labipaistev-300ml\/#primaryimage"},"image":{"@id":"https:\/\/justbuildit.eu\/en\/pood\/tihendusmaterjalid\/hermeetikud-silikoonid-akruulid\/penosil-windowdoor-silikoon-labipaistev-300ml\/#primaryimage"},"thumbnailUrl":"https:\/\/justbuildit.eu\/wp-content\/uploads\/2026\/03\/325_Window-Door-Silicone_EE_FI_transp-2.jpg","datePublished":"2026-03-15T05:54:20+00:00","dateModified":"2026-04-11T09:00:33+00:00","description":"Mitmeotstarbeline neutraalne silikoon. Tardub \u00f5huniiskuse toimel ja moodustab elastse kummi. Lisatud fungitsiid annab k\u00f5rge hallituse kaitse.","breadcrumb":{"@id":"https:\/\/justbuildit.eu\/en\/pood\/tihendusmaterjalid\/hermeetikud-silikoonid-akruulid\/penosil-windowdoor-silikoon-labipaistev-300ml\/#breadcrumb"},"inLanguage":"en-US","potentialAction":[{"@type":"ReadAction","target":["https:\/\/justbuildit.eu\/en\/pood\/tihendusmaterjalid\/hermeetikud-silikoonid-akruulid\/penosil-windowdoor-silikoon-labipaistev-300ml\/"]}]},{"@type":"ImageObject","inLanguage":"en-US","@id":"https:\/\/justbuildit.eu\/en\/pood\/tihendusmaterjalid\/hermeetikud-silikoonid-akruulid\/penosil-windowdoor-silikoon-labipaistev-300ml\/#primaryimage","url":"https:\/\/justbuildit.eu\/wp-content\/uploads\/2026\/03\/325_Window-Door-Silicone_EE_FI_transp-2.jpg","contentUrl":"https:\/\/justbuildit.eu\/wp-content\/uploads\/2026\/03\/325_Window-Door-Silicone_EE_FI_transp-2.jpg","width":1000,"height":1000},{"@type":"BreadcrumbList","@id":"https:\/\/justbuildit.eu\/en\/pood\/tihendusmaterjalid\/hermeetikud-silikoonid-akruulid\/penosil-windowdoor-silikoon-labipaistev-300ml\/#breadcrumb","itemListElement":[{"@type":"ListItem","position":1,"name":"Home","item":"https:\/\/justbuildit.eu\/en\/"},{"@type":"ListItem","position":2,"name":"Shop","item":"https:\/\/justbuildit.eu\/en\/building-materials\/"},{"@type":"ListItem","position":3,"name":"PENOSIL WINDOW&#038;DOOR SILIKOON L\u00c4BIPAISTEV 300ML"}]},{"@type":"WebSite","@id":"https:\/\/justbuildit.eu\/en\/#website","url":"https:\/\/justbuildit.eu\/en\/","name":"Ehituslahendused","description":"Ehituslahendused ja materjalid","publisher":{"@id":"https:\/\/justbuildit.eu\/en\/#organization"},"potentialAction":[{"@type":"SearchAction","target":{"@type":"EntryPoint","urlTemplate":"https:\/\/justbuildit.eu\/en\/?s={search_term_string}"},"query-input":{"@type":"PropertyValueSpecification","valueRequired":true,"valueName":"search_term_string"}}],"inLanguage":"en-US"},{"@type":"Organization","@id":"https:\/\/justbuildit.eu\/en\/#organization","name":"Just Build It O\u00dc","url":"https:\/\/justbuildit.eu\/en\/","logo":{"@type":"ImageObject","inLanguage":"en-US","@id":"https:\/\/justbuildit.eu\/en\/#\/schema\/logo\/image\/","url":"https:\/\/justbuildit.eu\/wp-content\/uploads\/2022\/01\/justbuildit.png","contentUrl":"https:\/\/justbuildit.eu\/wp-content\/uploads\/2022\/01\/justbuildit.png","width":173,"height":77,"caption":"Just Build It O\u00dc"},"image":{"@id":"https:\/\/justbuildit.eu\/en\/#\/schema\/logo\/image\/"},"sameAs":["https:\/\/www.facebook.com\/justbuildit.ee"]}]}},"_links":{"self":[{"href":"https:\/\/justbuildit.eu\/en\/wp-json\/wp\/v2\/product\/639411","targetHints":{"allow":["GET"]}}],"collection":[{"href":"https:\/\/justbuildit.eu\/en\/wp-json\/wp\/v2\/product"}],"about":[{"href":"https:\/\/justbuildit.eu\/en\/wp-json\/wp\/v2\/types\/product"}],"replies":[{"embeddable":true,"href":"https:\/\/justbuildit.eu\/en\/wp-json\/wp\/v2\/comments?post=639411"}],"wp:featuredmedia":[{"embeddable":true,"href":"https:\/\/justbuildit.eu\/en\/wp-json\/wp\/v2\/media\/639412"}],"wp:attachment":[{"href":"https:\/\/justbuildit.eu\/en\/wp-json\/wp\/v2\/media?parent=639411"}],"wp:term":[{"taxonomy":"product_brand","embeddable":true,"href":"https:\/\/justbuildit.eu\/en\/wp-json\/wp\/v2\/product_brand?post=639411"},{"taxonomy":"product_cat","embeddable":true,"href":"https:\/\/justbuildit.eu\/en\/wp-json\/wp\/v2\/product_cat?post=639411"},{"taxonomy":"product_tag","embeddable":true,"href":"https:\/\/justbuildit.eu\/en\/wp-json\/wp\/v2\/product_tag?post=639411"}],"curies":[{"name":"wp","href":"https:\/\/api.w.org\/{rel}","templated":true}]}}