{"id":639416,"date":"2026-03-15T08:56:37","date_gmt":"2026-03-15T05:56:37","guid":{"rendered":"https:\/\/justbuildit.eu\/?post_type=product&#038;p=639416"},"modified":"2026-04-11T12:00:32","modified_gmt":"2026-04-11T09:00:32","slug":"liimvaht-penosil-fast-foam-adhesive-888-830ml","status":"publish","type":"product","link":"https:\/\/justbuildit.eu\/en\/pood\/tihendusmaterjalid\/ehitusvahud\/liimvaht-penosil-fast-foam-adhesive-888-830ml\/","title":{"rendered":"LIIMVAHT PENOSIL FAST FOAM ADHESIVE 888 830ML"},"content":{"rendered":"<div class=\"row\"  id=\"row-1261791357\">\n<div id=\"col-1845981969\" class=\"col medium-9 small-12 large-9\"  >\n<div class=\"col-inner\"  >\n<h3>PENOSIL Fast Foam Adhesive 888 mitmeotstarbeline liimvaht 830ml<\/h3>\n<p>Penosil Fast Foam Adhesive 888 on mitmeotstarbeline liimvaht eriti kiire ja tugeva nakkega. Sobib v\u00e4lis- ja siset\u00f6\u00f6deks. Nakkub h\u00e4sti enamlevinud ehitusmaterjalidega nagu puit, betoon, kivi, krohv jne.<\/p>\n<div class=\"message-box relative\" style=\"padding-top:15px;padding-bottom:15px;\">\n<div class=\"message-box-bg-image bg-fill fill\" ><\/div>\n<div class=\"message-box-bg-overlay bg-fill fill\" ><\/div>\n<div class=\"container relative\">\n<div class=\"inner last-reset\">\n<div class=\"row align-middle align-center\"  id=\"row-1679589786\">\n<div id=\"col-680649321\" class=\"col small-12 large-12\"  >\n<div class=\"col-inner text-left\"  >\n<h4>Omadused<\/h4>\n<div class=\"row\"  id=\"row-1830546303\">\n<div id=\"col-1968810420\" class=\"col medium-6 small-12 large-6\"  >\n<div class=\"col-inner\"  >\n<p><i class=\"fa fa-check fa-2x\"><\/i> <strong> S\u00e4\u00e4stab pealekandmise aega<\/strong><\/p>\n<p><i class=\"fa fa-check fa-2x\"><\/i> <strong> Kiire tardumine<\/strong><\/p>\n<p><i class=\"fa fa-check fa-2x\"><\/i> <strong> Lahustivaba<\/strong><\/p>\n<\/p>\n<\/div>\n<style>\n#col-1968810420 > .col-inner {\n  margin: 0px 0px 15px 0px;\n}\n<\/style>\n<\/p>\n<\/div>\n<div id=\"col-815693941\" class=\"col medium-6 small-12 large-6\"  >\n<div class=\"col-inner\"  >\n<p><i class=\"fa fa-check fa-2x\"><\/i> <strong> Madal VOC<\/strong><\/p>\n<p><i class=\"fa fa-check fa-2x\"><\/i> <strong> Suurep\u00e4rane nake paljude materjalidega<\/strong><\/p>\n<\/p>\n<\/div>\n<style>\n#col-815693941 > .col-inner {\n  margin: 0px 0px 15px 0px;\n}\n<\/style>\n<\/p>\n<\/div>\n<\/div>\n<\/div>\n<\/div>\n<\/div>\n<\/div>\n<\/div>\n<\/div>\n<div id=\"gap-473030405\" class=\"gap-element clearfix\" style=\"display:block; height:auto;\">\n<style>\n#gap-473030405 {\n  padding-top: 30px;\n}\n<\/style>\n<\/p>\n<\/div>\n<h3>Kasutamise \u00fcksikasjad<\/h3>\n<p><strong>Kasutusalad:<\/strong><br \/>\n> Isolatsiooniplaatide kinnitamine fassaadile ja vundamendile.<br \/>\n> Siseviimistlusplaatide kinnitamine.<br \/>\n> Aknalaudade kinnitamine.<br \/>\n> Soklite, profiilide, dekoratiiv- ja soojustusplaatide jms paigaldamine.<br \/>\n> Puidust ja kipsist dekoratiivelementide ja -plaatide paigaldamine.<br \/>\n> Ukse- ja p\u00f5randaliistude liimimine.<br \/>\n> Kruvi\u00fchenduste tugevdamine.<\/p>\n<p>Nakkuvus:<br \/>\n> Soojustusisolatsiooni plaadid (XPS, EPS, PIR, PUR)<br \/>\n> K\u00f5va vill<br \/>\n> Betoon<br \/>\n> Bituumen<br \/>\n> Puit<br \/>\n> Kipsplaat<br \/>\n> Erinevad ehituspaneelid<br \/>\n> Tellised<br \/>\n> Plokid<\/p>\n<p><strong>Kasutusjuhend:<\/strong><br \/>\nHoidke liimiballoon p\u00fcstises asendis ja keerake see p\u00fcstolile, hoides \u00fche k\u00e4ega p\u00fcstoli k\u00e4epidemest ja keerates teise k\u00e4ega ballooni. Keeramise ajal \u00e4rge suunake p\u00fcstolit kellegi poole. \u00c4rge keerake ballooni p\u00fcstolile, ventiil allapoole suunatud, ega keerake p\u00fcstolit ballooni peal. P\u00e4rast ballooni \u00fchendamist loksutage seda j\u00f5uliselt v\u00e4hemalt 20 korda ja p\u00f6\u00f6rake t\u00f6\u00f6asendisse.<\/p>\n<p>Vahu hulka reguleerida p\u00fcstoli p\u00e4\u00e4stikuga. Kandke liimvaht \u00fchtlase joana paralleelselt soojustusplaadi servadele (3-4 cm plaadi servast) ja \u00fcks riba plaadi keskele paralleelselt pikema k\u00fcljega (vahekaugused kuni 25 cm). P\u00e4rast liimvahu plaadile kandmist suruge plaat seinale. Paigaldatud vahtpol\u00fcst\u00fcreenplaatide tasasust saab kohandada kuni 2 minuti jooksul. R\u00f5dude, lagede v\u00f5i pikkade s\u00f5restike jaoks kasutage kinnitustarvikuid.<\/p>\n<p>Aluspinna eelniisutamine tagab liimvahu kiirema tardumise ja paremad tulemused.<\/p>\n<p>Soojustus- ja siseviimistlusplaatide kinnitamine:<br \/>\nKandke liimvaht \u00fchtlaste ribadena soojustus- v\u00f5i viimistlusplaadi m\u00f5lemale servale (3-4 cm plaadi servast) ja \u00fcks riba plaadi keskele paralleelselt pika k\u00fcljega (vahekaugused kuni 25 cm). P\u00e4rast liimvahu soojustusplaadile kandmist oodake ligikaudu 2-3 minutit ja seej\u00e4rel suruge plaat seinale. Paigaldatud plaatide tasasust saab kohandada 2 minuti jooksul.<br \/>\nLiimvaht on iga soojustusplaadi kinnitamiseks piisavalt tugev. Kui soojustusplaat on kaetud fassaadikattega, tuleb mehaanilise lisakinnituse vajadus otsustada ehitusprojekti, ehituseeskirjade, standardite ja muude asjakohaste juhendmaterjalide alusel. Kinnitite (t\u00fc\u00fcblid, kruvid) kasutamine on alati soovitatav. \u00dcldiselt ei ole soovitatav kasutada liimvahtu bituumenpindadel. M\u00f5nel juhul on piisav nakkumine siiski tagatud, n\u00e4iteks soojustusplaatide kinnitamisel bituumeniga t\u00f6\u00f6deldud soklitele enne pinnasega taast\u00e4itmist. Katsetage alati enne l\u00f5plikku paigaldamist.<\/p>\n<p>Aknalaudade kinnitamine:<br \/>\nEnne aknalaua kinnitamist tagage, et alus oleks loodis. Paigaldage aknalaud tugiklotsidele. Vahtu tuleks kasutada \u00fcksnes liimina. Kandke liimvaht aluspinnale 3-4 cm kaugusele servast. Asetage paigaldatud aknalauale raskus, kuni liimvaht on tardunud.<\/p>\n<p><strong>N\u00e4pun\u00e4ited:<\/strong><br \/>\n\u00d5hutemperatuur kasutamise ajal: +5\u00b0C kuni +30\u00b0C.<br \/>\nIsolatsiooniplaatide kattematerjalidega katmisel j\u00e4rgige alati ehitusprojekti, ehituseeskirju, standardeid v\u00f5i muid asjakohaseid juhiseid t\u00e4iendava mehaanilise kinnituse kohta.<br \/>\nAlati on soovitatav kasutada isolatsiooni tugiankruid.<br \/>\nKonsulteerige m\u00fc\u00fcja, edasim\u00fc\u00fcja v\u00f5i arhitektiga erinevate kivip\u00f5histe materjalidega \u00fchilduvuse ja muude tehniliste k\u00fcsimuste osas.<br \/>\nKuna ehitusmaterjalid on v\u00e4ga erinevad, soovitame eelnevalt l\u00e4bi viia sobivustesti.<br \/>\nMadalatel temperatuuridel t\u00f6\u00f6tades tuleb balloon eelnevalt soojendada toatemperatuurini (umbes +20\u00b0C).<br \/>\nT\u00f6\u00f6riistade ja pindade puhastamiseks tardumata vahust kasutage Penosil Foam Cleaner 949.<br \/>\nKasutage Penosil Cleaning Wipes 941, et puhastada k\u00e4ed ja riided tardumata vahust.<br \/>\nPenosil Foam Remover 972 pehmendab kuivanud vahtu ja aitab seda lihtsamalt eemaldada.<\/p>\n<p><strong>Kitsendused:<\/strong><br \/>\nEi nakku pol\u00fcet\u00fcleen- (PE), PTFE (Teflon\u00ae) ega silikoonpindadega.<br \/>\nMitte kasutada temperatuuril alla +5\u00b0C.<br \/>\nTardunud vaht tuleb UV-kiirte eest kaitsmiseks katta sobiva materjaliga.<br \/>\nAknalaudadel peab olema t\u00e4iendav konstruktsiooniline tugi, liimvahtu saab kasutada ainult liimina.<\/p>\n<\/p>\n<\/div>\n<\/div>\n<div id=\"col-2025418744\" class=\"col medium-3 small-12 large-3\"  >\n<div class=\"col-inner\"  >\n<h3>Tehniline informatsioon<\/h3>\n<p><a href=\"https:\/\/espak.ee\/epood\/wp-content\/uploads\/2024\/06\/888_PENOSIL_Fast_Foam_Adhesive_888_TDS_est.pdf\"target=\"_blank\" rel=\"noopener noreferrer\"><i class=\"far fa-file-pdf\"><\/i> Tehniline info (PDF)<\/a><\/p>\n<h3>Ohutuskaart<\/h3>\n<p><a href=\"https:\/\/espak.ee\/epood\/wp-content\/uploads\/2024\/06\/888_Penosil_Fast_Foam_Adhesive_888_SDS_et-EE.pdf\"target=\"_blank\" rel=\"noopener noreferrer\"><i class=\"far fa-file-pdf\"><\/i> Ohutuskaart (PDF)<\/a><\/p>\n<div class=\"is-divider divider clearfix\" ><\/div>\n<p><strong>\u00dcksikasjalikuma n\u00f5u saamiseks v\u00f5tke \u00fchendust:<br \/><\/strong>Wolf Group O\u00dc<br \/>Suur-Paala 6<br \/>13619<br \/>Tallinn<br \/>+372 605 9301<\/p>\n<\/p>\n<\/div>\n<\/div>\n<\/div>\n","protected":false},"excerpt":{"rendered":"<p>Penosil Fast Foam Adhesive 888 on mitmeotstarbeline liimvaht eriti kiire ja tugeva nakkega. Sobib v\u00e4lis- ja siset\u00f6\u00f6deks. Nakkub h\u00e4sti enamlevinud ehitusmaterjalidega nagu puit, betoon, kivi, krohv jne.<\/p>","protected":false},"featured_media":639417,"comment_status":"open","ping_status":"closed","template":"","meta":{"_acf_changed":false},"product_brand":[],"product_cat":[109,498],"product_tag":[],"class_list":{"0":"post-639416","1":"product","2":"type-product","3":"status-publish","4":"has-post-thumbnail","6":"product_cat-ehitusvahud","7":"product_cat-espak","9":"first","10":"instock","11":"sale","12":"shipping-taxable","13":"purchasable","14":"product-type-simple"},"acf":[],"yoast_head":"<!-- This site is optimized with the Yoast SEO Premium plugin v18.7 (Yoast SEO v26.5) - https:\/\/yoast.com\/wordpress\/plugins\/seo\/ -->\n<title>LIIMVAHT PENOSIL FAST FOAM ADHESIVE 888 830ML - Ehituslahendused<\/title>\n<meta name=\"description\" content=\"Mitmeotstarbeline liimvaht eriti kiire ja tugeva nakkega. Sobib v\u00e4lis- ja siset\u00f6\u00f6deks.\" \/>\n<meta name=\"robots\" content=\"index, follow, max-snippet:-1, max-image-preview:large, max-video-preview:-1\" \/>\n<link rel=\"canonical\" href=\"https:\/\/justbuildit.eu\/en\/pood\/tihendusmaterjalid\/ehitusvahud\/liimvaht-penosil-fast-foam-adhesive-888-830ml\/\" \/>\n<meta property=\"og:locale\" content=\"en_US\" \/>\n<meta property=\"og:type\" content=\"article\" \/>\n<meta property=\"og:title\" content=\"LIIMVAHT PENOSIL FAST FOAM ADHESIVE 888 830ML\" \/>\n<meta property=\"og:description\" content=\"Mitmeotstarbeline liimvaht eriti kiire ja tugeva nakkega. Sobib v\u00e4lis- ja siset\u00f6\u00f6deks.\" \/>\n<meta property=\"og:url\" content=\"https:\/\/justbuildit.eu\/en\/pood\/tihendusmaterjalid\/ehitusvahud\/liimvaht-penosil-fast-foam-adhesive-888-830ml\/\" \/>\n<meta property=\"og:site_name\" content=\"Ehituslahendused\" \/>\n<meta property=\"article:publisher\" content=\"https:\/\/www.facebook.com\/justbuildit.ee\" \/>\n<meta property=\"article:modified_time\" content=\"2026-04-11T09:00:32+00:00\" \/>\n<meta property=\"og:image\" content=\"https:\/\/justbuildit.eu\/wp-content\/uploads\/2026\/03\/888_Fast_Foam_Adhesive_EE-FI.png.jpg\" \/>\n\t<meta property=\"og:image:width\" content=\"1000\" \/>\n\t<meta property=\"og:image:height\" content=\"1000\" \/>\n\t<meta property=\"og:image:type\" content=\"image\/jpeg\" \/>\n<meta name=\"twitter:card\" content=\"summary_large_image\" \/>\n<script type=\"application\/ld+json\" class=\"yoast-schema-graph\">{\"@context\":\"https:\/\/schema.org\",\"@graph\":[{\"@type\":\"WebPage\",\"@id\":\"https:\/\/justbuildit.eu\/en\/pood\/tihendusmaterjalid\/ehitusvahud\/liimvaht-penosil-fast-foam-adhesive-888-830ml\/\",\"url\":\"https:\/\/justbuildit.eu\/en\/pood\/tihendusmaterjalid\/ehitusvahud\/liimvaht-penosil-fast-foam-adhesive-888-830ml\/\",\"name\":\"LIIMVAHT PENOSIL FAST FOAM ADHESIVE 888 830ML - Ehituslahendused\",\"isPartOf\":{\"@id\":\"https:\/\/justbuildit.eu\/en\/#website\"},\"primaryImageOfPage\":{\"@id\":\"https:\/\/justbuildit.eu\/en\/pood\/tihendusmaterjalid\/ehitusvahud\/liimvaht-penosil-fast-foam-adhesive-888-830ml\/#primaryimage\"},\"image\":{\"@id\":\"https:\/\/justbuildit.eu\/en\/pood\/tihendusmaterjalid\/ehitusvahud\/liimvaht-penosil-fast-foam-adhesive-888-830ml\/#primaryimage\"},\"thumbnailUrl\":\"https:\/\/justbuildit.eu\/wp-content\/uploads\/2026\/03\/888_Fast_Foam_Adhesive_EE-FI.png.jpg\",\"datePublished\":\"2026-03-15T05:56:37+00:00\",\"dateModified\":\"2026-04-11T09:00:32+00:00\",\"description\":\"Mitmeotstarbeline liimvaht eriti kiire ja tugeva nakkega. Sobib v\u00e4lis- ja siset\u00f6\u00f6deks.\",\"breadcrumb\":{\"@id\":\"https:\/\/justbuildit.eu\/en\/pood\/tihendusmaterjalid\/ehitusvahud\/liimvaht-penosil-fast-foam-adhesive-888-830ml\/#breadcrumb\"},\"inLanguage\":\"en-US\",\"potentialAction\":[{\"@type\":\"ReadAction\",\"target\":[\"https:\/\/justbuildit.eu\/en\/pood\/tihendusmaterjalid\/ehitusvahud\/liimvaht-penosil-fast-foam-adhesive-888-830ml\/\"]}]},{\"@type\":\"ImageObject\",\"inLanguage\":\"en-US\",\"@id\":\"https:\/\/justbuildit.eu\/en\/pood\/tihendusmaterjalid\/ehitusvahud\/liimvaht-penosil-fast-foam-adhesive-888-830ml\/#primaryimage\",\"url\":\"https:\/\/justbuildit.eu\/wp-content\/uploads\/2026\/03\/888_Fast_Foam_Adhesive_EE-FI.png.jpg\",\"contentUrl\":\"https:\/\/justbuildit.eu\/wp-content\/uploads\/2026\/03\/888_Fast_Foam_Adhesive_EE-FI.png.jpg\",\"width\":1000,\"height\":1000},{\"@type\":\"BreadcrumbList\",\"@id\":\"https:\/\/justbuildit.eu\/en\/pood\/tihendusmaterjalid\/ehitusvahud\/liimvaht-penosil-fast-foam-adhesive-888-830ml\/#breadcrumb\",\"itemListElement\":[{\"@type\":\"ListItem\",\"position\":1,\"name\":\"Home\",\"item\":\"https:\/\/justbuildit.eu\/en\/\"},{\"@type\":\"ListItem\",\"position\":2,\"name\":\"Shop\",\"item\":\"https:\/\/justbuildit.eu\/en\/building-materials\/\"},{\"@type\":\"ListItem\",\"position\":3,\"name\":\"LIIMVAHT PENOSIL FAST FOAM ADHESIVE 888 830ML\"}]},{\"@type\":\"WebSite\",\"@id\":\"https:\/\/justbuildit.eu\/en\/#website\",\"url\":\"https:\/\/justbuildit.eu\/en\/\",\"name\":\"Ehituslahendused\",\"description\":\"Ehituslahendused ja materjalid\",\"publisher\":{\"@id\":\"https:\/\/justbuildit.eu\/en\/#organization\"},\"potentialAction\":[{\"@type\":\"SearchAction\",\"target\":{\"@type\":\"EntryPoint\",\"urlTemplate\":\"https:\/\/justbuildit.eu\/en\/?s={search_term_string}\"},\"query-input\":{\"@type\":\"PropertyValueSpecification\",\"valueRequired\":true,\"valueName\":\"search_term_string\"}}],\"inLanguage\":\"en-US\"},{\"@type\":\"Organization\",\"@id\":\"https:\/\/justbuildit.eu\/en\/#organization\",\"name\":\"Just Build It O\u00dc\",\"url\":\"https:\/\/justbuildit.eu\/en\/\",\"logo\":{\"@type\":\"ImageObject\",\"inLanguage\":\"en-US\",\"@id\":\"https:\/\/justbuildit.eu\/en\/#\/schema\/logo\/image\/\",\"url\":\"https:\/\/justbuildit.eu\/wp-content\/uploads\/2022\/01\/justbuildit.png\",\"contentUrl\":\"https:\/\/justbuildit.eu\/wp-content\/uploads\/2022\/01\/justbuildit.png\",\"width\":173,\"height\":77,\"caption\":\"Just Build It O\u00dc\"},\"image\":{\"@id\":\"https:\/\/justbuildit.eu\/en\/#\/schema\/logo\/image\/\"},\"sameAs\":[\"https:\/\/www.facebook.com\/justbuildit.ee\"]}]}<\/script>\n<!-- \/ Yoast SEO Premium plugin. -->","yoast_head_json":{"title":"LIIMVAHT PENOSIL FAST FOAM ADHESIVE 888 830ML - Ehituslahendused","description":"Mitmeotstarbeline liimvaht eriti kiire ja tugeva nakkega. Sobib v\u00e4lis- ja siset\u00f6\u00f6deks.","robots":{"index":"index","follow":"follow","max-snippet":"max-snippet:-1","max-image-preview":"max-image-preview:large","max-video-preview":"max-video-preview:-1"},"canonical":"https:\/\/justbuildit.eu\/en\/pood\/tihendusmaterjalid\/ehitusvahud\/liimvaht-penosil-fast-foam-adhesive-888-830ml\/","og_locale":"en_US","og_type":"article","og_title":"LIIMVAHT PENOSIL FAST FOAM ADHESIVE 888 830ML","og_description":"Mitmeotstarbeline liimvaht eriti kiire ja tugeva nakkega. Sobib v\u00e4lis- ja siset\u00f6\u00f6deks.","og_url":"https:\/\/justbuildit.eu\/en\/pood\/tihendusmaterjalid\/ehitusvahud\/liimvaht-penosil-fast-foam-adhesive-888-830ml\/","og_site_name":"Ehituslahendused","article_publisher":"https:\/\/www.facebook.com\/justbuildit.ee","article_modified_time":"2026-04-11T09:00:32+00:00","og_image":[{"width":1000,"height":1000,"url":"https:\/\/justbuildit.eu\/wp-content\/uploads\/2026\/03\/888_Fast_Foam_Adhesive_EE-FI.png.jpg","type":"image\/jpeg"}],"twitter_card":"summary_large_image","schema":{"@context":"https:\/\/schema.org","@graph":[{"@type":"WebPage","@id":"https:\/\/justbuildit.eu\/en\/pood\/tihendusmaterjalid\/ehitusvahud\/liimvaht-penosil-fast-foam-adhesive-888-830ml\/","url":"https:\/\/justbuildit.eu\/en\/pood\/tihendusmaterjalid\/ehitusvahud\/liimvaht-penosil-fast-foam-adhesive-888-830ml\/","name":"LIIMVAHT PENOSIL FAST FOAM ADHESIVE 888 830ML - Ehituslahendused","isPartOf":{"@id":"https:\/\/justbuildit.eu\/en\/#website"},"primaryImageOfPage":{"@id":"https:\/\/justbuildit.eu\/en\/pood\/tihendusmaterjalid\/ehitusvahud\/liimvaht-penosil-fast-foam-adhesive-888-830ml\/#primaryimage"},"image":{"@id":"https:\/\/justbuildit.eu\/en\/pood\/tihendusmaterjalid\/ehitusvahud\/liimvaht-penosil-fast-foam-adhesive-888-830ml\/#primaryimage"},"thumbnailUrl":"https:\/\/justbuildit.eu\/wp-content\/uploads\/2026\/03\/888_Fast_Foam_Adhesive_EE-FI.png.jpg","datePublished":"2026-03-15T05:56:37+00:00","dateModified":"2026-04-11T09:00:32+00:00","description":"Mitmeotstarbeline liimvaht eriti kiire ja tugeva nakkega. Sobib v\u00e4lis- ja siset\u00f6\u00f6deks.","breadcrumb":{"@id":"https:\/\/justbuildit.eu\/en\/pood\/tihendusmaterjalid\/ehitusvahud\/liimvaht-penosil-fast-foam-adhesive-888-830ml\/#breadcrumb"},"inLanguage":"en-US","potentialAction":[{"@type":"ReadAction","target":["https:\/\/justbuildit.eu\/en\/pood\/tihendusmaterjalid\/ehitusvahud\/liimvaht-penosil-fast-foam-adhesive-888-830ml\/"]}]},{"@type":"ImageObject","inLanguage":"en-US","@id":"https:\/\/justbuildit.eu\/en\/pood\/tihendusmaterjalid\/ehitusvahud\/liimvaht-penosil-fast-foam-adhesive-888-830ml\/#primaryimage","url":"https:\/\/justbuildit.eu\/wp-content\/uploads\/2026\/03\/888_Fast_Foam_Adhesive_EE-FI.png.jpg","contentUrl":"https:\/\/justbuildit.eu\/wp-content\/uploads\/2026\/03\/888_Fast_Foam_Adhesive_EE-FI.png.jpg","width":1000,"height":1000},{"@type":"BreadcrumbList","@id":"https:\/\/justbuildit.eu\/en\/pood\/tihendusmaterjalid\/ehitusvahud\/liimvaht-penosil-fast-foam-adhesive-888-830ml\/#breadcrumb","itemListElement":[{"@type":"ListItem","position":1,"name":"Home","item":"https:\/\/justbuildit.eu\/en\/"},{"@type":"ListItem","position":2,"name":"Shop","item":"https:\/\/justbuildit.eu\/en\/building-materials\/"},{"@type":"ListItem","position":3,"name":"LIIMVAHT PENOSIL FAST FOAM ADHESIVE 888 830ML"}]},{"@type":"WebSite","@id":"https:\/\/justbuildit.eu\/en\/#website","url":"https:\/\/justbuildit.eu\/en\/","name":"Ehituslahendused","description":"Ehituslahendused ja materjalid","publisher":{"@id":"https:\/\/justbuildit.eu\/en\/#organization"},"potentialAction":[{"@type":"SearchAction","target":{"@type":"EntryPoint","urlTemplate":"https:\/\/justbuildit.eu\/en\/?s={search_term_string}"},"query-input":{"@type":"PropertyValueSpecification","valueRequired":true,"valueName":"search_term_string"}}],"inLanguage":"en-US"},{"@type":"Organization","@id":"https:\/\/justbuildit.eu\/en\/#organization","name":"Just Build It O\u00dc","url":"https:\/\/justbuildit.eu\/en\/","logo":{"@type":"ImageObject","inLanguage":"en-US","@id":"https:\/\/justbuildit.eu\/en\/#\/schema\/logo\/image\/","url":"https:\/\/justbuildit.eu\/wp-content\/uploads\/2022\/01\/justbuildit.png","contentUrl":"https:\/\/justbuildit.eu\/wp-content\/uploads\/2022\/01\/justbuildit.png","width":173,"height":77,"caption":"Just Build It O\u00dc"},"image":{"@id":"https:\/\/justbuildit.eu\/en\/#\/schema\/logo\/image\/"},"sameAs":["https:\/\/www.facebook.com\/justbuildit.ee"]}]}},"_links":{"self":[{"href":"https:\/\/justbuildit.eu\/en\/wp-json\/wp\/v2\/product\/639416","targetHints":{"allow":["GET"]}}],"collection":[{"href":"https:\/\/justbuildit.eu\/en\/wp-json\/wp\/v2\/product"}],"about":[{"href":"https:\/\/justbuildit.eu\/en\/wp-json\/wp\/v2\/types\/product"}],"replies":[{"embeddable":true,"href":"https:\/\/justbuildit.eu\/en\/wp-json\/wp\/v2\/comments?post=639416"}],"wp:featuredmedia":[{"embeddable":true,"href":"https:\/\/justbuildit.eu\/en\/wp-json\/wp\/v2\/media\/639417"}],"wp:attachment":[{"href":"https:\/\/justbuildit.eu\/en\/wp-json\/wp\/v2\/media?parent=639416"}],"wp:term":[{"taxonomy":"product_brand","embeddable":true,"href":"https:\/\/justbuildit.eu\/en\/wp-json\/wp\/v2\/product_brand?post=639416"},{"taxonomy":"product_cat","embeddable":true,"href":"https:\/\/justbuildit.eu\/en\/wp-json\/wp\/v2\/product_cat?post=639416"},{"taxonomy":"product_tag","embeddable":true,"href":"https:\/\/justbuildit.eu\/en\/wp-json\/wp\/v2\/product_tag?post=639416"}],"curies":[{"name":"wp","href":"https:\/\/api.w.org\/{rel}","templated":true}]}}