{"id":639421,"date":"2026-03-15T08:59:18","date_gmt":"2026-03-15T05:59:18","guid":{"rendered":"https:\/\/justbuildit.eu\/?post_type=product&#038;p=639421"},"modified":"2026-04-11T12:00:31","modified_gmt":"2026-04-11T09:00:31","slug":"fassaadihermeetik-penosil-25lm-ral7036-600ml","status":"publish","type":"product","link":"https:\/\/justbuildit.eu\/en\/pood\/tihendusmaterjalid\/hermeetikud-silikoonid-akruulid\/fassaadihermeetik-penosil-25lm-ral7036-600ml\/","title":{"rendered":"FASSAADIHERMEETIK PENOSIL 25LM RAL7036 600ML"},"content":{"rendered":"<div class=\"row\"  id=\"row-1161845553\">\n<div id=\"col-506919885\" class=\"col medium-9 small-12 large-9\"  >\n<div class=\"col-inner\"  >\n<h3>Fassaadihermeetik Penosil Facade Joint Hybrid 25LM 600ml Platinum Grey RAL7036 <\/h3>\n<p>PENOSIL Facade Joint Hybrid 25LM fassaadihermeetik on kvaliteetne h\u00fcbriidpol\u00fcmeeril p\u00f5hinev v\u00e4ikese elastsusmooduliga fassaadihermeetik.<\/p>\n<div class=\"message-box relative\" style=\"padding-top:15px;padding-bottom:15px;\">\n<div class=\"message-box-bg-image bg-fill fill\" ><\/div>\n<div class=\"message-box-bg-overlay bg-fill fill\" ><\/div>\n<div class=\"container relative\">\n<div class=\"inner last-reset\">\n<div class=\"row align-middle align-center\"  id=\"row-2107497630\">\n<div id=\"col-918102860\" class=\"col small-12 large-12\"  >\n<div class=\"col-inner text-left\"  >\n<h4>Omadused<\/h4>\n<div class=\"row\"  id=\"row-828342803\">\n<div id=\"col-1632805053\" class=\"col medium-6 small-12 large-6\"  >\n<div class=\"col-inner\"  >\n<p><i class=\"fa fa-check fa-2x\"><\/i> <strong> Sobib t\u00e4itmiseks ja tihendamiseks nii sise- kui v\u00e4listingimustes<\/strong><\/p>\n<p><i class=\"fa fa-check fa-2x\"><\/i> <strong> Suure liikuvusega (\u00b125%) ja v\u00e4ikese elastsusmooduliga<\/strong><\/p>\n<p><i class=\"fa fa-check fa-2x\"><\/i> <strong> Hea nake paljude poorsete ja mittepoorsete pindadega, isegi niiskete pindadega<\/strong><\/p>\n<p><i class=\"fa fa-check fa-2x\"><\/i> <strong> Laitmatu elastsuse ja aluspinnaga nakkuvuse p\u00fcsivus<\/strong><\/p>\n<\/p>\n<\/div>\n<style>\n#col-1632805053 > .col-inner {\n  margin: 0px 0px 15px 0px;\n}\n<\/style>\n<\/p>\n<\/div>\n<div id=\"col-1328840151\" class=\"col medium-6 small-12 large-6\"  >\n<div class=\"col-inner\"  >\n<p><i class=\"fa fa-check fa-2x\"><\/i> <strong> Ei p\u00f5hjusta metallide korrosiooni<\/strong><\/p>\n<p><i class=\"fa fa-check fa-2x\"><\/i> <strong> Vastupidav UV-kiirgusele, erinevatele ilmastikuoludele ja vananemisele<\/strong><\/p>\n<p><i class=\"fa fa-check fa-2x\"><\/i> <strong> Keskkonnas\u00e4\u00e4stlik, ei sisalda lahusteid, silikoone ega isots\u00fcanaate<\/strong><\/p>\n<p><i class=\"fa fa-check fa-2x\"><\/i> <strong> V\u00e4rvitav vesialuseliste v\u00e4rvidega<\/strong><\/p>\n<\/p>\n<\/div>\n<style>\n#col-1328840151 > .col-inner {\n  margin: 0px 0px 15px 0px;\n}\n<\/style>\n<\/p>\n<\/div>\n<\/div>\n<\/div>\n<\/div>\n<\/div>\n<\/div>\n<\/div>\n<\/div>\n<div id=\"gap-1765507209\" class=\"gap-element clearfix\" style=\"display:block; height:auto;\">\n<style>\n#gap-1765507209 {\n  padding-top: 30px;\n}\n<\/style>\n<\/p>\n<\/div>\n<h3>Kasutamise \u00fcksikasjad<\/h3>\n<p><strong>Kasutusalad:<\/strong><br \/>\n Hoonete deformatsiooni-, \u00fchendus- ja piirdevuukide, nagu betoonielementide, m\u00fc\u00fcritise, akna- ja ukselengide \u00fcmbruse, trepikodade, r\u00f5dude jms vuukide tihendamiseks.<br \/>\nErinevate l\u00e4biviikude (torude, kaablite) tihendamiseks.<br \/>\nVentilatsioonit\u00f6\u00f6d.<br \/>\nNakkuvus: Betoon, tellis, plaat, keraamika, puit, klaas, PVC, metallid.<\/p>\n<p><strong>Kasutusjuhend:<\/strong><br \/>\nAvage p\u00fcstoli v\u00e4ljastusotsik, sisestage pakend p\u00fcstolisse ja eemaldage pakendilt otsikupoolne kinnitusklamber. Asetage v\u00e4ljastusotsik p\u00fcstoli avatud otsale ja keerake korgiga kinni. Kandke hermeetik vuuki, surudes korduvalt ja \u00fchtlaselt p\u00fcstoli p\u00e4\u00e4stikule ning libistades otsikut sujuvalt m\u00f6\u00f6da vuuki. P\u00e4rast silikooni pealekandmist siluge silikooni pind kummist silikoonilabidaga tasaseks ja eemaldage \u00fcleliigne materjal.<\/p>\n<p><strong>N\u00e4pun\u00e4ited:<\/strong><br \/>\n Liimitavad pinnad peavad olema rasva-, \u00f5li-, tolmuvabad ja puhtad lahtistest osakestest.<br \/>\nKaetav pind peab olema kuiv.<br \/>\nTagage k\u00f5ikide vuukide juures piisav tuulutus.<br \/>\nTagage, et tardumise kestel ei satuks pinnale mingit mustust ja vuuk ei j\u00e4\u00e4ks mehaanilise koormuse alla.<br \/>\nMitte kasutada temperatuuril alla +5\u00baC<br \/>\nMaterjalide rohkuse t\u00f5ttu soovitame enne kasutamist katsetada toote \u00fchilduvust ja nakkuvust.<br \/>\nVajaduse korral t\u00f6\u00f6delge pinda nakke parendamiseks krundiga.<br \/>\nPaigaldustemperatuuri vahemik +5\u00b0C kuni +40\u00b0C.<br \/>\nPaigaldatava hermeetiku temperatuur peab olema vahemikus +20\u00b0C kuni +25\u00b0C.<br \/>\nMittepoorseid pindu tuleb puhastada lahusti ja puhta ebemevaba puuvillasest riidest lapiga.<br \/>\nEemaldage lahusti j\u00e4\u00e4gid enne aurumist kuiva puhta lapiga.<\/p>\n<p><strong>Kitsendused:<\/strong><br \/>\nEi sobi bituumenit sisaldavatele pindadele ega ehitusmaterjalidele, mis v\u00f5ivad eraldada \u00f5li, plastifikaatoreid v\u00f5i lahusteid (nt looduslik v\u00f5i s\u00fcnteetiline kumm, kloropreen, EPDM-kumm jne).<br \/>\nPole soovitatav loodusliku kivi, nt marmori v\u00f5i graniidi jaoks.<br \/>\nMitte kasutada akvaariumite ja muude veealuse tarindite vuukide t\u00e4itmiseks.<br \/>\nEi nakku pol\u00fcet\u00fcleeni (PE), pol\u00fcprop\u00fcleeni (PP), PTFE (Teflon\u00ae-i) ega pleksiklaasiga (PMMA).<\/p>\n<p><strong>Ohuinfo:<\/strong><br \/>\nEUH208 Sisaldab Trimetoks\u00fcvin\u00fc\u00fclsilaan. V\u00f5ib esile kutsuda allergilise reaktsiooni.<\/p>\n<\/p>\n<\/div>\n<\/div>\n<div id=\"col-1760259997\" class=\"col medium-3 small-12 large-3\"  >\n<div class=\"col-inner\"  >\n<h3>Ohutusalane teave<\/h3>\n<p><a href=\"https:\/\/espak.ee\/epood\/wp-content\/uploads\/2024\/03\/2500_Penosil_Facade_Joint_Hybrid_25LM_SDS_et-EE.pdf\"target=\"_blank\" rel=\"noopener noreferrer\"><i class=\"far fa-file-pdf\"><\/i> Ohutuskaart (PDF)<\/a><\/p>\n<div class=\"is-divider divider clearfix\" ><\/div>\n<p><strong>\u00dcksikasjalikuma n\u00f5u saamiseks v\u00f5tke \u00fchendust:<br \/><\/strong>Wolf Group O\u00dc<br \/>Suur-Paala 6<br \/>13619<br \/>Tallinn<br \/>+372 605 9301<\/p>\n<\/p>\n<\/div>\n<\/div>\n<\/div>\n","protected":false},"excerpt":{"rendered":"<p>PENOSIL Facade Joint Hybrid 25LM fassaadihermeetik on kvaliteetne h\u00fcbriidpol\u00fcmeeril p\u00f5hinev v\u00e4ikese elastsusmooduliga fassaadihermeetik.<\/p>","protected":false},"featured_media":639422,"comment_status":"open","ping_status":"closed","template":"","meta":{"_acf_changed":false},"product_brand":[],"product_cat":[110,498],"product_tag":[],"class_list":{"0":"post-639421","1":"product","2":"type-product","3":"status-publish","4":"has-post-thumbnail","6":"product_cat-hermeetikud-silikoonid-akruulid","7":"product_cat-espak","9":"first","10":"instock","11":"sale","12":"shipping-taxable","13":"purchasable","14":"product-type-simple"},"acf":[],"yoast_head":"<!-- This site is optimized with the Yoast SEO Premium plugin v18.7 (Yoast SEO v26.5) - https:\/\/yoast.com\/wordpress\/plugins\/seo\/ -->\n<title>FASSAADIHERMEETIK PENOSIL 25LM RAL7036 600ML - Ehituslahendused<\/title>\n<meta name=\"description\" content=\"PENOSIL Facade Joint Hybrid 25LM fassaadihermeetik on kvaliteetne h\u00fcbriidpol\u00fcmeeril p\u00f5hinev v\u00e4ikese elastsusmooduliga fassaadihermeetik.\" \/>\n<meta name=\"robots\" content=\"index, follow, max-snippet:-1, max-image-preview:large, max-video-preview:-1\" \/>\n<link rel=\"canonical\" href=\"https:\/\/justbuildit.eu\/en\/pood\/tihendusmaterjalid\/hermeetikud-silikoonid-akruulid\/fassaadihermeetik-penosil-25lm-ral7036-600ml\/\" \/>\n<meta property=\"og:locale\" content=\"en_US\" \/>\n<meta property=\"og:type\" content=\"article\" \/>\n<meta property=\"og:title\" content=\"FASSAADIHERMEETIK PENOSIL 25LM RAL7036 600ML\" \/>\n<meta property=\"og:description\" content=\"PENOSIL Facade Joint Hybrid 25LM fassaadihermeetik on kvaliteetne h\u00fcbriidpol\u00fcmeeril p\u00f5hinev v\u00e4ikese elastsusmooduliga fassaadihermeetik.\" \/>\n<meta property=\"og:url\" content=\"https:\/\/justbuildit.eu\/en\/pood\/tihendusmaterjalid\/hermeetikud-silikoonid-akruulid\/fassaadihermeetik-penosil-25lm-ral7036-600ml\/\" \/>\n<meta property=\"og:site_name\" content=\"Ehituslahendused\" \/>\n<meta property=\"article:publisher\" content=\"https:\/\/www.facebook.com\/justbuildit.ee\" \/>\n<meta property=\"article:modified_time\" content=\"2026-04-11T09:00:31+00:00\" \/>\n<meta property=\"og:image\" content=\"https:\/\/justbuildit.eu\/wp-content\/uploads\/2026\/03\/25LM_Facade-Joint-Hybrid-25LM.png-2.jpg\" \/>\n\t<meta property=\"og:image:width\" content=\"800\" \/>\n\t<meta property=\"og:image:height\" content=\"800\" \/>\n\t<meta property=\"og:image:type\" content=\"image\/jpeg\" \/>\n<meta name=\"twitter:card\" content=\"summary_large_image\" \/>\n<script type=\"application\/ld+json\" class=\"yoast-schema-graph\">{\"@context\":\"https:\/\/schema.org\",\"@graph\":[{\"@type\":\"WebPage\",\"@id\":\"https:\/\/justbuildit.eu\/en\/pood\/tihendusmaterjalid\/hermeetikud-silikoonid-akruulid\/fassaadihermeetik-penosil-25lm-ral7036-600ml\/\",\"url\":\"https:\/\/justbuildit.eu\/en\/pood\/tihendusmaterjalid\/hermeetikud-silikoonid-akruulid\/fassaadihermeetik-penosil-25lm-ral7036-600ml\/\",\"name\":\"FASSAADIHERMEETIK PENOSIL 25LM RAL7036 600ML - Ehituslahendused\",\"isPartOf\":{\"@id\":\"https:\/\/justbuildit.eu\/en\/#website\"},\"primaryImageOfPage\":{\"@id\":\"https:\/\/justbuildit.eu\/en\/pood\/tihendusmaterjalid\/hermeetikud-silikoonid-akruulid\/fassaadihermeetik-penosil-25lm-ral7036-600ml\/#primaryimage\"},\"image\":{\"@id\":\"https:\/\/justbuildit.eu\/en\/pood\/tihendusmaterjalid\/hermeetikud-silikoonid-akruulid\/fassaadihermeetik-penosil-25lm-ral7036-600ml\/#primaryimage\"},\"thumbnailUrl\":\"https:\/\/justbuildit.eu\/wp-content\/uploads\/2026\/03\/25LM_Facade-Joint-Hybrid-25LM.png-2.jpg\",\"datePublished\":\"2026-03-15T05:59:18+00:00\",\"dateModified\":\"2026-04-11T09:00:31+00:00\",\"description\":\"PENOSIL Facade Joint Hybrid 25LM fassaadihermeetik on kvaliteetne h\u00fcbriidpol\u00fcmeeril p\u00f5hinev v\u00e4ikese elastsusmooduliga fassaadihermeetik.\",\"breadcrumb\":{\"@id\":\"https:\/\/justbuildit.eu\/en\/pood\/tihendusmaterjalid\/hermeetikud-silikoonid-akruulid\/fassaadihermeetik-penosil-25lm-ral7036-600ml\/#breadcrumb\"},\"inLanguage\":\"en-US\",\"potentialAction\":[{\"@type\":\"ReadAction\",\"target\":[\"https:\/\/justbuildit.eu\/en\/pood\/tihendusmaterjalid\/hermeetikud-silikoonid-akruulid\/fassaadihermeetik-penosil-25lm-ral7036-600ml\/\"]}]},{\"@type\":\"ImageObject\",\"inLanguage\":\"en-US\",\"@id\":\"https:\/\/justbuildit.eu\/en\/pood\/tihendusmaterjalid\/hermeetikud-silikoonid-akruulid\/fassaadihermeetik-penosil-25lm-ral7036-600ml\/#primaryimage\",\"url\":\"https:\/\/justbuildit.eu\/wp-content\/uploads\/2026\/03\/25LM_Facade-Joint-Hybrid-25LM.png-2.jpg\",\"contentUrl\":\"https:\/\/justbuildit.eu\/wp-content\/uploads\/2026\/03\/25LM_Facade-Joint-Hybrid-25LM.png-2.jpg\",\"width\":800,\"height\":800},{\"@type\":\"BreadcrumbList\",\"@id\":\"https:\/\/justbuildit.eu\/en\/pood\/tihendusmaterjalid\/hermeetikud-silikoonid-akruulid\/fassaadihermeetik-penosil-25lm-ral7036-600ml\/#breadcrumb\",\"itemListElement\":[{\"@type\":\"ListItem\",\"position\":1,\"name\":\"Home\",\"item\":\"https:\/\/justbuildit.eu\/en\/\"},{\"@type\":\"ListItem\",\"position\":2,\"name\":\"Shop\",\"item\":\"https:\/\/justbuildit.eu\/en\/building-materials\/\"},{\"@type\":\"ListItem\",\"position\":3,\"name\":\"FASSAADIHERMEETIK PENOSIL 25LM RAL7036 600ML\"}]},{\"@type\":\"WebSite\",\"@id\":\"https:\/\/justbuildit.eu\/en\/#website\",\"url\":\"https:\/\/justbuildit.eu\/en\/\",\"name\":\"Ehituslahendused\",\"description\":\"Ehituslahendused ja materjalid\",\"publisher\":{\"@id\":\"https:\/\/justbuildit.eu\/en\/#organization\"},\"potentialAction\":[{\"@type\":\"SearchAction\",\"target\":{\"@type\":\"EntryPoint\",\"urlTemplate\":\"https:\/\/justbuildit.eu\/en\/?s={search_term_string}\"},\"query-input\":{\"@type\":\"PropertyValueSpecification\",\"valueRequired\":true,\"valueName\":\"search_term_string\"}}],\"inLanguage\":\"en-US\"},{\"@type\":\"Organization\",\"@id\":\"https:\/\/justbuildit.eu\/en\/#organization\",\"name\":\"Just Build It O\u00dc\",\"url\":\"https:\/\/justbuildit.eu\/en\/\",\"logo\":{\"@type\":\"ImageObject\",\"inLanguage\":\"en-US\",\"@id\":\"https:\/\/justbuildit.eu\/en\/#\/schema\/logo\/image\/\",\"url\":\"https:\/\/justbuildit.eu\/wp-content\/uploads\/2022\/01\/justbuildit.png\",\"contentUrl\":\"https:\/\/justbuildit.eu\/wp-content\/uploads\/2022\/01\/justbuildit.png\",\"width\":173,\"height\":77,\"caption\":\"Just Build It O\u00dc\"},\"image\":{\"@id\":\"https:\/\/justbuildit.eu\/en\/#\/schema\/logo\/image\/\"},\"sameAs\":[\"https:\/\/www.facebook.com\/justbuildit.ee\"]}]}<\/script>\n<!-- \/ Yoast SEO Premium plugin. -->","yoast_head_json":{"title":"FASSAADIHERMEETIK PENOSIL 25LM RAL7036 600ML - Ehituslahendused","description":"PENOSIL Facade Joint Hybrid 25LM fassaadihermeetik on kvaliteetne h\u00fcbriidpol\u00fcmeeril p\u00f5hinev v\u00e4ikese elastsusmooduliga fassaadihermeetik.","robots":{"index":"index","follow":"follow","max-snippet":"max-snippet:-1","max-image-preview":"max-image-preview:large","max-video-preview":"max-video-preview:-1"},"canonical":"https:\/\/justbuildit.eu\/en\/pood\/tihendusmaterjalid\/hermeetikud-silikoonid-akruulid\/fassaadihermeetik-penosil-25lm-ral7036-600ml\/","og_locale":"en_US","og_type":"article","og_title":"FASSAADIHERMEETIK PENOSIL 25LM RAL7036 600ML","og_description":"PENOSIL Facade Joint Hybrid 25LM fassaadihermeetik on kvaliteetne h\u00fcbriidpol\u00fcmeeril p\u00f5hinev v\u00e4ikese elastsusmooduliga fassaadihermeetik.","og_url":"https:\/\/justbuildit.eu\/en\/pood\/tihendusmaterjalid\/hermeetikud-silikoonid-akruulid\/fassaadihermeetik-penosil-25lm-ral7036-600ml\/","og_site_name":"Ehituslahendused","article_publisher":"https:\/\/www.facebook.com\/justbuildit.ee","article_modified_time":"2026-04-11T09:00:31+00:00","og_image":[{"width":800,"height":800,"url":"https:\/\/justbuildit.eu\/wp-content\/uploads\/2026\/03\/25LM_Facade-Joint-Hybrid-25LM.png-2.jpg","type":"image\/jpeg"}],"twitter_card":"summary_large_image","schema":{"@context":"https:\/\/schema.org","@graph":[{"@type":"WebPage","@id":"https:\/\/justbuildit.eu\/en\/pood\/tihendusmaterjalid\/hermeetikud-silikoonid-akruulid\/fassaadihermeetik-penosil-25lm-ral7036-600ml\/","url":"https:\/\/justbuildit.eu\/en\/pood\/tihendusmaterjalid\/hermeetikud-silikoonid-akruulid\/fassaadihermeetik-penosil-25lm-ral7036-600ml\/","name":"FASSAADIHERMEETIK PENOSIL 25LM RAL7036 600ML - Ehituslahendused","isPartOf":{"@id":"https:\/\/justbuildit.eu\/en\/#website"},"primaryImageOfPage":{"@id":"https:\/\/justbuildit.eu\/en\/pood\/tihendusmaterjalid\/hermeetikud-silikoonid-akruulid\/fassaadihermeetik-penosil-25lm-ral7036-600ml\/#primaryimage"},"image":{"@id":"https:\/\/justbuildit.eu\/en\/pood\/tihendusmaterjalid\/hermeetikud-silikoonid-akruulid\/fassaadihermeetik-penosil-25lm-ral7036-600ml\/#primaryimage"},"thumbnailUrl":"https:\/\/justbuildit.eu\/wp-content\/uploads\/2026\/03\/25LM_Facade-Joint-Hybrid-25LM.png-2.jpg","datePublished":"2026-03-15T05:59:18+00:00","dateModified":"2026-04-11T09:00:31+00:00","description":"PENOSIL Facade Joint Hybrid 25LM fassaadihermeetik on kvaliteetne h\u00fcbriidpol\u00fcmeeril p\u00f5hinev v\u00e4ikese elastsusmooduliga fassaadihermeetik.","breadcrumb":{"@id":"https:\/\/justbuildit.eu\/en\/pood\/tihendusmaterjalid\/hermeetikud-silikoonid-akruulid\/fassaadihermeetik-penosil-25lm-ral7036-600ml\/#breadcrumb"},"inLanguage":"en-US","potentialAction":[{"@type":"ReadAction","target":["https:\/\/justbuildit.eu\/en\/pood\/tihendusmaterjalid\/hermeetikud-silikoonid-akruulid\/fassaadihermeetik-penosil-25lm-ral7036-600ml\/"]}]},{"@type":"ImageObject","inLanguage":"en-US","@id":"https:\/\/justbuildit.eu\/en\/pood\/tihendusmaterjalid\/hermeetikud-silikoonid-akruulid\/fassaadihermeetik-penosil-25lm-ral7036-600ml\/#primaryimage","url":"https:\/\/justbuildit.eu\/wp-content\/uploads\/2026\/03\/25LM_Facade-Joint-Hybrid-25LM.png-2.jpg","contentUrl":"https:\/\/justbuildit.eu\/wp-content\/uploads\/2026\/03\/25LM_Facade-Joint-Hybrid-25LM.png-2.jpg","width":800,"height":800},{"@type":"BreadcrumbList","@id":"https:\/\/justbuildit.eu\/en\/pood\/tihendusmaterjalid\/hermeetikud-silikoonid-akruulid\/fassaadihermeetik-penosil-25lm-ral7036-600ml\/#breadcrumb","itemListElement":[{"@type":"ListItem","position":1,"name":"Home","item":"https:\/\/justbuildit.eu\/en\/"},{"@type":"ListItem","position":2,"name":"Shop","item":"https:\/\/justbuildit.eu\/en\/building-materials\/"},{"@type":"ListItem","position":3,"name":"FASSAADIHERMEETIK PENOSIL 25LM RAL7036 600ML"}]},{"@type":"WebSite","@id":"https:\/\/justbuildit.eu\/en\/#website","url":"https:\/\/justbuildit.eu\/en\/","name":"Ehituslahendused","description":"Ehituslahendused ja materjalid","publisher":{"@id":"https:\/\/justbuildit.eu\/en\/#organization"},"potentialAction":[{"@type":"SearchAction","target":{"@type":"EntryPoint","urlTemplate":"https:\/\/justbuildit.eu\/en\/?s={search_term_string}"},"query-input":{"@type":"PropertyValueSpecification","valueRequired":true,"valueName":"search_term_string"}}],"inLanguage":"en-US"},{"@type":"Organization","@id":"https:\/\/justbuildit.eu\/en\/#organization","name":"Just Build It O\u00dc","url":"https:\/\/justbuildit.eu\/en\/","logo":{"@type":"ImageObject","inLanguage":"en-US","@id":"https:\/\/justbuildit.eu\/en\/#\/schema\/logo\/image\/","url":"https:\/\/justbuildit.eu\/wp-content\/uploads\/2022\/01\/justbuildit.png","contentUrl":"https:\/\/justbuildit.eu\/wp-content\/uploads\/2022\/01\/justbuildit.png","width":173,"height":77,"caption":"Just Build It O\u00dc"},"image":{"@id":"https:\/\/justbuildit.eu\/en\/#\/schema\/logo\/image\/"},"sameAs":["https:\/\/www.facebook.com\/justbuildit.ee"]}]}},"_links":{"self":[{"href":"https:\/\/justbuildit.eu\/en\/wp-json\/wp\/v2\/product\/639421","targetHints":{"allow":["GET"]}}],"collection":[{"href":"https:\/\/justbuildit.eu\/en\/wp-json\/wp\/v2\/product"}],"about":[{"href":"https:\/\/justbuildit.eu\/en\/wp-json\/wp\/v2\/types\/product"}],"replies":[{"embeddable":true,"href":"https:\/\/justbuildit.eu\/en\/wp-json\/wp\/v2\/comments?post=639421"}],"wp:featuredmedia":[{"embeddable":true,"href":"https:\/\/justbuildit.eu\/en\/wp-json\/wp\/v2\/media\/639422"}],"wp:attachment":[{"href":"https:\/\/justbuildit.eu\/en\/wp-json\/wp\/v2\/media?parent=639421"}],"wp:term":[{"taxonomy":"product_brand","embeddable":true,"href":"https:\/\/justbuildit.eu\/en\/wp-json\/wp\/v2\/product_brand?post=639421"},{"taxonomy":"product_cat","embeddable":true,"href":"https:\/\/justbuildit.eu\/en\/wp-json\/wp\/v2\/product_cat?post=639421"},{"taxonomy":"product_tag","embeddable":true,"href":"https:\/\/justbuildit.eu\/en\/wp-json\/wp\/v2\/product_tag?post=639421"}],"curies":[{"name":"wp","href":"https:\/\/api.w.org\/{rel}","templated":true}]}}