{"id":643561,"date":"2026-03-28T09:29:53","date_gmt":"2026-03-28T06:29:53","guid":{"rendered":"https:\/\/justbuildit.eu\/?post_type=product&#038;p=643561"},"modified":"2026-05-13T12:00:15","modified_gmt":"2026-05-13T09:00:15","slug":"spordimuru-muruseeme-baltic-agro-10kg","status":"publish","type":"product","link":"https:\/\/justbuildit.eu\/en\/pood\/uncategorized\/spordimuru-muruseeme-baltic-agro-10kg\/","title":{"rendered":"SPORDIMURU MURUSEEME BALTIC AGRO 10KG"},"content":{"rendered":"<div class=\"row\"  id=\"row-1584401633\">\n<div id=\"col-813361322\" class=\"col medium-9 small-12 large-9\"  >\n<div class=\"col-inner\"  >\n<p>Seemnesegu &#8216;Spordimuru&#8217; koosneb tallamisekindlatest ja kitsalehelistest liikidest ning annab teile parima vastupidavusega muruvaiba. Segu kasvab h\u00e4sti nii p\u00e4ikese k\u00e4es kui ka varjus. K\u00fclgkasv tagab kiire tallamiskahjustustest taastumise. 10 kg = 300 m2.<\/p>\n<\/div>\n<\/div>\n<div id=\"col-184388463\" class=\"col medium-3 small-12 large-3\"  >\n<div class=\"col-inner\"  >\n<p><strong>\u00dcksikasjalikuma n\u00f5u saamiseks v\u00f5tke \u00fchendust:<br \/><\/strong>Baltic Agro AS, Rukki tee 8, Lehmja k\u00fcla, Rae vald, Telefon +372 606 2260<\/p>\n<\/p>\n<\/div>\n<\/div>\n<\/div>\n","protected":false},"excerpt":{"rendered":"<p>Seemnesegu &#8216;Spordimuru&#8217; koosneb tallamisekindlatest ja kitsalehelistest liikidest ning annab teile parima vastupidavusega muruvaiba. Segu kasvab h\u00e4sti nii p\u00e4ikese k\u00e4es kui ka varjus. K\u00fclgkasv tagab kiire tallamiskahjustustest taastumise. 10 kg = 300 m2.<\/p>","protected":false},"featured_media":658057,"comment_status":"open","ping_status":"closed","template":"","meta":{"_acf_changed":false},"product_brand":[],"product_cat":[498,22],"product_tag":[],"class_list":{"0":"post-643561","1":"product","2":"type-product","3":"status-publish","4":"has-post-thumbnail","6":"product_cat-espak","7":"product_cat-uncategorized","9":"first","10":"instock","11":"sale","12":"shipping-taxable","13":"purchasable","14":"product-type-simple"},"acf":[],"yoast_head":"<!-- This site is optimized with the Yoast SEO Premium plugin v18.7 (Yoast SEO v26.5) - https:\/\/yoast.com\/wordpress\/plugins\/seo\/ -->\n<title>SPORDIMURU MURUSEEME BALTIC AGRO 10KG - Ehituslahendused<\/title>\n<meta name=\"robots\" content=\"index, follow, max-snippet:-1, max-image-preview:large, max-video-preview:-1\" \/>\n<link rel=\"canonical\" href=\"https:\/\/justbuildit.eu\/en\/pood\/uncategorized\/spordimuru-muruseeme-baltic-agro-10kg\/\" \/>\n<meta property=\"og:locale\" content=\"en_US\" \/>\n<meta property=\"og:type\" content=\"article\" \/>\n<meta property=\"og:title\" content=\"SPORDIMURU MURUSEEME BALTIC AGRO 10KG\" \/>\n<meta property=\"og:description\" content=\"Seemnesegu &#039;Spordimuru&#039; koosneb tallamisekindlatest ja kitsalehelistest liikidest ning annab teile parima vastupidavusega muruvaiba. Segu kasvab h\u00e4sti nii p\u00e4ikese k\u00e4es kui ka varjus. K\u00fclgkasv tagab kiire tallamiskahjustustest taastumise. 10 kg = 300 m2.\" \/>\n<meta property=\"og:url\" content=\"https:\/\/justbuildit.eu\/en\/pood\/uncategorized\/spordimuru-muruseeme-baltic-agro-10kg\/\" \/>\n<meta property=\"og:site_name\" content=\"Ehituslahendused\" \/>\n<meta property=\"article:publisher\" content=\"https:\/\/www.facebook.com\/justbuildit.ee\" \/>\n<meta property=\"article:modified_time\" content=\"2026-05-13T09:00:15+00:00\" \/>\n<meta property=\"og:image\" content=\"https:\/\/justbuildit.eu\/wp-content\/uploads\/2026\/03\/4742604001897-1-scaled-1.jpg\" \/>\n\t<meta property=\"og:image:width\" content=\"2048\" \/>\n\t<meta property=\"og:image:height\" content=\"2048\" \/>\n\t<meta property=\"og:image:type\" content=\"image\/jpeg\" \/>\n<meta name=\"twitter:card\" content=\"summary_large_image\" \/>\n<script type=\"application\/ld+json\" class=\"yoast-schema-graph\">{\"@context\":\"https:\/\/schema.org\",\"@graph\":[{\"@type\":\"WebPage\",\"@id\":\"https:\/\/justbuildit.eu\/en\/pood\/uncategorized\/spordimuru-muruseeme-baltic-agro-10kg\/\",\"url\":\"https:\/\/justbuildit.eu\/en\/pood\/uncategorized\/spordimuru-muruseeme-baltic-agro-10kg\/\",\"name\":\"SPORDIMURU MURUSEEME BALTIC AGRO 10KG - Ehituslahendused\",\"isPartOf\":{\"@id\":\"https:\/\/justbuildit.eu\/en\/#website\"},\"primaryImageOfPage\":{\"@id\":\"https:\/\/justbuildit.eu\/en\/pood\/uncategorized\/spordimuru-muruseeme-baltic-agro-10kg\/#primaryimage\"},\"image\":{\"@id\":\"https:\/\/justbuildit.eu\/en\/pood\/uncategorized\/spordimuru-muruseeme-baltic-agro-10kg\/#primaryimage\"},\"thumbnailUrl\":\"https:\/\/justbuildit.eu\/wp-content\/uploads\/2026\/03\/4742604001897-1-scaled-2.jpg\",\"datePublished\":\"2026-03-28T06:29:53+00:00\",\"dateModified\":\"2026-05-13T09:00:15+00:00\",\"breadcrumb\":{\"@id\":\"https:\/\/justbuildit.eu\/en\/pood\/uncategorized\/spordimuru-muruseeme-baltic-agro-10kg\/#breadcrumb\"},\"inLanguage\":\"en-US\",\"potentialAction\":[{\"@type\":\"ReadAction\",\"target\":[\"https:\/\/justbuildit.eu\/en\/pood\/uncategorized\/spordimuru-muruseeme-baltic-agro-10kg\/\"]}]},{\"@type\":\"ImageObject\",\"inLanguage\":\"en-US\",\"@id\":\"https:\/\/justbuildit.eu\/en\/pood\/uncategorized\/spordimuru-muruseeme-baltic-agro-10kg\/#primaryimage\",\"url\":\"https:\/\/justbuildit.eu\/wp-content\/uploads\/2026\/03\/4742604001897-1-scaled-2.jpg\",\"contentUrl\":\"https:\/\/justbuildit.eu\/wp-content\/uploads\/2026\/03\/4742604001897-1-scaled-2.jpg\",\"width\":2048,\"height\":2048},{\"@type\":\"BreadcrumbList\",\"@id\":\"https:\/\/justbuildit.eu\/en\/pood\/uncategorized\/spordimuru-muruseeme-baltic-agro-10kg\/#breadcrumb\",\"itemListElement\":[{\"@type\":\"ListItem\",\"position\":1,\"name\":\"Home\",\"item\":\"https:\/\/justbuildit.eu\/en\/\"},{\"@type\":\"ListItem\",\"position\":2,\"name\":\"Shop\",\"item\":\"https:\/\/justbuildit.eu\/en\/building-materials\/\"},{\"@type\":\"ListItem\",\"position\":3,\"name\":\"SPORDIMURU MURUSEEME BALTIC AGRO 10KG\"}]},{\"@type\":\"WebSite\",\"@id\":\"https:\/\/justbuildit.eu\/en\/#website\",\"url\":\"https:\/\/justbuildit.eu\/en\/\",\"name\":\"Ehituslahendused\",\"description\":\"Ehituslahendused ja materjalid\",\"publisher\":{\"@id\":\"https:\/\/justbuildit.eu\/en\/#organization\"},\"potentialAction\":[{\"@type\":\"SearchAction\",\"target\":{\"@type\":\"EntryPoint\",\"urlTemplate\":\"https:\/\/justbuildit.eu\/en\/?s={search_term_string}\"},\"query-input\":{\"@type\":\"PropertyValueSpecification\",\"valueRequired\":true,\"valueName\":\"search_term_string\"}}],\"inLanguage\":\"en-US\"},{\"@type\":\"Organization\",\"@id\":\"https:\/\/justbuildit.eu\/en\/#organization\",\"name\":\"Just Build It O\u00dc\",\"url\":\"https:\/\/justbuildit.eu\/en\/\",\"logo\":{\"@type\":\"ImageObject\",\"inLanguage\":\"en-US\",\"@id\":\"https:\/\/justbuildit.eu\/en\/#\/schema\/logo\/image\/\",\"url\":\"https:\/\/justbuildit.eu\/wp-content\/uploads\/2022\/01\/justbuildit.png\",\"contentUrl\":\"https:\/\/justbuildit.eu\/wp-content\/uploads\/2022\/01\/justbuildit.png\",\"width\":173,\"height\":77,\"caption\":\"Just Build It O\u00dc\"},\"image\":{\"@id\":\"https:\/\/justbuildit.eu\/en\/#\/schema\/logo\/image\/\"},\"sameAs\":[\"https:\/\/www.facebook.com\/justbuildit.ee\"]}]}<\/script>\n<!-- \/ Yoast SEO Premium plugin. -->","yoast_head_json":{"title":"SPORDIMURU MURUSEEME BALTIC AGRO 10KG - Ehituslahendused","robots":{"index":"index","follow":"follow","max-snippet":"max-snippet:-1","max-image-preview":"max-image-preview:large","max-video-preview":"max-video-preview:-1"},"canonical":"https:\/\/justbuildit.eu\/en\/pood\/uncategorized\/spordimuru-muruseeme-baltic-agro-10kg\/","og_locale":"en_US","og_type":"article","og_title":"SPORDIMURU MURUSEEME BALTIC AGRO 10KG","og_description":"Seemnesegu 'Spordimuru' koosneb tallamisekindlatest ja kitsalehelistest liikidest ning annab teile parima vastupidavusega muruvaiba. Segu kasvab h\u00e4sti nii p\u00e4ikese k\u00e4es kui ka varjus. K\u00fclgkasv tagab kiire tallamiskahjustustest taastumise. 10 kg = 300 m2.","og_url":"https:\/\/justbuildit.eu\/en\/pood\/uncategorized\/spordimuru-muruseeme-baltic-agro-10kg\/","og_site_name":"Ehituslahendused","article_publisher":"https:\/\/www.facebook.com\/justbuildit.ee","article_modified_time":"2026-05-13T09:00:15+00:00","og_image":[{"width":2048,"height":2048,"url":"https:\/\/justbuildit.eu\/wp-content\/uploads\/2026\/03\/4742604001897-1-scaled-1.jpg","type":"image\/jpeg"}],"twitter_card":"summary_large_image","schema":{"@context":"https:\/\/schema.org","@graph":[{"@type":"WebPage","@id":"https:\/\/justbuildit.eu\/en\/pood\/uncategorized\/spordimuru-muruseeme-baltic-agro-10kg\/","url":"https:\/\/justbuildit.eu\/en\/pood\/uncategorized\/spordimuru-muruseeme-baltic-agro-10kg\/","name":"SPORDIMURU MURUSEEME BALTIC AGRO 10KG - Ehituslahendused","isPartOf":{"@id":"https:\/\/justbuildit.eu\/en\/#website"},"primaryImageOfPage":{"@id":"https:\/\/justbuildit.eu\/en\/pood\/uncategorized\/spordimuru-muruseeme-baltic-agro-10kg\/#primaryimage"},"image":{"@id":"https:\/\/justbuildit.eu\/en\/pood\/uncategorized\/spordimuru-muruseeme-baltic-agro-10kg\/#primaryimage"},"thumbnailUrl":"https:\/\/justbuildit.eu\/wp-content\/uploads\/2026\/03\/4742604001897-1-scaled-2.jpg","datePublished":"2026-03-28T06:29:53+00:00","dateModified":"2026-05-13T09:00:15+00:00","breadcrumb":{"@id":"https:\/\/justbuildit.eu\/en\/pood\/uncategorized\/spordimuru-muruseeme-baltic-agro-10kg\/#breadcrumb"},"inLanguage":"en-US","potentialAction":[{"@type":"ReadAction","target":["https:\/\/justbuildit.eu\/en\/pood\/uncategorized\/spordimuru-muruseeme-baltic-agro-10kg\/"]}]},{"@type":"ImageObject","inLanguage":"en-US","@id":"https:\/\/justbuildit.eu\/en\/pood\/uncategorized\/spordimuru-muruseeme-baltic-agro-10kg\/#primaryimage","url":"https:\/\/justbuildit.eu\/wp-content\/uploads\/2026\/03\/4742604001897-1-scaled-2.jpg","contentUrl":"https:\/\/justbuildit.eu\/wp-content\/uploads\/2026\/03\/4742604001897-1-scaled-2.jpg","width":2048,"height":2048},{"@type":"BreadcrumbList","@id":"https:\/\/justbuildit.eu\/en\/pood\/uncategorized\/spordimuru-muruseeme-baltic-agro-10kg\/#breadcrumb","itemListElement":[{"@type":"ListItem","position":1,"name":"Home","item":"https:\/\/justbuildit.eu\/en\/"},{"@type":"ListItem","position":2,"name":"Shop","item":"https:\/\/justbuildit.eu\/en\/building-materials\/"},{"@type":"ListItem","position":3,"name":"SPORDIMURU MURUSEEME BALTIC AGRO 10KG"}]},{"@type":"WebSite","@id":"https:\/\/justbuildit.eu\/en\/#website","url":"https:\/\/justbuildit.eu\/en\/","name":"Ehituslahendused","description":"Ehituslahendused ja materjalid","publisher":{"@id":"https:\/\/justbuildit.eu\/en\/#organization"},"potentialAction":[{"@type":"SearchAction","target":{"@type":"EntryPoint","urlTemplate":"https:\/\/justbuildit.eu\/en\/?s={search_term_string}"},"query-input":{"@type":"PropertyValueSpecification","valueRequired":true,"valueName":"search_term_string"}}],"inLanguage":"en-US"},{"@type":"Organization","@id":"https:\/\/justbuildit.eu\/en\/#organization","name":"Just Build It O\u00dc","url":"https:\/\/justbuildit.eu\/en\/","logo":{"@type":"ImageObject","inLanguage":"en-US","@id":"https:\/\/justbuildit.eu\/en\/#\/schema\/logo\/image\/","url":"https:\/\/justbuildit.eu\/wp-content\/uploads\/2022\/01\/justbuildit.png","contentUrl":"https:\/\/justbuildit.eu\/wp-content\/uploads\/2022\/01\/justbuildit.png","width":173,"height":77,"caption":"Just Build It O\u00dc"},"image":{"@id":"https:\/\/justbuildit.eu\/en\/#\/schema\/logo\/image\/"},"sameAs":["https:\/\/www.facebook.com\/justbuildit.ee"]}]}},"_links":{"self":[{"href":"https:\/\/justbuildit.eu\/en\/wp-json\/wp\/v2\/product\/643561","targetHints":{"allow":["GET"]}}],"collection":[{"href":"https:\/\/justbuildit.eu\/en\/wp-json\/wp\/v2\/product"}],"about":[{"href":"https:\/\/justbuildit.eu\/en\/wp-json\/wp\/v2\/types\/product"}],"replies":[{"embeddable":true,"href":"https:\/\/justbuildit.eu\/en\/wp-json\/wp\/v2\/comments?post=643561"}],"wp:featuredmedia":[{"embeddable":true,"href":"https:\/\/justbuildit.eu\/en\/wp-json\/wp\/v2\/media\/658057"}],"wp:attachment":[{"href":"https:\/\/justbuildit.eu\/en\/wp-json\/wp\/v2\/media?parent=643561"}],"wp:term":[{"taxonomy":"product_brand","embeddable":true,"href":"https:\/\/justbuildit.eu\/en\/wp-json\/wp\/v2\/product_brand?post=643561"},{"taxonomy":"product_cat","embeddable":true,"href":"https:\/\/justbuildit.eu\/en\/wp-json\/wp\/v2\/product_cat?post=643561"},{"taxonomy":"product_tag","embeddable":true,"href":"https:\/\/justbuildit.eu\/en\/wp-json\/wp\/v2\/product_tag?post=643561"}],"curies":[{"name":"wp","href":"https:\/\/api.w.org\/{rel}","templated":true}]}}