{"id":643578,"date":"2026-03-28T09:41:14","date_gmt":"2026-03-28T06:41:14","guid":{"rendered":"https:\/\/justbuildit.eu\/?post_type=product&#038;p=643578"},"modified":"2026-04-18T12:00:18","modified_gmt":"2026-04-18T09:00:18","slug":"aiamuld-kekkila-60l","status":"publish","type":"product","link":"https:\/\/justbuildit.eu\/en\/pood\/espak\/aiamuld-kekkila-60l\/","title":{"rendered":"AIAMULD KEKKIL\u00c4 60L"},"content":{"rendered":"<div class=\"row\"  id=\"row-1862725322\">\n<div id=\"col-207904192\" class=\"col medium-9 small-12 large-9\"  >\n<div class=\"col-inner\"  >\n<h3>Mustmuld GARDEN SOIL 60L (A42) KEKKIL\u00c4<\/h3>\n<p>Aiamuld on kvaliteetne must muld k\u00f5igi aiataimede istutamiseks ja muru rajamiseks.<br \/>\nAiamuld sobib nii p\u00fcsiku- ja lillepeenarde rajamiseks kui ka aia ja peenramaa maaparandust\u00f6\u00f6deks.<br \/>\nToormena on kasutatud eri k\u00f5dunemisastmega turbasorte, peenliiva ja savi.<br \/>\nAiamuld on p\u00f5hiv\u00e4etisega v\u00e4etatud ja lubjatud.<br \/>\nAiamullal on vastupidav ja \u00f5hurikas struktuur, mis on saavutatud t\u00e4nu mulla toormena kasutatud liivale. Tume turvas parandab veepidavust. Mineraalv\u00e4etis muudab toitained kiiresti taimedele k\u00e4ttesaadavaks.<br \/>\nTurba t\u00f5ttu v\u00f5ib mullasegu sisaldada v\u00e4hesel m\u00e4\u00e4ral k\u00f5dunemata looduslikke kiude, nagu tuppvillpeasid ja v\u00e4ikseid puiduosakesi.<br \/>\nJ\u00e4medateraline koostis muudab aiamulla \u00f5hulisemaks.<\/p>\n<p><i class=\"fa fa-check fa-2x\"><\/i> Kvaliteetne must aiamuld k\u00f5igi aiataimede istutamiseks <\/p>\n<p><i class=\"fa fa-check fa-2x\"><\/i> \u00d5hulisuse tagamiseks on lisatud peenliiva ja savi <\/p>\n<p><i class=\"fa fa-check fa-2x\"><\/i> P\u00f5hiv\u00e4etisega v\u00e4etatud ja lubjatud <\/p>\n<div id=\"gap-682464813\" class=\"gap-element clearfix\" style=\"display:block; height:auto;\">\n<style>\n#gap-682464813 {\n  padding-top: 30px;\n}\n<\/style>\n<\/p>\n<\/div>\n<h3>Tootekirjeldus<\/h3>\n<p>Toorained: erinevad turbaliigid, liiv, j\u00e4me ja kvaliteetne peenliiv, liivsavi<\/p>\n<p>Lisatud ained: 5,0 kg\/m3 Magneesiumi sisaldusega lubjakivipulber; 1,2 kg\/m3 Kekkil\u00e4 Start Grow\u2122 \u00fcldv\u00e4etis (NPK 14-10-14 + mikroelemendid)<\/p>\n<p>J\u00e4medusaste: keskmise j\u00e4medusega<\/p>\n<p>Elektrijuhtivus (SFS 1+5): 18 mS\/m<\/p>\n<p>pH (1+5): 6,2<\/p>\n<p>L\u00e4mmastik (N), vesilahustuv 100 mg\/l<\/p>\n<p>Fosfor (P), lahustuv 30 mg\/l<\/p>\n<p>Kaalium (K), lahustuv 200 mg\/l<\/p>\n<p>Niiskus: 48 %<\/p>\n<p>Orgaanilise aine sisaldus: 37 %<\/p>\n<\/div>\n<\/div>\n<div id=\"col-859727122\" class=\"col medium-3 small-12 large-3\"  >\n<div class=\"col-inner\"  >\n<div id=\"gap-913691832\" class=\"gap-element clearfix\" style=\"display:block; height:auto;\">\n<style>\n#gap-913691832 {\n  padding-top: 30px;\n}\n<\/style>\n<\/p>\n<\/div>\n<p><strong>\u00dcksikasjalikuma n\u00f5u saamiseks v\u00f5tke \u00fchendust:<br \/><\/strong>Espak AS<br \/>Viadukti 42<br \/>11313<br \/>Tallinn<br \/>+372 6 512362<\/p>\n<\/p>\n<\/div>\n<\/div>\n<\/div>\n","protected":false},"excerpt":{"rendered":"<p>Aiamuld on kvaliteetne must muld k\u00f5igi aiataimede istutamiseks ja muru rajamiseks.<br \/>\nAiamuld sobib nii p\u00fcsiku- ja lillepeenarde rajamiseks kui ka aia ja peenramaa maaparandust\u00f6\u00f6deks.<br \/>\nToormena on kasutatud eri k\u00f5dunemisastmega turbasorte, peenliiva ja savi.<br \/>\nAiamuld on p\u00f5hiv\u00e4etisega v\u00e4etatud ja lubjatud.<br \/>\nAiamullal on vastupidav ja \u00f5hurikas struktuur, mis on saavutatud t\u00e4nu mulla toormena kasutatud liivale. Tume turvas parandab veepidavust. Mineraalv\u00e4etis muudab toitained kiiresti taimedele k\u00e4ttesaadavaks.<br \/>\nTurba t\u00f5ttu v\u00f5ib mullasegu sisaldada v\u00e4hesel m\u00e4\u00e4ral k\u00f5dunemata looduslikke kiude, nagu tuppvillpeasid ja v\u00e4ikseid puiduosakesi.<br \/>\nJ\u00e4medateraline koostis muudab aiamulla \u00f5hulisemaks.<\/p>","protected":false},"featured_media":643579,"comment_status":"open","ping_status":"closed","template":"","meta":{"_acf_changed":false},"product_brand":[],"product_cat":[498],"product_tag":[],"class_list":{"0":"post-643578","1":"product","2":"type-product","3":"status-publish","4":"has-post-thumbnail","6":"product_cat-espak","8":"first","9":"instock","10":"sale","11":"shipping-taxable","12":"purchasable","13":"product-type-simple"},"acf":[],"yoast_head":"<!-- This site is optimized with the Yoast SEO Premium plugin v18.7 (Yoast SEO v26.5) - https:\/\/yoast.com\/wordpress\/plugins\/seo\/ -->\n<title>AIAMULD KEKKIL\u00c4 60L - Ehituslahendused<\/title>\n<meta name=\"description\" content=\"Aiamuld on kvaliteetne must muld k\u00f5igi aiataimede istutamiseks ja muru rajamiseks.Aiamuld sobib nii p\u00fcsiku- ja lillepeenarde rajamiseks kui ka aia ja peenramaa maaparandust\u00f6\u00f6deks.Toormena on kasutatud eri k\u00f5dunemisastmega turbasorte, peenliiva ja savi.\" \/>\n<meta name=\"robots\" content=\"index, follow, max-snippet:-1, max-image-preview:large, max-video-preview:-1\" \/>\n<link rel=\"canonical\" href=\"https:\/\/justbuildit.eu\/en\/pood\/espak\/aiamuld-kekkila-60l\/\" \/>\n<meta property=\"og:locale\" content=\"en_US\" \/>\n<meta property=\"og:type\" content=\"article\" \/>\n<meta property=\"og:title\" content=\"AIAMULD KEKKIL\u00c4 60L\" \/>\n<meta property=\"og:description\" content=\"Aiamuld on kvaliteetne must muld k\u00f5igi aiataimede istutamiseks ja muru rajamiseks.Aiamuld sobib nii p\u00fcsiku- ja lillepeenarde rajamiseks kui ka aia ja peenramaa maaparandust\u00f6\u00f6deks.Toormena on kasutatud eri k\u00f5dunemisastmega turbasorte, peenliiva ja savi.\" \/>\n<meta property=\"og:url\" content=\"https:\/\/justbuildit.eu\/en\/pood\/espak\/aiamuld-kekkila-60l\/\" \/>\n<meta property=\"og:site_name\" content=\"Ehituslahendused\" \/>\n<meta property=\"article:publisher\" content=\"https:\/\/www.facebook.com\/justbuildit.ee\" \/>\n<meta property=\"article:modified_time\" content=\"2026-04-18T09:00:18+00:00\" \/>\n<meta property=\"og:image\" content=\"https:\/\/justbuildit.eu\/wp-content\/uploads\/2026\/03\/MUSTMULD-GARDEN-SOIL-60L.jpg\" \/>\n\t<meta property=\"og:image:width\" content=\"800\" \/>\n\t<meta property=\"og:image:height\" content=\"800\" \/>\n\t<meta property=\"og:image:type\" content=\"image\/jpeg\" \/>\n<meta name=\"twitter:card\" content=\"summary_large_image\" \/>\n<script type=\"application\/ld+json\" class=\"yoast-schema-graph\">{\"@context\":\"https:\/\/schema.org\",\"@graph\":[{\"@type\":\"WebPage\",\"@id\":\"https:\/\/justbuildit.eu\/en\/pood\/espak\/aiamuld-kekkila-60l\/\",\"url\":\"https:\/\/justbuildit.eu\/en\/pood\/espak\/aiamuld-kekkila-60l\/\",\"name\":\"AIAMULD KEKKIL\u00c4 60L - Ehituslahendused\",\"isPartOf\":{\"@id\":\"https:\/\/justbuildit.eu\/en\/#website\"},\"primaryImageOfPage\":{\"@id\":\"https:\/\/justbuildit.eu\/en\/pood\/espak\/aiamuld-kekkila-60l\/#primaryimage\"},\"image\":{\"@id\":\"https:\/\/justbuildit.eu\/en\/pood\/espak\/aiamuld-kekkila-60l\/#primaryimage\"},\"thumbnailUrl\":\"https:\/\/justbuildit.eu\/wp-content\/uploads\/2026\/03\/MUSTMULD-GARDEN-SOIL-60L.jpg\",\"datePublished\":\"2026-03-28T06:41:14+00:00\",\"dateModified\":\"2026-04-18T09:00:18+00:00\",\"description\":\"Aiamuld on kvaliteetne must muld k\u00f5igi aiataimede istutamiseks ja muru rajamiseks.Aiamuld sobib nii p\u00fcsiku- ja lillepeenarde rajamiseks kui ka aia ja peenramaa maaparandust\u00f6\u00f6deks.Toormena on kasutatud eri k\u00f5dunemisastmega turbasorte, peenliiva ja savi.\",\"breadcrumb\":{\"@id\":\"https:\/\/justbuildit.eu\/en\/pood\/espak\/aiamuld-kekkila-60l\/#breadcrumb\"},\"inLanguage\":\"en-US\",\"potentialAction\":[{\"@type\":\"ReadAction\",\"target\":[\"https:\/\/justbuildit.eu\/en\/pood\/espak\/aiamuld-kekkila-60l\/\"]}]},{\"@type\":\"ImageObject\",\"inLanguage\":\"en-US\",\"@id\":\"https:\/\/justbuildit.eu\/en\/pood\/espak\/aiamuld-kekkila-60l\/#primaryimage\",\"url\":\"https:\/\/justbuildit.eu\/wp-content\/uploads\/2026\/03\/MUSTMULD-GARDEN-SOIL-60L.jpg\",\"contentUrl\":\"https:\/\/justbuildit.eu\/wp-content\/uploads\/2026\/03\/MUSTMULD-GARDEN-SOIL-60L.jpg\",\"width\":800,\"height\":800},{\"@type\":\"BreadcrumbList\",\"@id\":\"https:\/\/justbuildit.eu\/en\/pood\/espak\/aiamuld-kekkila-60l\/#breadcrumb\",\"itemListElement\":[{\"@type\":\"ListItem\",\"position\":1,\"name\":\"Home\",\"item\":\"https:\/\/justbuildit.eu\/en\/\"},{\"@type\":\"ListItem\",\"position\":2,\"name\":\"Shop\",\"item\":\"https:\/\/justbuildit.eu\/en\/building-materials\/\"},{\"@type\":\"ListItem\",\"position\":3,\"name\":\"AIAMULD KEKKIL\u00c4 60L\"}]},{\"@type\":\"WebSite\",\"@id\":\"https:\/\/justbuildit.eu\/en\/#website\",\"url\":\"https:\/\/justbuildit.eu\/en\/\",\"name\":\"Ehituslahendused\",\"description\":\"Ehituslahendused ja materjalid\",\"publisher\":{\"@id\":\"https:\/\/justbuildit.eu\/en\/#organization\"},\"potentialAction\":[{\"@type\":\"SearchAction\",\"target\":{\"@type\":\"EntryPoint\",\"urlTemplate\":\"https:\/\/justbuildit.eu\/en\/?s={search_term_string}\"},\"query-input\":{\"@type\":\"PropertyValueSpecification\",\"valueRequired\":true,\"valueName\":\"search_term_string\"}}],\"inLanguage\":\"en-US\"},{\"@type\":\"Organization\",\"@id\":\"https:\/\/justbuildit.eu\/en\/#organization\",\"name\":\"Just Build It O\u00dc\",\"url\":\"https:\/\/justbuildit.eu\/en\/\",\"logo\":{\"@type\":\"ImageObject\",\"inLanguage\":\"en-US\",\"@id\":\"https:\/\/justbuildit.eu\/en\/#\/schema\/logo\/image\/\",\"url\":\"https:\/\/justbuildit.eu\/wp-content\/uploads\/2022\/01\/justbuildit.png\",\"contentUrl\":\"https:\/\/justbuildit.eu\/wp-content\/uploads\/2022\/01\/justbuildit.png\",\"width\":173,\"height\":77,\"caption\":\"Just Build It O\u00dc\"},\"image\":{\"@id\":\"https:\/\/justbuildit.eu\/en\/#\/schema\/logo\/image\/\"},\"sameAs\":[\"https:\/\/www.facebook.com\/justbuildit.ee\"]}]}<\/script>\n<!-- \/ Yoast SEO Premium plugin. -->","yoast_head_json":{"title":"AIAMULD KEKKIL\u00c4 60L - Ehituslahendused","description":"Aiamuld on kvaliteetne must muld k\u00f5igi aiataimede istutamiseks ja muru rajamiseks.Aiamuld sobib nii p\u00fcsiku- ja lillepeenarde rajamiseks kui ka aia ja peenramaa maaparandust\u00f6\u00f6deks.Toormena on kasutatud eri k\u00f5dunemisastmega turbasorte, peenliiva ja savi.","robots":{"index":"index","follow":"follow","max-snippet":"max-snippet:-1","max-image-preview":"max-image-preview:large","max-video-preview":"max-video-preview:-1"},"canonical":"https:\/\/justbuildit.eu\/en\/pood\/espak\/aiamuld-kekkila-60l\/","og_locale":"en_US","og_type":"article","og_title":"AIAMULD KEKKIL\u00c4 60L","og_description":"Aiamuld on kvaliteetne must muld k\u00f5igi aiataimede istutamiseks ja muru rajamiseks.Aiamuld sobib nii p\u00fcsiku- ja lillepeenarde rajamiseks kui ka aia ja peenramaa maaparandust\u00f6\u00f6deks.Toormena on kasutatud eri k\u00f5dunemisastmega turbasorte, peenliiva ja savi.","og_url":"https:\/\/justbuildit.eu\/en\/pood\/espak\/aiamuld-kekkila-60l\/","og_site_name":"Ehituslahendused","article_publisher":"https:\/\/www.facebook.com\/justbuildit.ee","article_modified_time":"2026-04-18T09:00:18+00:00","og_image":[{"width":800,"height":800,"url":"https:\/\/justbuildit.eu\/wp-content\/uploads\/2026\/03\/MUSTMULD-GARDEN-SOIL-60L.jpg","type":"image\/jpeg"}],"twitter_card":"summary_large_image","schema":{"@context":"https:\/\/schema.org","@graph":[{"@type":"WebPage","@id":"https:\/\/justbuildit.eu\/en\/pood\/espak\/aiamuld-kekkila-60l\/","url":"https:\/\/justbuildit.eu\/en\/pood\/espak\/aiamuld-kekkila-60l\/","name":"AIAMULD KEKKIL\u00c4 60L - Ehituslahendused","isPartOf":{"@id":"https:\/\/justbuildit.eu\/en\/#website"},"primaryImageOfPage":{"@id":"https:\/\/justbuildit.eu\/en\/pood\/espak\/aiamuld-kekkila-60l\/#primaryimage"},"image":{"@id":"https:\/\/justbuildit.eu\/en\/pood\/espak\/aiamuld-kekkila-60l\/#primaryimage"},"thumbnailUrl":"https:\/\/justbuildit.eu\/wp-content\/uploads\/2026\/03\/MUSTMULD-GARDEN-SOIL-60L.jpg","datePublished":"2026-03-28T06:41:14+00:00","dateModified":"2026-04-18T09:00:18+00:00","description":"Aiamuld on kvaliteetne must muld k\u00f5igi aiataimede istutamiseks ja muru rajamiseks.Aiamuld sobib nii p\u00fcsiku- ja lillepeenarde rajamiseks kui ka aia ja peenramaa maaparandust\u00f6\u00f6deks.Toormena on kasutatud eri k\u00f5dunemisastmega turbasorte, peenliiva ja savi.","breadcrumb":{"@id":"https:\/\/justbuildit.eu\/en\/pood\/espak\/aiamuld-kekkila-60l\/#breadcrumb"},"inLanguage":"en-US","potentialAction":[{"@type":"ReadAction","target":["https:\/\/justbuildit.eu\/en\/pood\/espak\/aiamuld-kekkila-60l\/"]}]},{"@type":"ImageObject","inLanguage":"en-US","@id":"https:\/\/justbuildit.eu\/en\/pood\/espak\/aiamuld-kekkila-60l\/#primaryimage","url":"https:\/\/justbuildit.eu\/wp-content\/uploads\/2026\/03\/MUSTMULD-GARDEN-SOIL-60L.jpg","contentUrl":"https:\/\/justbuildit.eu\/wp-content\/uploads\/2026\/03\/MUSTMULD-GARDEN-SOIL-60L.jpg","width":800,"height":800},{"@type":"BreadcrumbList","@id":"https:\/\/justbuildit.eu\/en\/pood\/espak\/aiamuld-kekkila-60l\/#breadcrumb","itemListElement":[{"@type":"ListItem","position":1,"name":"Home","item":"https:\/\/justbuildit.eu\/en\/"},{"@type":"ListItem","position":2,"name":"Shop","item":"https:\/\/justbuildit.eu\/en\/building-materials\/"},{"@type":"ListItem","position":3,"name":"AIAMULD KEKKIL\u00c4 60L"}]},{"@type":"WebSite","@id":"https:\/\/justbuildit.eu\/en\/#website","url":"https:\/\/justbuildit.eu\/en\/","name":"Ehituslahendused","description":"Ehituslahendused ja materjalid","publisher":{"@id":"https:\/\/justbuildit.eu\/en\/#organization"},"potentialAction":[{"@type":"SearchAction","target":{"@type":"EntryPoint","urlTemplate":"https:\/\/justbuildit.eu\/en\/?s={search_term_string}"},"query-input":{"@type":"PropertyValueSpecification","valueRequired":true,"valueName":"search_term_string"}}],"inLanguage":"en-US"},{"@type":"Organization","@id":"https:\/\/justbuildit.eu\/en\/#organization","name":"Just Build It O\u00dc","url":"https:\/\/justbuildit.eu\/en\/","logo":{"@type":"ImageObject","inLanguage":"en-US","@id":"https:\/\/justbuildit.eu\/en\/#\/schema\/logo\/image\/","url":"https:\/\/justbuildit.eu\/wp-content\/uploads\/2022\/01\/justbuildit.png","contentUrl":"https:\/\/justbuildit.eu\/wp-content\/uploads\/2022\/01\/justbuildit.png","width":173,"height":77,"caption":"Just Build It O\u00dc"},"image":{"@id":"https:\/\/justbuildit.eu\/en\/#\/schema\/logo\/image\/"},"sameAs":["https:\/\/www.facebook.com\/justbuildit.ee"]}]}},"_links":{"self":[{"href":"https:\/\/justbuildit.eu\/en\/wp-json\/wp\/v2\/product\/643578","targetHints":{"allow":["GET"]}}],"collection":[{"href":"https:\/\/justbuildit.eu\/en\/wp-json\/wp\/v2\/product"}],"about":[{"href":"https:\/\/justbuildit.eu\/en\/wp-json\/wp\/v2\/types\/product"}],"replies":[{"embeddable":true,"href":"https:\/\/justbuildit.eu\/en\/wp-json\/wp\/v2\/comments?post=643578"}],"wp:featuredmedia":[{"embeddable":true,"href":"https:\/\/justbuildit.eu\/en\/wp-json\/wp\/v2\/media\/643579"}],"wp:attachment":[{"href":"https:\/\/justbuildit.eu\/en\/wp-json\/wp\/v2\/media?parent=643578"}],"wp:term":[{"taxonomy":"product_brand","embeddable":true,"href":"https:\/\/justbuildit.eu\/en\/wp-json\/wp\/v2\/product_brand?post=643578"},{"taxonomy":"product_cat","embeddable":true,"href":"https:\/\/justbuildit.eu\/en\/wp-json\/wp\/v2\/product_cat?post=643578"},{"taxonomy":"product_tag","embeddable":true,"href":"https:\/\/justbuildit.eu\/en\/wp-json\/wp\/v2\/product_tag?post=643578"}],"curies":[{"name":"wp","href":"https:\/\/api.w.org\/{rel}","templated":true}]}}