{"id":646138,"date":"2026-04-05T09:49:51","date_gmt":"2026-04-05T06:49:51","guid":{"rendered":"https:\/\/justbuildit.eu\/?post_type=product&#038;p=646138"},"modified":"2026-04-11T12:00:11","modified_gmt":"2026-04-11T09:00:11","slug":"geotekstiil-2x100m-85-95g-m2-must","status":"publish","type":"product","link":"https:\/\/justbuildit.eu\/en\/pood\/aiakaubad\/geotekstiil-2x100m-85-95g-m2-must\/","title":{"rendered":"Geotekstiil 2x100m 85-95g\/m2 must"},"content":{"rendered":"<p>Kangas laseb h\u00e4sti l\u00e4bi \u00f5hku ja vett, kuid hoiab seejuures \u00e4ra erinevate irdpinnaste omavahelise segunemise. Filtreerib vett ja takistab seega peeneteralise irdpinnase liikumise karedamatesse maakihtidesse. Kaitseb h\u00e4sti ka terrasside ja peenarde, kallaste ja randade erosiooni eest.<\/p>\n<p>Filterkanga abil:<\/p>\n<ul>\n<li>Eraldatakse \u00fcksteisest erinevad pinnaseliigid<\/li>\n<li>Tugevdatakse ja stabiliseeritakse ehk kindlustatakse konstruktsioone<\/li>\n<li>\u00dchendatakse pinnaseliike, ennetatakse erosiooni teket<\/li>\n<li>Ennetatakse \/ t\u00f5kestatakse mullavee poolt tekitatud kahjustusi<\/li>\n<li>Pidurdatakse umbrohu kasvu<\/li>\n<li>Filtreeritakse vett ja kuivatatakse konstruktsioone<\/li>\n<\/ul>\n<p>Kasutusalad:<\/p>\n<ul>\n<li>Teed ja parkimiskohad<\/li>\n<li>Aiad ja \u00f5ueplaatkatted<\/li>\n<li>Palli- ja m\u00e4nguv\u00e4ljakud \/ spordirajad<\/li>\n<li>Ujumisrannad<\/li>\n<li>Hoonete vundamendid ja betoonvalud<\/li>\n<li>Rannaehituse vundamendid ja kaitsevallid<\/li>\n<li>Drenaa\u017eid ja maa kuivatus<\/li>\n<li>Tugim\u00fc\u00fcrid ja vallid<\/li>\n<\/ul>\n","protected":false},"excerpt":{"rendered":"<p>Kangas laseb h\u00e4sti l\u00e4bi \u00f5hku ja vett, kuid hoiab seejuures \u00e4ra erinevate irdpinnaste omavahelise segunemise. Filtreerib vett ja takistab seega peeneteralise irdpinnase liikumise karedamatesse maakihtidesse. Kaitseb h\u00e4sti ka terrasside ja peenarde, kallaste ja randade erosiooni eest.<\/p>","protected":false},"featured_media":646139,"comment_status":"open","ping_status":"closed","template":"","meta":{"_acf_changed":false},"product_brand":[],"product_cat":[51,497],"product_tag":[],"class_list":{"0":"post-646138","1":"product","2":"type-product","3":"status-publish","4":"has-post-thumbnail","6":"product_cat-aiakaubad","7":"product_cat-puumarket","9":"first","10":"instock","11":"shipping-taxable","12":"purchasable","13":"product-type-simple"},"acf":[],"yoast_head":"<!-- This site is optimized with the Yoast SEO Premium plugin v18.7 (Yoast SEO v26.5) - https:\/\/yoast.com\/wordpress\/plugins\/seo\/ -->\n<title>Geotekstiil 2x100m 85-95g\/m2 must - Ehituslahendused<\/title>\n<meta name=\"description\" content=\"filterkangas on valmistatud pol\u00fcprop\u00fcleenist, Kangas laseb h\u00e4sti l\u00e4bi \u00f5hku ja vett, kuid hoiab seejuures \u00e4ra erinevate irdpinnaste omavahelise segunemise\" \/>\n<meta name=\"robots\" content=\"index, follow, max-snippet:-1, max-image-preview:large, max-video-preview:-1\" \/>\n<link rel=\"canonical\" href=\"https:\/\/justbuildit.eu\/en\/pood\/aiakaubad\/geotekstiil-2x100m-85-95g-m2-must\/\" \/>\n<meta property=\"og:locale\" content=\"en_US\" \/>\n<meta property=\"og:type\" content=\"article\" \/>\n<meta property=\"og:title\" content=\"Geotekstiil 2x100m 85-95g\/m2 must\" \/>\n<meta property=\"og:description\" content=\"filterkangas on valmistatud pol\u00fcprop\u00fcleenist, Kangas laseb h\u00e4sti l\u00e4bi \u00f5hku ja vett, kuid hoiab seejuures \u00e4ra erinevate irdpinnaste omavahelise segunemise\" \/>\n<meta property=\"og:url\" content=\"https:\/\/justbuildit.eu\/en\/pood\/aiakaubad\/geotekstiil-2x100m-85-95g-m2-must\/\" \/>\n<meta property=\"og:site_name\" content=\"Ehituslahendused\" \/>\n<meta property=\"article:publisher\" content=\"https:\/\/www.facebook.com\/justbuildit.ee\" \/>\n<meta property=\"article:modified_time\" content=\"2026-04-11T09:00:11+00:00\" \/>\n<meta property=\"og:image\" content=\"https:\/\/justbuildit.eu\/wp-content\/uploads\/2026\/04\/115307.jpg\" \/>\n\t<meta property=\"og:image:width\" content=\"709\" \/>\n\t<meta property=\"og:image:height\" content=\"709\" \/>\n\t<meta property=\"og:image:type\" content=\"image\/jpeg\" \/>\n<meta name=\"twitter:card\" content=\"summary_large_image\" \/>\n<script type=\"application\/ld+json\" class=\"yoast-schema-graph\">{\"@context\":\"https:\/\/schema.org\",\"@graph\":[{\"@type\":\"WebPage\",\"@id\":\"https:\/\/justbuildit.eu\/en\/pood\/aiakaubad\/geotekstiil-2x100m-85-95g-m2-must\/\",\"url\":\"https:\/\/justbuildit.eu\/en\/pood\/aiakaubad\/geotekstiil-2x100m-85-95g-m2-must\/\",\"name\":\"Geotekstiil 2x100m 85-95g\/m2 must - Ehituslahendused\",\"isPartOf\":{\"@id\":\"https:\/\/justbuildit.eu\/en\/#website\"},\"primaryImageOfPage\":{\"@id\":\"https:\/\/justbuildit.eu\/en\/pood\/aiakaubad\/geotekstiil-2x100m-85-95g-m2-must\/#primaryimage\"},\"image\":{\"@id\":\"https:\/\/justbuildit.eu\/en\/pood\/aiakaubad\/geotekstiil-2x100m-85-95g-m2-must\/#primaryimage\"},\"thumbnailUrl\":\"https:\/\/justbuildit.eu\/wp-content\/uploads\/2026\/04\/115307.jpg\",\"datePublished\":\"2026-04-05T06:49:51+00:00\",\"dateModified\":\"2026-04-11T09:00:11+00:00\",\"description\":\"filterkangas on valmistatud pol\u00fcprop\u00fcleenist, Kangas laseb h\u00e4sti l\u00e4bi \u00f5hku ja vett, kuid hoiab seejuures \u00e4ra erinevate irdpinnaste omavahelise segunemise\",\"breadcrumb\":{\"@id\":\"https:\/\/justbuildit.eu\/en\/pood\/aiakaubad\/geotekstiil-2x100m-85-95g-m2-must\/#breadcrumb\"},\"inLanguage\":\"en-US\",\"potentialAction\":[{\"@type\":\"ReadAction\",\"target\":[\"https:\/\/justbuildit.eu\/en\/pood\/aiakaubad\/geotekstiil-2x100m-85-95g-m2-must\/\"]}]},{\"@type\":\"ImageObject\",\"inLanguage\":\"en-US\",\"@id\":\"https:\/\/justbuildit.eu\/en\/pood\/aiakaubad\/geotekstiil-2x100m-85-95g-m2-must\/#primaryimage\",\"url\":\"https:\/\/justbuildit.eu\/wp-content\/uploads\/2026\/04\/115307.jpg\",\"contentUrl\":\"https:\/\/justbuildit.eu\/wp-content\/uploads\/2026\/04\/115307.jpg\",\"width\":709,\"height\":709},{\"@type\":\"BreadcrumbList\",\"@id\":\"https:\/\/justbuildit.eu\/en\/pood\/aiakaubad\/geotekstiil-2x100m-85-95g-m2-must\/#breadcrumb\",\"itemListElement\":[{\"@type\":\"ListItem\",\"position\":1,\"name\":\"Home\",\"item\":\"https:\/\/justbuildit.eu\/en\/\"},{\"@type\":\"ListItem\",\"position\":2,\"name\":\"Shop\",\"item\":\"https:\/\/justbuildit.eu\/en\/building-materials\/\"},{\"@type\":\"ListItem\",\"position\":3,\"name\":\"Geotekstiil 2x100m 85-95g\/m2 must\"}]},{\"@type\":\"WebSite\",\"@id\":\"https:\/\/justbuildit.eu\/en\/#website\",\"url\":\"https:\/\/justbuildit.eu\/en\/\",\"name\":\"Ehituslahendused\",\"description\":\"Ehituslahendused ja materjalid\",\"publisher\":{\"@id\":\"https:\/\/justbuildit.eu\/en\/#organization\"},\"potentialAction\":[{\"@type\":\"SearchAction\",\"target\":{\"@type\":\"EntryPoint\",\"urlTemplate\":\"https:\/\/justbuildit.eu\/en\/?s={search_term_string}\"},\"query-input\":{\"@type\":\"PropertyValueSpecification\",\"valueRequired\":true,\"valueName\":\"search_term_string\"}}],\"inLanguage\":\"en-US\"},{\"@type\":\"Organization\",\"@id\":\"https:\/\/justbuildit.eu\/en\/#organization\",\"name\":\"Just Build It O\u00dc\",\"url\":\"https:\/\/justbuildit.eu\/en\/\",\"logo\":{\"@type\":\"ImageObject\",\"inLanguage\":\"en-US\",\"@id\":\"https:\/\/justbuildit.eu\/en\/#\/schema\/logo\/image\/\",\"url\":\"https:\/\/justbuildit.eu\/wp-content\/uploads\/2022\/01\/justbuildit.png\",\"contentUrl\":\"https:\/\/justbuildit.eu\/wp-content\/uploads\/2022\/01\/justbuildit.png\",\"width\":173,\"height\":77,\"caption\":\"Just Build It O\u00dc\"},\"image\":{\"@id\":\"https:\/\/justbuildit.eu\/en\/#\/schema\/logo\/image\/\"},\"sameAs\":[\"https:\/\/www.facebook.com\/justbuildit.ee\"]}]}<\/script>\n<!-- \/ Yoast SEO Premium plugin. -->","yoast_head_json":{"title":"Geotekstiil 2x100m 85-95g\/m2 must - Ehituslahendused","description":"filterkangas on valmistatud pol\u00fcprop\u00fcleenist, Kangas laseb h\u00e4sti l\u00e4bi \u00f5hku ja vett, kuid hoiab seejuures \u00e4ra erinevate irdpinnaste omavahelise segunemise","robots":{"index":"index","follow":"follow","max-snippet":"max-snippet:-1","max-image-preview":"max-image-preview:large","max-video-preview":"max-video-preview:-1"},"canonical":"https:\/\/justbuildit.eu\/en\/pood\/aiakaubad\/geotekstiil-2x100m-85-95g-m2-must\/","og_locale":"en_US","og_type":"article","og_title":"Geotekstiil 2x100m 85-95g\/m2 must","og_description":"filterkangas on valmistatud pol\u00fcprop\u00fcleenist, Kangas laseb h\u00e4sti l\u00e4bi \u00f5hku ja vett, kuid hoiab seejuures \u00e4ra erinevate irdpinnaste omavahelise segunemise","og_url":"https:\/\/justbuildit.eu\/en\/pood\/aiakaubad\/geotekstiil-2x100m-85-95g-m2-must\/","og_site_name":"Ehituslahendused","article_publisher":"https:\/\/www.facebook.com\/justbuildit.ee","article_modified_time":"2026-04-11T09:00:11+00:00","og_image":[{"width":709,"height":709,"url":"https:\/\/justbuildit.eu\/wp-content\/uploads\/2026\/04\/115307.jpg","type":"image\/jpeg"}],"twitter_card":"summary_large_image","schema":{"@context":"https:\/\/schema.org","@graph":[{"@type":"WebPage","@id":"https:\/\/justbuildit.eu\/en\/pood\/aiakaubad\/geotekstiil-2x100m-85-95g-m2-must\/","url":"https:\/\/justbuildit.eu\/en\/pood\/aiakaubad\/geotekstiil-2x100m-85-95g-m2-must\/","name":"Geotekstiil 2x100m 85-95g\/m2 must - Ehituslahendused","isPartOf":{"@id":"https:\/\/justbuildit.eu\/en\/#website"},"primaryImageOfPage":{"@id":"https:\/\/justbuildit.eu\/en\/pood\/aiakaubad\/geotekstiil-2x100m-85-95g-m2-must\/#primaryimage"},"image":{"@id":"https:\/\/justbuildit.eu\/en\/pood\/aiakaubad\/geotekstiil-2x100m-85-95g-m2-must\/#primaryimage"},"thumbnailUrl":"https:\/\/justbuildit.eu\/wp-content\/uploads\/2026\/04\/115307.jpg","datePublished":"2026-04-05T06:49:51+00:00","dateModified":"2026-04-11T09:00:11+00:00","description":"filterkangas on valmistatud pol\u00fcprop\u00fcleenist, Kangas laseb h\u00e4sti l\u00e4bi \u00f5hku ja vett, kuid hoiab seejuures \u00e4ra erinevate irdpinnaste omavahelise segunemise","breadcrumb":{"@id":"https:\/\/justbuildit.eu\/en\/pood\/aiakaubad\/geotekstiil-2x100m-85-95g-m2-must\/#breadcrumb"},"inLanguage":"en-US","potentialAction":[{"@type":"ReadAction","target":["https:\/\/justbuildit.eu\/en\/pood\/aiakaubad\/geotekstiil-2x100m-85-95g-m2-must\/"]}]},{"@type":"ImageObject","inLanguage":"en-US","@id":"https:\/\/justbuildit.eu\/en\/pood\/aiakaubad\/geotekstiil-2x100m-85-95g-m2-must\/#primaryimage","url":"https:\/\/justbuildit.eu\/wp-content\/uploads\/2026\/04\/115307.jpg","contentUrl":"https:\/\/justbuildit.eu\/wp-content\/uploads\/2026\/04\/115307.jpg","width":709,"height":709},{"@type":"BreadcrumbList","@id":"https:\/\/justbuildit.eu\/en\/pood\/aiakaubad\/geotekstiil-2x100m-85-95g-m2-must\/#breadcrumb","itemListElement":[{"@type":"ListItem","position":1,"name":"Home","item":"https:\/\/justbuildit.eu\/en\/"},{"@type":"ListItem","position":2,"name":"Shop","item":"https:\/\/justbuildit.eu\/en\/building-materials\/"},{"@type":"ListItem","position":3,"name":"Geotekstiil 2x100m 85-95g\/m2 must"}]},{"@type":"WebSite","@id":"https:\/\/justbuildit.eu\/en\/#website","url":"https:\/\/justbuildit.eu\/en\/","name":"Ehituslahendused","description":"Ehituslahendused ja materjalid","publisher":{"@id":"https:\/\/justbuildit.eu\/en\/#organization"},"potentialAction":[{"@type":"SearchAction","target":{"@type":"EntryPoint","urlTemplate":"https:\/\/justbuildit.eu\/en\/?s={search_term_string}"},"query-input":{"@type":"PropertyValueSpecification","valueRequired":true,"valueName":"search_term_string"}}],"inLanguage":"en-US"},{"@type":"Organization","@id":"https:\/\/justbuildit.eu\/en\/#organization","name":"Just Build It O\u00dc","url":"https:\/\/justbuildit.eu\/en\/","logo":{"@type":"ImageObject","inLanguage":"en-US","@id":"https:\/\/justbuildit.eu\/en\/#\/schema\/logo\/image\/","url":"https:\/\/justbuildit.eu\/wp-content\/uploads\/2022\/01\/justbuildit.png","contentUrl":"https:\/\/justbuildit.eu\/wp-content\/uploads\/2022\/01\/justbuildit.png","width":173,"height":77,"caption":"Just Build It O\u00dc"},"image":{"@id":"https:\/\/justbuildit.eu\/en\/#\/schema\/logo\/image\/"},"sameAs":["https:\/\/www.facebook.com\/justbuildit.ee"]}]}},"_links":{"self":[{"href":"https:\/\/justbuildit.eu\/en\/wp-json\/wp\/v2\/product\/646138","targetHints":{"allow":["GET"]}}],"collection":[{"href":"https:\/\/justbuildit.eu\/en\/wp-json\/wp\/v2\/product"}],"about":[{"href":"https:\/\/justbuildit.eu\/en\/wp-json\/wp\/v2\/types\/product"}],"replies":[{"embeddable":true,"href":"https:\/\/justbuildit.eu\/en\/wp-json\/wp\/v2\/comments?post=646138"}],"wp:featuredmedia":[{"embeddable":true,"href":"https:\/\/justbuildit.eu\/en\/wp-json\/wp\/v2\/media\/646139"}],"wp:attachment":[{"href":"https:\/\/justbuildit.eu\/en\/wp-json\/wp\/v2\/media?parent=646138"}],"wp:term":[{"taxonomy":"product_brand","embeddable":true,"href":"https:\/\/justbuildit.eu\/en\/wp-json\/wp\/v2\/product_brand?post=646138"},{"taxonomy":"product_cat","embeddable":true,"href":"https:\/\/justbuildit.eu\/en\/wp-json\/wp\/v2\/product_cat?post=646138"},{"taxonomy":"product_tag","embeddable":true,"href":"https:\/\/justbuildit.eu\/en\/wp-json\/wp\/v2\/product_tag?post=646138"}],"curies":[{"name":"wp","href":"https:\/\/api.w.org\/{rel}","templated":true}]}}