{"id":646150,"date":"2026-04-05T10:07:35","date_gmt":"2026-04-05T07:07:35","guid":{"rendered":"https:\/\/justbuildit.eu\/?post_type=product&#038;p=646150"},"modified":"2026-04-11T12:00:10","modified_gmt":"2026-04-11T09:00:10","slug":"isolatsioon-jackofoam-xps-300-100x585x1185mm-277m2","status":"publish","type":"product","link":"https:\/\/justbuildit.eu\/en\/pood\/isolatsioonimaterjalid\/vahtpolustureen-eps-xps\/isolatsioon-jackofoam-xps-300-100x585x1185mm-277m2\/","title":{"rendered":"Isolatsioon Jackofoam\u00ae XPS 300 100x585x1185mm, 2,77m2"},"content":{"rendered":"<p><b>Jackofoam<\/b><\/p>\n<p>Tugev ja vastupidav ekstrudeeritud pol\u00fcst\u00fcreenist (XPS) soojustusplaat, mille l\u00fchiajaline survetugevus on 10%-lise deformatsiooni juures 300 kN\/m\u00b2 (EN 826) ja millel on 15 mm poolpunnsoon k\u00f5igis servades.<\/p>\n<p>Jackofoam on k\u00f5rge pikaajalise koormustaluvusega \u2013 140 kN\/m\u00b2 (EN 1606) ning olematu veeimavusega 0,7 % (EN 12087) soojustusplaat, mis s\u00e4ilitab oma isolatsiooniv\u00f5ime ja tugevuse ka rasketes tingimustes pinnases ja vee sees.<\/p>\n<p>Materjal on suure difusioonitakistusega, ? = 150 (EN 10456), ja talub h\u00e4sti k\u00fclmumis-sulamists\u00fckleid (EN 12091) niiskes keskkonnas. Jackofoam on ajas muutumatute omadustega soojusisolatsioon. Toode on lagunemiskindel ja ebasobiv seentele, mikroorganismidele ja kahjuritele.<\/p>\n<p>Jackofoam on keskkonnas\u00f5bralik materjal, mille tootmiseks ei kasutata CFC-, HCFC-, HFC-gaase ega muid osoonikihti h\u00e4vitavaid aineid. Kinnised k\u00e4rjed sisaldavad ainult \u00f5hku. Toode ei sisalda m\u00fcrgiseid tulekindlust t\u00f5stvaid broomi\u00fchendeid ja kuulub tuletundlikkuse Euroklassi F (EN 13501-1).<\/p>\n<p><b>Kasutuskohad:<\/b><\/p>\n<ul>\n<li>Perimeetri k\u00fclmakerkekaitse<\/li>\n<li>Keldriseinad, soklid, vundamendid<\/li>\n<li>Pinnasel p\u00f5randad, t\u00f6\u00f6stushoonete p\u00f5randad<\/li>\n<li>Vee- ja kanalisatsioonitrasside soojustus<\/li>\n<li>P\u00f6\u00f6ratud katused<\/li>\n<li>Mittek\u00f6etavad hooned ja insenerrajatised k\u00fclmakerkekaitseks<\/li>\n<\/ul>\n<p>Jackofoam sobib v\u00e4iksemate ja keskmiste koormuste jaoks. Materjali lagunemiskindluse t\u00f5ttu saab vana hoone lammutamisest j\u00e4rgi j\u00e4\u00e4nud Jackofoam-tooteid taaskasutada uutel ehitistel.<\/p>\n<p><b>Paigaldus:<\/b><br \/>\nJackofoam plaadid tuleb paigaldada tasasele alusele. Vertikaalse h\u00fcdroisolatsiooni korral kinnitatakse plaadid h\u00fcdroisolatsiooni k\u00fclge lahustivaba bituumenmastiksi weber.tec Superflex 10 v\u00f5i pol\u00fcuretaanvahtliimiga weber.therm PU Fix abil. Ilma h\u00fcdroisolatsioonita saab plaadid kinnitada ka plastt\u00fc\u00fcblitega.<\/p>\n<p>Sokli krohvimisel tuleb Jackofoam pind eelnevalt karestada (nt j\u00e4medama liivapaberiga) ja j\u00e4rgida krohvis\u00fcsteemi tootja juhiseid. <\/p>\n<p><b>Ladustamine:<\/b><br \/>\nTooteid tuleb kaitsta pikaajalise p\u00e4ikesekiirguse eest. K\u00e4sitlemisel j\u00e4rgida tootja juhiseid.<\/p>\n<p><b>NB!<\/b><br \/>XPS plaatide kasutamine ei taga vee piisavat \u00e4rajuhtimist<br \/>\n(sooni on v\u00f5imatu plaatidel kokku rihtida) ning halvendab konstruktsiooni ehitusf\u00fc\u00fcsikalist olukorda.<\/p>\n<p><b>LADUSTAMISTINGIMUSED:<\/b><br \/>\nPakendite ja toodete k\u00e4sitlemisel tuleb j\u00e4rgida pakendil<br \/>\nv\u00f5i tootja spetsiaalses kasutusjuhendis esitatud juhiseid.<br \/>\nJackofoami tooteid tuleb kaitsta pikaajalise p\u00e4ikesekiirguse eest!<\/p>\n","protected":false},"excerpt":{"rendered":"<p><b>Jackofoam<\/b><\/p>","protected":false},"featured_media":646151,"comment_status":"open","ping_status":"closed","template":"","meta":{"_acf_changed":false},"product_brand":[],"product_cat":[80,497],"product_tag":[],"class_list":{"0":"post-646150","1":"product","2":"type-product","3":"status-publish","4":"has-post-thumbnail","6":"product_cat-vahtpolustureen-eps-xps","7":"product_cat-puumarket","9":"first","10":"instock","11":"shipping-taxable","12":"purchasable","13":"product-type-simple"},"acf":[],"yoast_head":"<!-- This site is optimized with the Yoast SEO Premium plugin v18.7 (Yoast SEO v26.5) - https:\/\/yoast.com\/wordpress\/plugins\/seo\/ -->\n<title>Isolatsioon Jackofoam\u00ae XPS 300 100x585x1185mm, 2,77m2 - Ehituslahendused<\/title>\n<meta name=\"description\" content=\"Tugev ja vastupidav ekstrudeeritud pol\u00fcst\u00fcreenist XPS soojustusplaat\" \/>\n<meta name=\"robots\" content=\"index, follow, max-snippet:-1, max-image-preview:large, max-video-preview:-1\" \/>\n<link rel=\"canonical\" href=\"https:\/\/justbuildit.eu\/en\/pood\/isolatsioonimaterjalid\/vahtpolustureen-eps-xps\/isolatsioon-jackofoam-xps-300-100x585x1185mm-277m2\/\" \/>\n<meta property=\"og:locale\" content=\"en_US\" \/>\n<meta property=\"og:type\" content=\"article\" \/>\n<meta property=\"og:title\" content=\"Isolatsioon Jackofoam\u00ae XPS 300 100x585x1185mm, 2,77m2\" \/>\n<meta property=\"og:description\" content=\"Tugev ja vastupidav ekstrudeeritud pol\u00fcst\u00fcreenist XPS soojustusplaat\" \/>\n<meta property=\"og:url\" content=\"https:\/\/justbuildit.eu\/en\/pood\/isolatsioonimaterjalid\/vahtpolustureen-eps-xps\/isolatsioon-jackofoam-xps-300-100x585x1185mm-277m2\/\" \/>\n<meta property=\"og:site_name\" content=\"Ehituslahendused\" \/>\n<meta property=\"article:publisher\" content=\"https:\/\/www.facebook.com\/justbuildit.ee\" \/>\n<meta property=\"article:modified_time\" content=\"2026-04-11T09:00:10+00:00\" \/>\n<meta property=\"og:image\" content=\"https:\/\/justbuildit.eu\/wp-content\/uploads\/2026\/04\/115310.webp\" \/>\n\t<meta property=\"og:image:width\" content=\"709\" \/>\n\t<meta property=\"og:image:height\" content=\"709\" \/>\n\t<meta property=\"og:image:type\" content=\"image\/webp\" \/>\n<meta name=\"twitter:card\" content=\"summary_large_image\" \/>\n<script type=\"application\/ld+json\" class=\"yoast-schema-graph\">{\"@context\":\"https:\/\/schema.org\",\"@graph\":[{\"@type\":\"WebPage\",\"@id\":\"https:\/\/justbuildit.eu\/en\/pood\/isolatsioonimaterjalid\/vahtpolustureen-eps-xps\/isolatsioon-jackofoam-xps-300-100x585x1185mm-277m2\/\",\"url\":\"https:\/\/justbuildit.eu\/en\/pood\/isolatsioonimaterjalid\/vahtpolustureen-eps-xps\/isolatsioon-jackofoam-xps-300-100x585x1185mm-277m2\/\",\"name\":\"Isolatsioon Jackofoam\u00ae XPS 300 100x585x1185mm, 2,77m2 - Ehituslahendused\",\"isPartOf\":{\"@id\":\"https:\/\/justbuildit.eu\/en\/#website\"},\"primaryImageOfPage\":{\"@id\":\"https:\/\/justbuildit.eu\/en\/pood\/isolatsioonimaterjalid\/vahtpolustureen-eps-xps\/isolatsioon-jackofoam-xps-300-100x585x1185mm-277m2\/#primaryimage\"},\"image\":{\"@id\":\"https:\/\/justbuildit.eu\/en\/pood\/isolatsioonimaterjalid\/vahtpolustureen-eps-xps\/isolatsioon-jackofoam-xps-300-100x585x1185mm-277m2\/#primaryimage\"},\"thumbnailUrl\":\"https:\/\/justbuildit.eu\/wp-content\/uploads\/2026\/04\/115310.webp\",\"datePublished\":\"2026-04-05T07:07:35+00:00\",\"dateModified\":\"2026-04-11T09:00:10+00:00\",\"description\":\"Tugev ja vastupidav ekstrudeeritud pol\u00fcst\u00fcreenist XPS soojustusplaat\",\"breadcrumb\":{\"@id\":\"https:\/\/justbuildit.eu\/en\/pood\/isolatsioonimaterjalid\/vahtpolustureen-eps-xps\/isolatsioon-jackofoam-xps-300-100x585x1185mm-277m2\/#breadcrumb\"},\"inLanguage\":\"en-US\",\"potentialAction\":[{\"@type\":\"ReadAction\",\"target\":[\"https:\/\/justbuildit.eu\/en\/pood\/isolatsioonimaterjalid\/vahtpolustureen-eps-xps\/isolatsioon-jackofoam-xps-300-100x585x1185mm-277m2\/\"]}]},{\"@type\":\"ImageObject\",\"inLanguage\":\"en-US\",\"@id\":\"https:\/\/justbuildit.eu\/en\/pood\/isolatsioonimaterjalid\/vahtpolustureen-eps-xps\/isolatsioon-jackofoam-xps-300-100x585x1185mm-277m2\/#primaryimage\",\"url\":\"https:\/\/justbuildit.eu\/wp-content\/uploads\/2026\/04\/115310.webp\",\"contentUrl\":\"https:\/\/justbuildit.eu\/wp-content\/uploads\/2026\/04\/115310.webp\",\"width\":709,\"height\":709},{\"@type\":\"BreadcrumbList\",\"@id\":\"https:\/\/justbuildit.eu\/en\/pood\/isolatsioonimaterjalid\/vahtpolustureen-eps-xps\/isolatsioon-jackofoam-xps-300-100x585x1185mm-277m2\/#breadcrumb\",\"itemListElement\":[{\"@type\":\"ListItem\",\"position\":1,\"name\":\"Home\",\"item\":\"https:\/\/justbuildit.eu\/en\/\"},{\"@type\":\"ListItem\",\"position\":2,\"name\":\"Shop\",\"item\":\"https:\/\/justbuildit.eu\/en\/building-materials\/\"},{\"@type\":\"ListItem\",\"position\":3,\"name\":\"Isolatsioon Jackofoam\u00ae XPS 300 100x585x1185mm, 2,77m2\"}]},{\"@type\":\"WebSite\",\"@id\":\"https:\/\/justbuildit.eu\/en\/#website\",\"url\":\"https:\/\/justbuildit.eu\/en\/\",\"name\":\"Ehituslahendused\",\"description\":\"Ehituslahendused ja materjalid\",\"publisher\":{\"@id\":\"https:\/\/justbuildit.eu\/en\/#organization\"},\"potentialAction\":[{\"@type\":\"SearchAction\",\"target\":{\"@type\":\"EntryPoint\",\"urlTemplate\":\"https:\/\/justbuildit.eu\/en\/?s={search_term_string}\"},\"query-input\":{\"@type\":\"PropertyValueSpecification\",\"valueRequired\":true,\"valueName\":\"search_term_string\"}}],\"inLanguage\":\"en-US\"},{\"@type\":\"Organization\",\"@id\":\"https:\/\/justbuildit.eu\/en\/#organization\",\"name\":\"Just Build It O\u00dc\",\"url\":\"https:\/\/justbuildit.eu\/en\/\",\"logo\":{\"@type\":\"ImageObject\",\"inLanguage\":\"en-US\",\"@id\":\"https:\/\/justbuildit.eu\/en\/#\/schema\/logo\/image\/\",\"url\":\"https:\/\/justbuildit.eu\/wp-content\/uploads\/2022\/01\/justbuildit.png\",\"contentUrl\":\"https:\/\/justbuildit.eu\/wp-content\/uploads\/2022\/01\/justbuildit.png\",\"width\":173,\"height\":77,\"caption\":\"Just Build It O\u00dc\"},\"image\":{\"@id\":\"https:\/\/justbuildit.eu\/en\/#\/schema\/logo\/image\/\"},\"sameAs\":[\"https:\/\/www.facebook.com\/justbuildit.ee\"]}]}<\/script>\n<!-- \/ Yoast SEO Premium plugin. -->","yoast_head_json":{"title":"Isolatsioon Jackofoam\u00ae XPS 300 100x585x1185mm, 2,77m2 - Ehituslahendused","description":"Tugev ja vastupidav ekstrudeeritud pol\u00fcst\u00fcreenist XPS soojustusplaat","robots":{"index":"index","follow":"follow","max-snippet":"max-snippet:-1","max-image-preview":"max-image-preview:large","max-video-preview":"max-video-preview:-1"},"canonical":"https:\/\/justbuildit.eu\/en\/pood\/isolatsioonimaterjalid\/vahtpolustureen-eps-xps\/isolatsioon-jackofoam-xps-300-100x585x1185mm-277m2\/","og_locale":"en_US","og_type":"article","og_title":"Isolatsioon Jackofoam\u00ae XPS 300 100x585x1185mm, 2,77m2","og_description":"Tugev ja vastupidav ekstrudeeritud pol\u00fcst\u00fcreenist XPS soojustusplaat","og_url":"https:\/\/justbuildit.eu\/en\/pood\/isolatsioonimaterjalid\/vahtpolustureen-eps-xps\/isolatsioon-jackofoam-xps-300-100x585x1185mm-277m2\/","og_site_name":"Ehituslahendused","article_publisher":"https:\/\/www.facebook.com\/justbuildit.ee","article_modified_time":"2026-04-11T09:00:10+00:00","og_image":[{"width":709,"height":709,"url":"https:\/\/justbuildit.eu\/wp-content\/uploads\/2026\/04\/115310.webp","type":"image\/webp"}],"twitter_card":"summary_large_image","schema":{"@context":"https:\/\/schema.org","@graph":[{"@type":"WebPage","@id":"https:\/\/justbuildit.eu\/en\/pood\/isolatsioonimaterjalid\/vahtpolustureen-eps-xps\/isolatsioon-jackofoam-xps-300-100x585x1185mm-277m2\/","url":"https:\/\/justbuildit.eu\/en\/pood\/isolatsioonimaterjalid\/vahtpolustureen-eps-xps\/isolatsioon-jackofoam-xps-300-100x585x1185mm-277m2\/","name":"Isolatsioon Jackofoam\u00ae XPS 300 100x585x1185mm, 2,77m2 - Ehituslahendused","isPartOf":{"@id":"https:\/\/justbuildit.eu\/en\/#website"},"primaryImageOfPage":{"@id":"https:\/\/justbuildit.eu\/en\/pood\/isolatsioonimaterjalid\/vahtpolustureen-eps-xps\/isolatsioon-jackofoam-xps-300-100x585x1185mm-277m2\/#primaryimage"},"image":{"@id":"https:\/\/justbuildit.eu\/en\/pood\/isolatsioonimaterjalid\/vahtpolustureen-eps-xps\/isolatsioon-jackofoam-xps-300-100x585x1185mm-277m2\/#primaryimage"},"thumbnailUrl":"https:\/\/justbuildit.eu\/wp-content\/uploads\/2026\/04\/115310.webp","datePublished":"2026-04-05T07:07:35+00:00","dateModified":"2026-04-11T09:00:10+00:00","description":"Tugev ja vastupidav ekstrudeeritud pol\u00fcst\u00fcreenist XPS soojustusplaat","breadcrumb":{"@id":"https:\/\/justbuildit.eu\/en\/pood\/isolatsioonimaterjalid\/vahtpolustureen-eps-xps\/isolatsioon-jackofoam-xps-300-100x585x1185mm-277m2\/#breadcrumb"},"inLanguage":"en-US","potentialAction":[{"@type":"ReadAction","target":["https:\/\/justbuildit.eu\/en\/pood\/isolatsioonimaterjalid\/vahtpolustureen-eps-xps\/isolatsioon-jackofoam-xps-300-100x585x1185mm-277m2\/"]}]},{"@type":"ImageObject","inLanguage":"en-US","@id":"https:\/\/justbuildit.eu\/en\/pood\/isolatsioonimaterjalid\/vahtpolustureen-eps-xps\/isolatsioon-jackofoam-xps-300-100x585x1185mm-277m2\/#primaryimage","url":"https:\/\/justbuildit.eu\/wp-content\/uploads\/2026\/04\/115310.webp","contentUrl":"https:\/\/justbuildit.eu\/wp-content\/uploads\/2026\/04\/115310.webp","width":709,"height":709},{"@type":"BreadcrumbList","@id":"https:\/\/justbuildit.eu\/en\/pood\/isolatsioonimaterjalid\/vahtpolustureen-eps-xps\/isolatsioon-jackofoam-xps-300-100x585x1185mm-277m2\/#breadcrumb","itemListElement":[{"@type":"ListItem","position":1,"name":"Home","item":"https:\/\/justbuildit.eu\/en\/"},{"@type":"ListItem","position":2,"name":"Shop","item":"https:\/\/justbuildit.eu\/en\/building-materials\/"},{"@type":"ListItem","position":3,"name":"Isolatsioon Jackofoam\u00ae XPS 300 100x585x1185mm, 2,77m2"}]},{"@type":"WebSite","@id":"https:\/\/justbuildit.eu\/en\/#website","url":"https:\/\/justbuildit.eu\/en\/","name":"Ehituslahendused","description":"Ehituslahendused ja materjalid","publisher":{"@id":"https:\/\/justbuildit.eu\/en\/#organization"},"potentialAction":[{"@type":"SearchAction","target":{"@type":"EntryPoint","urlTemplate":"https:\/\/justbuildit.eu\/en\/?s={search_term_string}"},"query-input":{"@type":"PropertyValueSpecification","valueRequired":true,"valueName":"search_term_string"}}],"inLanguage":"en-US"},{"@type":"Organization","@id":"https:\/\/justbuildit.eu\/en\/#organization","name":"Just Build It O\u00dc","url":"https:\/\/justbuildit.eu\/en\/","logo":{"@type":"ImageObject","inLanguage":"en-US","@id":"https:\/\/justbuildit.eu\/en\/#\/schema\/logo\/image\/","url":"https:\/\/justbuildit.eu\/wp-content\/uploads\/2022\/01\/justbuildit.png","contentUrl":"https:\/\/justbuildit.eu\/wp-content\/uploads\/2022\/01\/justbuildit.png","width":173,"height":77,"caption":"Just Build It O\u00dc"},"image":{"@id":"https:\/\/justbuildit.eu\/en\/#\/schema\/logo\/image\/"},"sameAs":["https:\/\/www.facebook.com\/justbuildit.ee"]}]}},"_links":{"self":[{"href":"https:\/\/justbuildit.eu\/en\/wp-json\/wp\/v2\/product\/646150","targetHints":{"allow":["GET"]}}],"collection":[{"href":"https:\/\/justbuildit.eu\/en\/wp-json\/wp\/v2\/product"}],"about":[{"href":"https:\/\/justbuildit.eu\/en\/wp-json\/wp\/v2\/types\/product"}],"replies":[{"embeddable":true,"href":"https:\/\/justbuildit.eu\/en\/wp-json\/wp\/v2\/comments?post=646150"}],"wp:featuredmedia":[{"embeddable":true,"href":"https:\/\/justbuildit.eu\/en\/wp-json\/wp\/v2\/media\/646151"}],"wp:attachment":[{"href":"https:\/\/justbuildit.eu\/en\/wp-json\/wp\/v2\/media?parent=646150"}],"wp:term":[{"taxonomy":"product_brand","embeddable":true,"href":"https:\/\/justbuildit.eu\/en\/wp-json\/wp\/v2\/product_brand?post=646150"},{"taxonomy":"product_cat","embeddable":true,"href":"https:\/\/justbuildit.eu\/en\/wp-json\/wp\/v2\/product_cat?post=646150"},{"taxonomy":"product_tag","embeddable":true,"href":"https:\/\/justbuildit.eu\/en\/wp-json\/wp\/v2\/product_tag?post=646150"}],"curies":[{"name":"wp","href":"https:\/\/api.w.org\/{rel}","templated":true}]}}