{"id":646171,"date":"2026-04-05T10:19:34","date_gmt":"2026-04-05T07:19:34","guid":{"rendered":"https:\/\/justbuildit.eu\/?post_type=product&#038;p=646171"},"modified":"2026-04-11T12:00:09","modified_gmt":"2026-04-11T09:00:09","slug":"soojustusplaat-eps-200-50-perimeeter-sulundliitega-20tk-12m2","status":"publish","type":"product","link":"https:\/\/justbuildit.eu\/en\/pood\/isolatsioonimaterjalid\/vahtpolustureen-eps-xps\/soojustusplaat-eps-200-50-perimeeter-sulundliitega-20tk-12m2\/","title":{"rendered":"Soojustusplaat EPS 200-50 Perimeeter sulundliitega (20tk\/12m2)"},"content":{"rendered":"<ul>\n<li>Plaadi pikkus x laius: 600x1000mm<\/li>\n<li>Plaadi paksus: 50mm<\/li>\n<li>Kogus pakis: 12m2<\/li>\n<li>V\u00e4ga hea niiskuskindlus \u2013 v\u00f5ib paigaldada otse pinnasesse.<\/li>\n<li>Suur koormustaluvus \u2013 peab vastu pinnase survele.<\/li>\n<li>Sulundliides tagab mugavama paigalduse.<\/li>\n<li>EPS 200 Foam on sulundliitega.<\/li>\n<li>EPS 200 Foam sobib kasutamiseks k\u00fclmakergete vastu kohtades, kus soojustusmaterjalile m\u00f5juvad suuremad pinnase v\u00f5i hoone\/rajatise koormused \u2013 s\u00fcgavate vundamentide, keldriseinte, terrasside, parklate, \u00f5uealade, jalgteede ja pinnases tehnorajatiste puhul.<\/li>\n<\/ul>\n","protected":false},"excerpt":{"rendered":"Plaadi pikkus x laius: 600x1000mm Plaadi paksus: 50mm Kogus pakis: 12m2 V\u00e4ga hea niiskuskindlus \u2013 v\u00f5ib paigaldada otse pinnasesse. Suur koormustaluvus \u2013 peab vastu pinnase survele. Sulundliides tagab mugavama paigalduse. EPS 200 Foam on sulundliitega. EPS 200 Foam sobib kasutamiseks k\u00fclmakergete vastu kohtades, kus soojustusmaterjalile m\u00f5juvad suuremad pinnase v\u00f5i hoone\/rajatise koormused \u2013 s\u00fcgavate vundamentide, keldriseinte, [&hellip;]","protected":false},"featured_media":646172,"comment_status":"open","ping_status":"closed","template":"","meta":{"_acf_changed":false},"product_brand":[],"product_cat":[80,497],"product_tag":[],"class_list":{"0":"post-646171","1":"product","2":"type-product","3":"status-publish","4":"has-post-thumbnail","6":"product_cat-vahtpolustureen-eps-xps","7":"product_cat-puumarket","9":"first","10":"outofstock","11":"shipping-taxable","12":"purchasable","13":"product-type-simple"},"acf":[],"yoast_head":"<!-- This site is optimized with the Yoast SEO Premium plugin v18.7 (Yoast SEO v26.5) - https:\/\/yoast.com\/wordpress\/plugins\/seo\/ -->\n<title>Soojustusplaat EPS 200-50 Perimeeter sulundliitega (20tk\/12m2) - Ehituslahendused<\/title>\n<meta name=\"description\" content=\"EPS 200 Foam sobib kasutamiseks k\u00fclmakergete vastu kohtades, kus soojustusmaterjalile m\u00f5juvad suuremad pinnase v\u00f5i hoone\/rajatise koormused \u2013 s\u00fcgavate vundamentide, keldriseinte, terrasside, parklate, \u00f5uealade, jalgteede ja pinnases tehnorajatiste puhul.\" \/>\n<meta name=\"robots\" content=\"index, follow, max-snippet:-1, max-image-preview:large, max-video-preview:-1\" \/>\n<link rel=\"canonical\" href=\"https:\/\/justbuildit.eu\/en\/pood\/isolatsioonimaterjalid\/vahtpolustureen-eps-xps\/soojustusplaat-eps-200-50-perimeeter-sulundliitega-20tk-12m2\/\" \/>\n<meta property=\"og:locale\" content=\"en_US\" \/>\n<meta property=\"og:type\" content=\"article\" \/>\n<meta property=\"og:title\" content=\"Soojustusplaat EPS 200-50 Perimeeter sulundliitega (20tk\/12m2)\" \/>\n<meta property=\"og:description\" content=\"EPS 200 Foam sobib kasutamiseks k\u00fclmakergete vastu kohtades, kus soojustusmaterjalile m\u00f5juvad suuremad pinnase v\u00f5i hoone\/rajatise koormused \u2013 s\u00fcgavate vundamentide, keldriseinte, terrasside, parklate, \u00f5uealade, jalgteede ja pinnases tehnorajatiste puhul.\" \/>\n<meta property=\"og:url\" content=\"https:\/\/justbuildit.eu\/en\/pood\/isolatsioonimaterjalid\/vahtpolustureen-eps-xps\/soojustusplaat-eps-200-50-perimeeter-sulundliitega-20tk-12m2\/\" \/>\n<meta property=\"og:site_name\" content=\"Ehituslahendused\" \/>\n<meta property=\"article:publisher\" content=\"https:\/\/www.facebook.com\/justbuildit.ee\" \/>\n<meta property=\"article:modified_time\" content=\"2026-04-11T09:00:09+00:00\" \/>\n<meta property=\"og:image\" content=\"https:\/\/justbuildit.eu\/wp-content\/uploads\/2026\/04\/110757.jpg\" \/>\n\t<meta property=\"og:image:width\" content=\"709\" \/>\n\t<meta property=\"og:image:height\" content=\"709\" \/>\n\t<meta property=\"og:image:type\" content=\"image\/jpeg\" \/>\n<meta name=\"twitter:card\" content=\"summary_large_image\" \/>\n<script type=\"application\/ld+json\" class=\"yoast-schema-graph\">{\"@context\":\"https:\/\/schema.org\",\"@graph\":[{\"@type\":\"WebPage\",\"@id\":\"https:\/\/justbuildit.eu\/en\/pood\/isolatsioonimaterjalid\/vahtpolustureen-eps-xps\/soojustusplaat-eps-200-50-perimeeter-sulundliitega-20tk-12m2\/\",\"url\":\"https:\/\/justbuildit.eu\/en\/pood\/isolatsioonimaterjalid\/vahtpolustureen-eps-xps\/soojustusplaat-eps-200-50-perimeeter-sulundliitega-20tk-12m2\/\",\"name\":\"Soojustusplaat EPS 200-50 Perimeeter sulundliitega (20tk\/12m2) - Ehituslahendused\",\"isPartOf\":{\"@id\":\"https:\/\/justbuildit.eu\/en\/#website\"},\"primaryImageOfPage\":{\"@id\":\"https:\/\/justbuildit.eu\/en\/pood\/isolatsioonimaterjalid\/vahtpolustureen-eps-xps\/soojustusplaat-eps-200-50-perimeeter-sulundliitega-20tk-12m2\/#primaryimage\"},\"image\":{\"@id\":\"https:\/\/justbuildit.eu\/en\/pood\/isolatsioonimaterjalid\/vahtpolustureen-eps-xps\/soojustusplaat-eps-200-50-perimeeter-sulundliitega-20tk-12m2\/#primaryimage\"},\"thumbnailUrl\":\"https:\/\/justbuildit.eu\/wp-content\/uploads\/2026\/04\/110757.jpg\",\"datePublished\":\"2026-04-05T07:19:34+00:00\",\"dateModified\":\"2026-04-11T09:00:09+00:00\",\"description\":\"EPS 200 Foam sobib kasutamiseks k\u00fclmakergete vastu kohtades, kus soojustusmaterjalile m\u00f5juvad suuremad pinnase v\u00f5i hoone\/rajatise koormused \u2013 s\u00fcgavate vundamentide, keldriseinte, terrasside, parklate, \u00f5uealade, jalgteede ja pinnases tehnorajatiste puhul.\",\"breadcrumb\":{\"@id\":\"https:\/\/justbuildit.eu\/en\/pood\/isolatsioonimaterjalid\/vahtpolustureen-eps-xps\/soojustusplaat-eps-200-50-perimeeter-sulundliitega-20tk-12m2\/#breadcrumb\"},\"inLanguage\":\"en-US\",\"potentialAction\":[{\"@type\":\"ReadAction\",\"target\":[\"https:\/\/justbuildit.eu\/en\/pood\/isolatsioonimaterjalid\/vahtpolustureen-eps-xps\/soojustusplaat-eps-200-50-perimeeter-sulundliitega-20tk-12m2\/\"]}]},{\"@type\":\"ImageObject\",\"inLanguage\":\"en-US\",\"@id\":\"https:\/\/justbuildit.eu\/en\/pood\/isolatsioonimaterjalid\/vahtpolustureen-eps-xps\/soojustusplaat-eps-200-50-perimeeter-sulundliitega-20tk-12m2\/#primaryimage\",\"url\":\"https:\/\/justbuildit.eu\/wp-content\/uploads\/2026\/04\/110757.jpg\",\"contentUrl\":\"https:\/\/justbuildit.eu\/wp-content\/uploads\/2026\/04\/110757.jpg\",\"width\":709,\"height\":709},{\"@type\":\"BreadcrumbList\",\"@id\":\"https:\/\/justbuildit.eu\/en\/pood\/isolatsioonimaterjalid\/vahtpolustureen-eps-xps\/soojustusplaat-eps-200-50-perimeeter-sulundliitega-20tk-12m2\/#breadcrumb\",\"itemListElement\":[{\"@type\":\"ListItem\",\"position\":1,\"name\":\"Home\",\"item\":\"https:\/\/justbuildit.eu\/en\/\"},{\"@type\":\"ListItem\",\"position\":2,\"name\":\"Shop\",\"item\":\"https:\/\/justbuildit.eu\/en\/building-materials\/\"},{\"@type\":\"ListItem\",\"position\":3,\"name\":\"Soojustusplaat EPS 200-50 Perimeeter sulundliitega (20tk\/12m2)\"}]},{\"@type\":\"WebSite\",\"@id\":\"https:\/\/justbuildit.eu\/en\/#website\",\"url\":\"https:\/\/justbuildit.eu\/en\/\",\"name\":\"Ehituslahendused\",\"description\":\"Ehituslahendused ja materjalid\",\"publisher\":{\"@id\":\"https:\/\/justbuildit.eu\/en\/#organization\"},\"potentialAction\":[{\"@type\":\"SearchAction\",\"target\":{\"@type\":\"EntryPoint\",\"urlTemplate\":\"https:\/\/justbuildit.eu\/en\/?s={search_term_string}\"},\"query-input\":{\"@type\":\"PropertyValueSpecification\",\"valueRequired\":true,\"valueName\":\"search_term_string\"}}],\"inLanguage\":\"en-US\"},{\"@type\":\"Organization\",\"@id\":\"https:\/\/justbuildit.eu\/en\/#organization\",\"name\":\"Just Build It O\u00dc\",\"url\":\"https:\/\/justbuildit.eu\/en\/\",\"logo\":{\"@type\":\"ImageObject\",\"inLanguage\":\"en-US\",\"@id\":\"https:\/\/justbuildit.eu\/en\/#\/schema\/logo\/image\/\",\"url\":\"https:\/\/justbuildit.eu\/wp-content\/uploads\/2022\/01\/justbuildit.png\",\"contentUrl\":\"https:\/\/justbuildit.eu\/wp-content\/uploads\/2022\/01\/justbuildit.png\",\"width\":173,\"height\":77,\"caption\":\"Just Build It O\u00dc\"},\"image\":{\"@id\":\"https:\/\/justbuildit.eu\/en\/#\/schema\/logo\/image\/\"},\"sameAs\":[\"https:\/\/www.facebook.com\/justbuildit.ee\"]}]}<\/script>\n<!-- \/ Yoast SEO Premium plugin. -->","yoast_head_json":{"title":"Soojustusplaat EPS 200-50 Perimeeter sulundliitega (20tk\/12m2) - Ehituslahendused","description":"EPS 200 Foam sobib kasutamiseks k\u00fclmakergete vastu kohtades, kus soojustusmaterjalile m\u00f5juvad suuremad pinnase v\u00f5i hoone\/rajatise koormused \u2013 s\u00fcgavate vundamentide, keldriseinte, terrasside, parklate, \u00f5uealade, jalgteede ja pinnases tehnorajatiste puhul.","robots":{"index":"index","follow":"follow","max-snippet":"max-snippet:-1","max-image-preview":"max-image-preview:large","max-video-preview":"max-video-preview:-1"},"canonical":"https:\/\/justbuildit.eu\/en\/pood\/isolatsioonimaterjalid\/vahtpolustureen-eps-xps\/soojustusplaat-eps-200-50-perimeeter-sulundliitega-20tk-12m2\/","og_locale":"en_US","og_type":"article","og_title":"Soojustusplaat EPS 200-50 Perimeeter sulundliitega (20tk\/12m2)","og_description":"EPS 200 Foam sobib kasutamiseks k\u00fclmakergete vastu kohtades, kus soojustusmaterjalile m\u00f5juvad suuremad pinnase v\u00f5i hoone\/rajatise koormused \u2013 s\u00fcgavate vundamentide, keldriseinte, terrasside, parklate, \u00f5uealade, jalgteede ja pinnases tehnorajatiste puhul.","og_url":"https:\/\/justbuildit.eu\/en\/pood\/isolatsioonimaterjalid\/vahtpolustureen-eps-xps\/soojustusplaat-eps-200-50-perimeeter-sulundliitega-20tk-12m2\/","og_site_name":"Ehituslahendused","article_publisher":"https:\/\/www.facebook.com\/justbuildit.ee","article_modified_time":"2026-04-11T09:00:09+00:00","og_image":[{"width":709,"height":709,"url":"https:\/\/justbuildit.eu\/wp-content\/uploads\/2026\/04\/110757.jpg","type":"image\/jpeg"}],"twitter_card":"summary_large_image","schema":{"@context":"https:\/\/schema.org","@graph":[{"@type":"WebPage","@id":"https:\/\/justbuildit.eu\/en\/pood\/isolatsioonimaterjalid\/vahtpolustureen-eps-xps\/soojustusplaat-eps-200-50-perimeeter-sulundliitega-20tk-12m2\/","url":"https:\/\/justbuildit.eu\/en\/pood\/isolatsioonimaterjalid\/vahtpolustureen-eps-xps\/soojustusplaat-eps-200-50-perimeeter-sulundliitega-20tk-12m2\/","name":"Soojustusplaat EPS 200-50 Perimeeter sulundliitega (20tk\/12m2) - Ehituslahendused","isPartOf":{"@id":"https:\/\/justbuildit.eu\/en\/#website"},"primaryImageOfPage":{"@id":"https:\/\/justbuildit.eu\/en\/pood\/isolatsioonimaterjalid\/vahtpolustureen-eps-xps\/soojustusplaat-eps-200-50-perimeeter-sulundliitega-20tk-12m2\/#primaryimage"},"image":{"@id":"https:\/\/justbuildit.eu\/en\/pood\/isolatsioonimaterjalid\/vahtpolustureen-eps-xps\/soojustusplaat-eps-200-50-perimeeter-sulundliitega-20tk-12m2\/#primaryimage"},"thumbnailUrl":"https:\/\/justbuildit.eu\/wp-content\/uploads\/2026\/04\/110757.jpg","datePublished":"2026-04-05T07:19:34+00:00","dateModified":"2026-04-11T09:00:09+00:00","description":"EPS 200 Foam sobib kasutamiseks k\u00fclmakergete vastu kohtades, kus soojustusmaterjalile m\u00f5juvad suuremad pinnase v\u00f5i hoone\/rajatise koormused \u2013 s\u00fcgavate vundamentide, keldriseinte, terrasside, parklate, \u00f5uealade, jalgteede ja pinnases tehnorajatiste puhul.","breadcrumb":{"@id":"https:\/\/justbuildit.eu\/en\/pood\/isolatsioonimaterjalid\/vahtpolustureen-eps-xps\/soojustusplaat-eps-200-50-perimeeter-sulundliitega-20tk-12m2\/#breadcrumb"},"inLanguage":"en-US","potentialAction":[{"@type":"ReadAction","target":["https:\/\/justbuildit.eu\/en\/pood\/isolatsioonimaterjalid\/vahtpolustureen-eps-xps\/soojustusplaat-eps-200-50-perimeeter-sulundliitega-20tk-12m2\/"]}]},{"@type":"ImageObject","inLanguage":"en-US","@id":"https:\/\/justbuildit.eu\/en\/pood\/isolatsioonimaterjalid\/vahtpolustureen-eps-xps\/soojustusplaat-eps-200-50-perimeeter-sulundliitega-20tk-12m2\/#primaryimage","url":"https:\/\/justbuildit.eu\/wp-content\/uploads\/2026\/04\/110757.jpg","contentUrl":"https:\/\/justbuildit.eu\/wp-content\/uploads\/2026\/04\/110757.jpg","width":709,"height":709},{"@type":"BreadcrumbList","@id":"https:\/\/justbuildit.eu\/en\/pood\/isolatsioonimaterjalid\/vahtpolustureen-eps-xps\/soojustusplaat-eps-200-50-perimeeter-sulundliitega-20tk-12m2\/#breadcrumb","itemListElement":[{"@type":"ListItem","position":1,"name":"Home","item":"https:\/\/justbuildit.eu\/en\/"},{"@type":"ListItem","position":2,"name":"Shop","item":"https:\/\/justbuildit.eu\/en\/building-materials\/"},{"@type":"ListItem","position":3,"name":"Soojustusplaat EPS 200-50 Perimeeter sulundliitega (20tk\/12m2)"}]},{"@type":"WebSite","@id":"https:\/\/justbuildit.eu\/en\/#website","url":"https:\/\/justbuildit.eu\/en\/","name":"Ehituslahendused","description":"Ehituslahendused ja materjalid","publisher":{"@id":"https:\/\/justbuildit.eu\/en\/#organization"},"potentialAction":[{"@type":"SearchAction","target":{"@type":"EntryPoint","urlTemplate":"https:\/\/justbuildit.eu\/en\/?s={search_term_string}"},"query-input":{"@type":"PropertyValueSpecification","valueRequired":true,"valueName":"search_term_string"}}],"inLanguage":"en-US"},{"@type":"Organization","@id":"https:\/\/justbuildit.eu\/en\/#organization","name":"Just Build It O\u00dc","url":"https:\/\/justbuildit.eu\/en\/","logo":{"@type":"ImageObject","inLanguage":"en-US","@id":"https:\/\/justbuildit.eu\/en\/#\/schema\/logo\/image\/","url":"https:\/\/justbuildit.eu\/wp-content\/uploads\/2022\/01\/justbuildit.png","contentUrl":"https:\/\/justbuildit.eu\/wp-content\/uploads\/2022\/01\/justbuildit.png","width":173,"height":77,"caption":"Just Build It O\u00dc"},"image":{"@id":"https:\/\/justbuildit.eu\/en\/#\/schema\/logo\/image\/"},"sameAs":["https:\/\/www.facebook.com\/justbuildit.ee"]}]}},"_links":{"self":[{"href":"https:\/\/justbuildit.eu\/en\/wp-json\/wp\/v2\/product\/646171","targetHints":{"allow":["GET"]}}],"collection":[{"href":"https:\/\/justbuildit.eu\/en\/wp-json\/wp\/v2\/product"}],"about":[{"href":"https:\/\/justbuildit.eu\/en\/wp-json\/wp\/v2\/types\/product"}],"replies":[{"embeddable":true,"href":"https:\/\/justbuildit.eu\/en\/wp-json\/wp\/v2\/comments?post=646171"}],"wp:featuredmedia":[{"embeddable":true,"href":"https:\/\/justbuildit.eu\/en\/wp-json\/wp\/v2\/media\/646172"}],"wp:attachment":[{"href":"https:\/\/justbuildit.eu\/en\/wp-json\/wp\/v2\/media?parent=646171"}],"wp:term":[{"taxonomy":"product_brand","embeddable":true,"href":"https:\/\/justbuildit.eu\/en\/wp-json\/wp\/v2\/product_brand?post=646171"},{"taxonomy":"product_cat","embeddable":true,"href":"https:\/\/justbuildit.eu\/en\/wp-json\/wp\/v2\/product_cat?post=646171"},{"taxonomy":"product_tag","embeddable":true,"href":"https:\/\/justbuildit.eu\/en\/wp-json\/wp\/v2\/product_tag?post=646171"}],"curies":[{"name":"wp","href":"https:\/\/api.w.org\/{rel}","templated":true}]}}