{"id":646187,"date":"2026-04-05T10:34:29","date_gmt":"2026-04-05T07:34:29","guid":{"rendered":"https:\/\/justbuildit.eu\/?post_type=product&#038;p=646187"},"modified":"2026-04-11T12:00:07","modified_gmt":"2026-04-11T09:00:07","slug":"kergplokk-efekt-5-mpa-200mm","status":"publish","type":"product","link":"https:\/\/justbuildit.eu\/en\/pood\/ehitusplokid\/kergplokid\/kergplokk-efekt-5-mpa-200mm\/","title":{"rendered":"Kergplokk Efekt 5 MPA 200mm"},"content":{"rendered":"<p><strong>Fibo plokkidest on lihtne ehitada ajas kestvaid  konstruktsioone. Nende plokitoodete kasutamine ei sea projekteerijatele piiranguid ning plokkide ladumine on lihtne ja kiire.  L\u00f5puni l\u00e4bi m\u00f5eldud lahendused lihtsustavad ehitusprotsessi ning selle tulemuseks on energias\u00e4\u00e4stlikud, kauakestvad ja ekspluatatsioonis  v\u00e4hest hooldamist vajavad  ehitised. <\/strong><\/p>\n<p>  T\u00e4nu suuremale survetugevusele on Fibo 5 plokkide peamisteks kasutuskohtadeks raskemini koormatud seinad ja m\u00fc\u00fcritsoonid ning vundamendid ja keldri seinad. Samuti kasutatakse Fibo 5 plokke suuremat helipidavust n\u00f5udvate seinte ehitamiseks.<\/p>\n<ul>\n<li>Alusel: 80tk<\/li>\n<li>M\u00fc\u00fcrisegu kulu ploki kohta: 2,3kg<\/li>\n<li>Mahukaal: 890kg\/m3<\/li>\n<li>Tuletundlikkus(Euroklass): A1<\/li>\n<li>M\u00fc\u00fcrisegu kokkuhoid ja ladumise kiirus<\/li>\n<li>Lihtsam seina sirge joone hoidmine<\/li>\n<li>V\u00e4hem vuuke<\/li>\n<li>Siledam seina pind<\/li>\n<li>Viimistlusmaterjalide kokkuhoid<\/li>\n<li>Sein saab kiiremini valmis ja soodsamalt viimistletud<\/li>\n<li>Ehitusega saab hakkama ka tavainimene \u2013 ei pea alati ehitajat palkama<\/li>\n<\/ul>\n<p>  <strong>Tapp-liitega vertikaalvuuk l\u00e4heb kokku ilma m\u00fc\u00fcriseguta.<\/strong> <\/p>\n","protected":false},"excerpt":{"rendered":"<p><strong>Fibo plokkidest on lihtne ehitada ajas kestvaid  konstruktsioone. Nende plokitoodete kasutamine ei sea projekteerijatele piiranguid ning plokkide ladumine on lihtne ja kiire.  L\u00f5puni l\u00e4bi m\u00f5eldud lahendused lihtsustavad ehitusprotsessi ning selle tulemuseks on energias\u00e4\u00e4stlikud, kauakestvad ja ekspluatatsioonis  v\u00e4hest hooldamist vajavad  ehitised. <\/strong><\/p>","protected":false},"featured_media":646188,"comment_status":"open","ping_status":"closed","template":"","meta":{"_acf_changed":false},"product_brand":[],"product_cat":[55,497],"product_tag":[],"class_list":{"0":"post-646187","1":"product","2":"type-product","3":"status-publish","4":"has-post-thumbnail","6":"product_cat-kergplokid","7":"product_cat-puumarket","9":"first","10":"instock","11":"shipping-taxable","12":"purchasable","13":"product-type-simple"},"acf":[],"yoast_head":"<!-- This site is optimized with the Yoast SEO Premium plugin v18.7 (Yoast SEO v26.5) - https:\/\/yoast.com\/wordpress\/plugins\/seo\/ -->\n<title>Kergplokk Efekt 5 MPA 200mm - Ehituslahendused<\/title>\n<meta name=\"description\" content=\"Fibo 5 plokkide peamisteks kasutuskohtadeks raskemini koormatud seinad ja m\u00fc\u00fcritsoonid ning vundamendid ja keldri seinad.\" \/>\n<meta name=\"robots\" content=\"index, follow, max-snippet:-1, max-image-preview:large, max-video-preview:-1\" \/>\n<link rel=\"canonical\" href=\"https:\/\/justbuildit.eu\/en\/pood\/ehitusplokid\/kergplokid\/kergplokk-efekt-5-mpa-200mm\/\" \/>\n<meta property=\"og:locale\" content=\"en_US\" \/>\n<meta property=\"og:type\" content=\"article\" \/>\n<meta property=\"og:title\" content=\"Kergplokk Efekt 5 MPA 200mm\" \/>\n<meta property=\"og:description\" content=\"Fibo 5 plokkide peamisteks kasutuskohtadeks raskemini koormatud seinad ja m\u00fc\u00fcritsoonid ning vundamendid ja keldri seinad.\" \/>\n<meta property=\"og:url\" content=\"https:\/\/justbuildit.eu\/en\/pood\/ehitusplokid\/kergplokid\/kergplokk-efekt-5-mpa-200mm\/\" \/>\n<meta property=\"og:site_name\" content=\"Ehituslahendused\" \/>\n<meta property=\"article:publisher\" content=\"https:\/\/www.facebook.com\/justbuildit.ee\" \/>\n<meta property=\"article:modified_time\" content=\"2026-04-11T09:00:07+00:00\" \/>\n<meta property=\"og:image\" content=\"https:\/\/justbuildit.eu\/wp-content\/uploads\/2026\/04\/109734.jpg\" \/>\n\t<meta property=\"og:image:width\" content=\"709\" \/>\n\t<meta property=\"og:image:height\" content=\"709\" \/>\n\t<meta property=\"og:image:type\" content=\"image\/jpeg\" \/>\n<meta name=\"twitter:card\" content=\"summary_large_image\" \/>\n<script type=\"application\/ld+json\" class=\"yoast-schema-graph\">{\"@context\":\"https:\/\/schema.org\",\"@graph\":[{\"@type\":\"WebPage\",\"@id\":\"https:\/\/justbuildit.eu\/en\/pood\/ehitusplokid\/kergplokid\/kergplokk-efekt-5-mpa-200mm\/\",\"url\":\"https:\/\/justbuildit.eu\/en\/pood\/ehitusplokid\/kergplokid\/kergplokk-efekt-5-mpa-200mm\/\",\"name\":\"Kergplokk Efekt 5 MPA 200mm - Ehituslahendused\",\"isPartOf\":{\"@id\":\"https:\/\/justbuildit.eu\/en\/#website\"},\"primaryImageOfPage\":{\"@id\":\"https:\/\/justbuildit.eu\/en\/pood\/ehitusplokid\/kergplokid\/kergplokk-efekt-5-mpa-200mm\/#primaryimage\"},\"image\":{\"@id\":\"https:\/\/justbuildit.eu\/en\/pood\/ehitusplokid\/kergplokid\/kergplokk-efekt-5-mpa-200mm\/#primaryimage\"},\"thumbnailUrl\":\"https:\/\/justbuildit.eu\/wp-content\/uploads\/2026\/04\/109734.jpg\",\"datePublished\":\"2026-04-05T07:34:29+00:00\",\"dateModified\":\"2026-04-11T09:00:07+00:00\",\"description\":\"Fibo 5 plokkide peamisteks kasutuskohtadeks raskemini koormatud seinad ja m\u00fc\u00fcritsoonid ning vundamendid ja keldri seinad.\",\"breadcrumb\":{\"@id\":\"https:\/\/justbuildit.eu\/en\/pood\/ehitusplokid\/kergplokid\/kergplokk-efekt-5-mpa-200mm\/#breadcrumb\"},\"inLanguage\":\"en-US\",\"potentialAction\":[{\"@type\":\"ReadAction\",\"target\":[\"https:\/\/justbuildit.eu\/en\/pood\/ehitusplokid\/kergplokid\/kergplokk-efekt-5-mpa-200mm\/\"]}]},{\"@type\":\"ImageObject\",\"inLanguage\":\"en-US\",\"@id\":\"https:\/\/justbuildit.eu\/en\/pood\/ehitusplokid\/kergplokid\/kergplokk-efekt-5-mpa-200mm\/#primaryimage\",\"url\":\"https:\/\/justbuildit.eu\/wp-content\/uploads\/2026\/04\/109734.jpg\",\"contentUrl\":\"https:\/\/justbuildit.eu\/wp-content\/uploads\/2026\/04\/109734.jpg\",\"width\":709,\"height\":709},{\"@type\":\"BreadcrumbList\",\"@id\":\"https:\/\/justbuildit.eu\/en\/pood\/ehitusplokid\/kergplokid\/kergplokk-efekt-5-mpa-200mm\/#breadcrumb\",\"itemListElement\":[{\"@type\":\"ListItem\",\"position\":1,\"name\":\"Home\",\"item\":\"https:\/\/justbuildit.eu\/en\/\"},{\"@type\":\"ListItem\",\"position\":2,\"name\":\"Shop\",\"item\":\"https:\/\/justbuildit.eu\/en\/building-materials\/\"},{\"@type\":\"ListItem\",\"position\":3,\"name\":\"Kergplokk Efekt 5 MPA 200mm\"}]},{\"@type\":\"WebSite\",\"@id\":\"https:\/\/justbuildit.eu\/en\/#website\",\"url\":\"https:\/\/justbuildit.eu\/en\/\",\"name\":\"Ehituslahendused\",\"description\":\"Ehituslahendused ja materjalid\",\"publisher\":{\"@id\":\"https:\/\/justbuildit.eu\/en\/#organization\"},\"potentialAction\":[{\"@type\":\"SearchAction\",\"target\":{\"@type\":\"EntryPoint\",\"urlTemplate\":\"https:\/\/justbuildit.eu\/en\/?s={search_term_string}\"},\"query-input\":{\"@type\":\"PropertyValueSpecification\",\"valueRequired\":true,\"valueName\":\"search_term_string\"}}],\"inLanguage\":\"en-US\"},{\"@type\":\"Organization\",\"@id\":\"https:\/\/justbuildit.eu\/en\/#organization\",\"name\":\"Just Build It O\u00dc\",\"url\":\"https:\/\/justbuildit.eu\/en\/\",\"logo\":{\"@type\":\"ImageObject\",\"inLanguage\":\"en-US\",\"@id\":\"https:\/\/justbuildit.eu\/en\/#\/schema\/logo\/image\/\",\"url\":\"https:\/\/justbuildit.eu\/wp-content\/uploads\/2022\/01\/justbuildit.png\",\"contentUrl\":\"https:\/\/justbuildit.eu\/wp-content\/uploads\/2022\/01\/justbuildit.png\",\"width\":173,\"height\":77,\"caption\":\"Just Build It O\u00dc\"},\"image\":{\"@id\":\"https:\/\/justbuildit.eu\/en\/#\/schema\/logo\/image\/\"},\"sameAs\":[\"https:\/\/www.facebook.com\/justbuildit.ee\"]}]}<\/script>\n<!-- \/ Yoast SEO Premium plugin. -->","yoast_head_json":{"title":"Kergplokk Efekt 5 MPA 200mm - Ehituslahendused","description":"Fibo 5 plokkide peamisteks kasutuskohtadeks raskemini koormatud seinad ja m\u00fc\u00fcritsoonid ning vundamendid ja keldri seinad.","robots":{"index":"index","follow":"follow","max-snippet":"max-snippet:-1","max-image-preview":"max-image-preview:large","max-video-preview":"max-video-preview:-1"},"canonical":"https:\/\/justbuildit.eu\/en\/pood\/ehitusplokid\/kergplokid\/kergplokk-efekt-5-mpa-200mm\/","og_locale":"en_US","og_type":"article","og_title":"Kergplokk Efekt 5 MPA 200mm","og_description":"Fibo 5 plokkide peamisteks kasutuskohtadeks raskemini koormatud seinad ja m\u00fc\u00fcritsoonid ning vundamendid ja keldri seinad.","og_url":"https:\/\/justbuildit.eu\/en\/pood\/ehitusplokid\/kergplokid\/kergplokk-efekt-5-mpa-200mm\/","og_site_name":"Ehituslahendused","article_publisher":"https:\/\/www.facebook.com\/justbuildit.ee","article_modified_time":"2026-04-11T09:00:07+00:00","og_image":[{"width":709,"height":709,"url":"https:\/\/justbuildit.eu\/wp-content\/uploads\/2026\/04\/109734.jpg","type":"image\/jpeg"}],"twitter_card":"summary_large_image","schema":{"@context":"https:\/\/schema.org","@graph":[{"@type":"WebPage","@id":"https:\/\/justbuildit.eu\/en\/pood\/ehitusplokid\/kergplokid\/kergplokk-efekt-5-mpa-200mm\/","url":"https:\/\/justbuildit.eu\/en\/pood\/ehitusplokid\/kergplokid\/kergplokk-efekt-5-mpa-200mm\/","name":"Kergplokk Efekt 5 MPA 200mm - Ehituslahendused","isPartOf":{"@id":"https:\/\/justbuildit.eu\/en\/#website"},"primaryImageOfPage":{"@id":"https:\/\/justbuildit.eu\/en\/pood\/ehitusplokid\/kergplokid\/kergplokk-efekt-5-mpa-200mm\/#primaryimage"},"image":{"@id":"https:\/\/justbuildit.eu\/en\/pood\/ehitusplokid\/kergplokid\/kergplokk-efekt-5-mpa-200mm\/#primaryimage"},"thumbnailUrl":"https:\/\/justbuildit.eu\/wp-content\/uploads\/2026\/04\/109734.jpg","datePublished":"2026-04-05T07:34:29+00:00","dateModified":"2026-04-11T09:00:07+00:00","description":"Fibo 5 plokkide peamisteks kasutuskohtadeks raskemini koormatud seinad ja m\u00fc\u00fcritsoonid ning vundamendid ja keldri seinad.","breadcrumb":{"@id":"https:\/\/justbuildit.eu\/en\/pood\/ehitusplokid\/kergplokid\/kergplokk-efekt-5-mpa-200mm\/#breadcrumb"},"inLanguage":"en-US","potentialAction":[{"@type":"ReadAction","target":["https:\/\/justbuildit.eu\/en\/pood\/ehitusplokid\/kergplokid\/kergplokk-efekt-5-mpa-200mm\/"]}]},{"@type":"ImageObject","inLanguage":"en-US","@id":"https:\/\/justbuildit.eu\/en\/pood\/ehitusplokid\/kergplokid\/kergplokk-efekt-5-mpa-200mm\/#primaryimage","url":"https:\/\/justbuildit.eu\/wp-content\/uploads\/2026\/04\/109734.jpg","contentUrl":"https:\/\/justbuildit.eu\/wp-content\/uploads\/2026\/04\/109734.jpg","width":709,"height":709},{"@type":"BreadcrumbList","@id":"https:\/\/justbuildit.eu\/en\/pood\/ehitusplokid\/kergplokid\/kergplokk-efekt-5-mpa-200mm\/#breadcrumb","itemListElement":[{"@type":"ListItem","position":1,"name":"Home","item":"https:\/\/justbuildit.eu\/en\/"},{"@type":"ListItem","position":2,"name":"Shop","item":"https:\/\/justbuildit.eu\/en\/building-materials\/"},{"@type":"ListItem","position":3,"name":"Kergplokk Efekt 5 MPA 200mm"}]},{"@type":"WebSite","@id":"https:\/\/justbuildit.eu\/en\/#website","url":"https:\/\/justbuildit.eu\/en\/","name":"Ehituslahendused","description":"Ehituslahendused ja materjalid","publisher":{"@id":"https:\/\/justbuildit.eu\/en\/#organization"},"potentialAction":[{"@type":"SearchAction","target":{"@type":"EntryPoint","urlTemplate":"https:\/\/justbuildit.eu\/en\/?s={search_term_string}"},"query-input":{"@type":"PropertyValueSpecification","valueRequired":true,"valueName":"search_term_string"}}],"inLanguage":"en-US"},{"@type":"Organization","@id":"https:\/\/justbuildit.eu\/en\/#organization","name":"Just Build It O\u00dc","url":"https:\/\/justbuildit.eu\/en\/","logo":{"@type":"ImageObject","inLanguage":"en-US","@id":"https:\/\/justbuildit.eu\/en\/#\/schema\/logo\/image\/","url":"https:\/\/justbuildit.eu\/wp-content\/uploads\/2022\/01\/justbuildit.png","contentUrl":"https:\/\/justbuildit.eu\/wp-content\/uploads\/2022\/01\/justbuildit.png","width":173,"height":77,"caption":"Just Build It O\u00dc"},"image":{"@id":"https:\/\/justbuildit.eu\/en\/#\/schema\/logo\/image\/"},"sameAs":["https:\/\/www.facebook.com\/justbuildit.ee"]}]}},"_links":{"self":[{"href":"https:\/\/justbuildit.eu\/en\/wp-json\/wp\/v2\/product\/646187","targetHints":{"allow":["GET"]}}],"collection":[{"href":"https:\/\/justbuildit.eu\/en\/wp-json\/wp\/v2\/product"}],"about":[{"href":"https:\/\/justbuildit.eu\/en\/wp-json\/wp\/v2\/types\/product"}],"replies":[{"embeddable":true,"href":"https:\/\/justbuildit.eu\/en\/wp-json\/wp\/v2\/comments?post=646187"}],"wp:featuredmedia":[{"embeddable":true,"href":"https:\/\/justbuildit.eu\/en\/wp-json\/wp\/v2\/media\/646188"}],"wp:attachment":[{"href":"https:\/\/justbuildit.eu\/en\/wp-json\/wp\/v2\/media?parent=646187"}],"wp:term":[{"taxonomy":"product_brand","embeddable":true,"href":"https:\/\/justbuildit.eu\/en\/wp-json\/wp\/v2\/product_brand?post=646187"},{"taxonomy":"product_cat","embeddable":true,"href":"https:\/\/justbuildit.eu\/en\/wp-json\/wp\/v2\/product_cat?post=646187"},{"taxonomy":"product_tag","embeddable":true,"href":"https:\/\/justbuildit.eu\/en\/wp-json\/wp\/v2\/product_tag?post=646187"}],"curies":[{"name":"wp","href":"https:\/\/api.w.org\/{rel}","templated":true}]}}