{"id":646197,"date":"2026-04-05T10:37:33","date_gmt":"2026-04-05T07:37:33","guid":{"rendered":"https:\/\/justbuildit.eu\/?post_type=product&#038;p=646197"},"modified":"2026-04-11T12:00:05","modified_gmt":"2026-04-11T09:00:05","slug":"kergplokk-classic-200","status":"publish","type":"product","link":"https:\/\/justbuildit.eu\/en\/pood\/ehitusplokid\/kergplokid\/kergplokk-classic-200\/","title":{"rendered":"Kergplokk CLASSIC 200"},"content":{"rendered":"<p>Kaal: 13,8kg\/tk<br \/>\nKulu: 8,3tk\/m2<br \/>\nAlus: 56tk \/ 6,72m2<br \/>\nAluse kaal: 785kg<br \/>\nLiimi kulu Murfor armatuuri kasutamisel: 5,7kg\/m2<br \/>\nLiimi kulu S\u00fcvistatud terasarmatuuri kasutamisel: 8,5kg\/m2<\/p>\n<p><strong>bauroc CLASSIC kergplokid on valmistatud poorbetoonist kuivtihedusega 425 kg\/m\u00b3 ja survetugevusega fb=3,0 N\/mm\u00b2 (3 MPa). CLASSIC plokke toodetakse 5 erineva laiusega (300 mm; 250 mm; 200 mm; 150 mm; 100 mm).<\/strong><\/p>\n<p>bauroc CLASSIC kergplokid on klassikalised universaalsed ehitusplokid. Kasutatakse hoone kandvate ja mittekandvate, sise- ja v\u00e4lisseinte ehitamiseks. V\u00e4lisseintes kasutatakse CLASSIC kergplokke koos t\u00e4iendava lisasoojustusega. Soovi korral on v\u00f5imalik lisada t\u00e4iendav vooderdus (kivi-; laud- ja muu plaatvooder).<\/p>\n<p>V\u00f5rreldes teiste ehitusplokkidega (n\u00e4iteks Fibo, Columbia) on bauroc CLASSIC kergplokid alati kergemad (v\u00e4iksem koormus vundamendile ja vahelagedele), soojapidavamad (v\u00e4iksemad k\u00fcttearved) ning soodsa hinnaga. CLASSIC kergplokkidest m\u00fc\u00fcritis tagab piisava heliisolatsiooniv\u00f5ime ja v\u00e4ga hea kaitse tulekahju korral. Plokid on kerged ja lihtsalt paigaldatavad, mist\u00f5ttu m\u00fc\u00fcritise ladumine toimub kiirelt.<\/p>\n<p>CLASSIC kergplokkide mahukaal on vaid 425 kg\/m\u00b3, v\u00f5rrelduna Fibo3 kaaluga 700 kg\/m\u00b3 ja Columbia Kivi rohkem kui 1000 kg\/m\u00b3 kaaluga. Materjali soojapidavust iseloomustava soojaerijuhtivuse ?dry vahed on veelgi suuremad \u2013 CLASSIC 0,10 W\/mK, Fibo3-l 0,20 W\/mK, Columbia Kivi \u00f5\u00f5nesplokkidel 1,19 W\/mK. Seet\u00f5ttu on CLASSIC kergplokkidest seinad samade seinapaksuste korral alati soojapidavamad. <\/p>\n<p>Plokkide hindade v\u00f5rdlemisel soovitame l\u00e4htuda viimistletud seina ruutmeetri maksumusest, sest erinevate plokkide kulu (tk\/m\u00b2 kohta) on erinev ning samuti on erinevad m\u00fc\u00fcriladumise ja viimistlemise maksumused. T\u00e4nu suurematele m\u00f5\u00f5tmetele on bauroc CLASSIC plokkidest seina ladumine kiirem, CLASSIC plokkide kulu on 8,3 tk\/m\u00b2 v\u00f5rreldes Fibo kuluga 10 tk\/m\u00b2 ja Columbia Kivi \u00f5\u00f5nesplokkide kuluga 12,5 tk\/m\u00b2. T\u00e4nu plokkide siledale pinnale ja t\u00e4psetele m\u00f5\u00f5tmetele ei vaja CLASSICust laotud siseseinad krohviga tasandamist, piisab pahteldamisest.<br \/>\n<img decoding=\"async\" src=\"https:\/\/puumarket.ee\/wp-content\/uploads\/bauroc-tabel.jpg\"><\/p>\n","protected":false},"excerpt":{"rendered":"<p>Kaal: 13,8kg\/tk<br \/>\nKulu: 8,3tk\/m2<br \/>\nAlus: 56tk \/ 6,72m2<br \/>\nAluse kaal: 785kg<br \/>\nLiimi kulu Murfor armatuuri kasutamisel: 5,7kg\/m2<br \/>\nLiimi kulu S\u00fcvistatud terasarmatuuri kasutamisel: 8,5kg\/m2<\/p>","protected":false},"featured_media":646198,"comment_status":"open","ping_status":"closed","template":"","meta":{"_acf_changed":false},"product_brand":[],"product_cat":[55,497,22],"product_tag":[],"class_list":{"0":"post-646197","1":"product","2":"type-product","3":"status-publish","4":"has-post-thumbnail","6":"product_cat-kergplokid","7":"product_cat-puumarket","8":"product_cat-uncategorized","10":"first","11":"instock","12":"shipping-taxable","13":"purchasable","14":"product-type-simple"},"acf":[],"yoast_head":"<!-- This site is optimized with the Yoast SEO Premium plugin v18.7 (Yoast SEO v26.5) - https:\/\/yoast.com\/wordpress\/plugins\/seo\/ -->\n<title>Kergplokk CLASSIC 200 - Ehituslahendused<\/title>\n<meta name=\"description\" content=\"bauroc CLASSIC kergplokid on valmistatud poorbetoonist kuivtihedusega 425 kg\/m\u00b3 ja survetugevusega fb=3,0 N\/mm\u00b2 (3 MPa).\" \/>\n<meta name=\"robots\" content=\"index, follow, max-snippet:-1, max-image-preview:large, max-video-preview:-1\" \/>\n<link rel=\"canonical\" href=\"https:\/\/justbuildit.eu\/en\/pood\/ehitusplokid\/kergplokid\/kergplokk-classic-200\/\" \/>\n<meta property=\"og:locale\" content=\"en_US\" \/>\n<meta property=\"og:type\" content=\"article\" \/>\n<meta property=\"og:title\" content=\"Kergplokk CLASSIC 200\" \/>\n<meta property=\"og:description\" content=\"bauroc CLASSIC kergplokid on valmistatud poorbetoonist kuivtihedusega 425 kg\/m\u00b3 ja survetugevusega fb=3,0 N\/mm\u00b2 (3 MPa).\" \/>\n<meta property=\"og:url\" content=\"https:\/\/justbuildit.eu\/en\/pood\/ehitusplokid\/kergplokid\/kergplokk-classic-200\/\" \/>\n<meta property=\"og:site_name\" content=\"Ehituslahendused\" \/>\n<meta property=\"article:publisher\" content=\"https:\/\/www.facebook.com\/justbuildit.ee\" \/>\n<meta property=\"article:modified_time\" content=\"2026-04-11T09:00:05+00:00\" \/>\n<meta property=\"og:image\" content=\"https:\/\/justbuildit.eu\/wp-content\/uploads\/2026\/04\/109687.jpg\" \/>\n\t<meta property=\"og:image:width\" content=\"709\" \/>\n\t<meta property=\"og:image:height\" content=\"709\" \/>\n\t<meta property=\"og:image:type\" content=\"image\/jpeg\" \/>\n<meta name=\"twitter:card\" content=\"summary_large_image\" \/>\n<script type=\"application\/ld+json\" class=\"yoast-schema-graph\">{\"@context\":\"https:\/\/schema.org\",\"@graph\":[{\"@type\":\"WebPage\",\"@id\":\"https:\/\/justbuildit.eu\/en\/pood\/ehitusplokid\/kergplokid\/kergplokk-classic-200\/\",\"url\":\"https:\/\/justbuildit.eu\/en\/pood\/ehitusplokid\/kergplokid\/kergplokk-classic-200\/\",\"name\":\"Kergplokk CLASSIC 200 - Ehituslahendused\",\"isPartOf\":{\"@id\":\"https:\/\/justbuildit.eu\/en\/#website\"},\"primaryImageOfPage\":{\"@id\":\"https:\/\/justbuildit.eu\/en\/pood\/ehitusplokid\/kergplokid\/kergplokk-classic-200\/#primaryimage\"},\"image\":{\"@id\":\"https:\/\/justbuildit.eu\/en\/pood\/ehitusplokid\/kergplokid\/kergplokk-classic-200\/#primaryimage\"},\"thumbnailUrl\":\"https:\/\/justbuildit.eu\/wp-content\/uploads\/2026\/04\/109687.jpg\",\"datePublished\":\"2026-04-05T07:37:33+00:00\",\"dateModified\":\"2026-04-11T09:00:05+00:00\",\"description\":\"bauroc CLASSIC kergplokid on valmistatud poorbetoonist kuivtihedusega 425 kg\/m\u00b3 ja survetugevusega fb=3,0 N\/mm\u00b2 (3 MPa).\",\"breadcrumb\":{\"@id\":\"https:\/\/justbuildit.eu\/en\/pood\/ehitusplokid\/kergplokid\/kergplokk-classic-200\/#breadcrumb\"},\"inLanguage\":\"en-US\",\"potentialAction\":[{\"@type\":\"ReadAction\",\"target\":[\"https:\/\/justbuildit.eu\/en\/pood\/ehitusplokid\/kergplokid\/kergplokk-classic-200\/\"]}]},{\"@type\":\"ImageObject\",\"inLanguage\":\"en-US\",\"@id\":\"https:\/\/justbuildit.eu\/en\/pood\/ehitusplokid\/kergplokid\/kergplokk-classic-200\/#primaryimage\",\"url\":\"https:\/\/justbuildit.eu\/wp-content\/uploads\/2026\/04\/109687.jpg\",\"contentUrl\":\"https:\/\/justbuildit.eu\/wp-content\/uploads\/2026\/04\/109687.jpg\",\"width\":709,\"height\":709},{\"@type\":\"BreadcrumbList\",\"@id\":\"https:\/\/justbuildit.eu\/en\/pood\/ehitusplokid\/kergplokid\/kergplokk-classic-200\/#breadcrumb\",\"itemListElement\":[{\"@type\":\"ListItem\",\"position\":1,\"name\":\"Home\",\"item\":\"https:\/\/justbuildit.eu\/en\/\"},{\"@type\":\"ListItem\",\"position\":2,\"name\":\"Shop\",\"item\":\"https:\/\/justbuildit.eu\/en\/building-materials\/\"},{\"@type\":\"ListItem\",\"position\":3,\"name\":\"Kergplokk CLASSIC 200\"}]},{\"@type\":\"WebSite\",\"@id\":\"https:\/\/justbuildit.eu\/en\/#website\",\"url\":\"https:\/\/justbuildit.eu\/en\/\",\"name\":\"Ehituslahendused\",\"description\":\"Ehituslahendused ja materjalid\",\"publisher\":{\"@id\":\"https:\/\/justbuildit.eu\/en\/#organization\"},\"potentialAction\":[{\"@type\":\"SearchAction\",\"target\":{\"@type\":\"EntryPoint\",\"urlTemplate\":\"https:\/\/justbuildit.eu\/en\/?s={search_term_string}\"},\"query-input\":{\"@type\":\"PropertyValueSpecification\",\"valueRequired\":true,\"valueName\":\"search_term_string\"}}],\"inLanguage\":\"en-US\"},{\"@type\":\"Organization\",\"@id\":\"https:\/\/justbuildit.eu\/en\/#organization\",\"name\":\"Just Build It O\u00dc\",\"url\":\"https:\/\/justbuildit.eu\/en\/\",\"logo\":{\"@type\":\"ImageObject\",\"inLanguage\":\"en-US\",\"@id\":\"https:\/\/justbuildit.eu\/en\/#\/schema\/logo\/image\/\",\"url\":\"https:\/\/justbuildit.eu\/wp-content\/uploads\/2022\/01\/justbuildit.png\",\"contentUrl\":\"https:\/\/justbuildit.eu\/wp-content\/uploads\/2022\/01\/justbuildit.png\",\"width\":173,\"height\":77,\"caption\":\"Just Build It O\u00dc\"},\"image\":{\"@id\":\"https:\/\/justbuildit.eu\/en\/#\/schema\/logo\/image\/\"},\"sameAs\":[\"https:\/\/www.facebook.com\/justbuildit.ee\"]}]}<\/script>\n<!-- \/ Yoast SEO Premium plugin. -->","yoast_head_json":{"title":"Kergplokk CLASSIC 200 - Ehituslahendused","description":"bauroc CLASSIC kergplokid on valmistatud poorbetoonist kuivtihedusega 425 kg\/m\u00b3 ja survetugevusega fb=3,0 N\/mm\u00b2 (3 MPa).","robots":{"index":"index","follow":"follow","max-snippet":"max-snippet:-1","max-image-preview":"max-image-preview:large","max-video-preview":"max-video-preview:-1"},"canonical":"https:\/\/justbuildit.eu\/en\/pood\/ehitusplokid\/kergplokid\/kergplokk-classic-200\/","og_locale":"en_US","og_type":"article","og_title":"Kergplokk CLASSIC 200","og_description":"bauroc CLASSIC kergplokid on valmistatud poorbetoonist kuivtihedusega 425 kg\/m\u00b3 ja survetugevusega fb=3,0 N\/mm\u00b2 (3 MPa).","og_url":"https:\/\/justbuildit.eu\/en\/pood\/ehitusplokid\/kergplokid\/kergplokk-classic-200\/","og_site_name":"Ehituslahendused","article_publisher":"https:\/\/www.facebook.com\/justbuildit.ee","article_modified_time":"2026-04-11T09:00:05+00:00","og_image":[{"width":709,"height":709,"url":"https:\/\/justbuildit.eu\/wp-content\/uploads\/2026\/04\/109687.jpg","type":"image\/jpeg"}],"twitter_card":"summary_large_image","schema":{"@context":"https:\/\/schema.org","@graph":[{"@type":"WebPage","@id":"https:\/\/justbuildit.eu\/en\/pood\/ehitusplokid\/kergplokid\/kergplokk-classic-200\/","url":"https:\/\/justbuildit.eu\/en\/pood\/ehitusplokid\/kergplokid\/kergplokk-classic-200\/","name":"Kergplokk CLASSIC 200 - Ehituslahendused","isPartOf":{"@id":"https:\/\/justbuildit.eu\/en\/#website"},"primaryImageOfPage":{"@id":"https:\/\/justbuildit.eu\/en\/pood\/ehitusplokid\/kergplokid\/kergplokk-classic-200\/#primaryimage"},"image":{"@id":"https:\/\/justbuildit.eu\/en\/pood\/ehitusplokid\/kergplokid\/kergplokk-classic-200\/#primaryimage"},"thumbnailUrl":"https:\/\/justbuildit.eu\/wp-content\/uploads\/2026\/04\/109687.jpg","datePublished":"2026-04-05T07:37:33+00:00","dateModified":"2026-04-11T09:00:05+00:00","description":"bauroc CLASSIC kergplokid on valmistatud poorbetoonist kuivtihedusega 425 kg\/m\u00b3 ja survetugevusega fb=3,0 N\/mm\u00b2 (3 MPa).","breadcrumb":{"@id":"https:\/\/justbuildit.eu\/en\/pood\/ehitusplokid\/kergplokid\/kergplokk-classic-200\/#breadcrumb"},"inLanguage":"en-US","potentialAction":[{"@type":"ReadAction","target":["https:\/\/justbuildit.eu\/en\/pood\/ehitusplokid\/kergplokid\/kergplokk-classic-200\/"]}]},{"@type":"ImageObject","inLanguage":"en-US","@id":"https:\/\/justbuildit.eu\/en\/pood\/ehitusplokid\/kergplokid\/kergplokk-classic-200\/#primaryimage","url":"https:\/\/justbuildit.eu\/wp-content\/uploads\/2026\/04\/109687.jpg","contentUrl":"https:\/\/justbuildit.eu\/wp-content\/uploads\/2026\/04\/109687.jpg","width":709,"height":709},{"@type":"BreadcrumbList","@id":"https:\/\/justbuildit.eu\/en\/pood\/ehitusplokid\/kergplokid\/kergplokk-classic-200\/#breadcrumb","itemListElement":[{"@type":"ListItem","position":1,"name":"Home","item":"https:\/\/justbuildit.eu\/en\/"},{"@type":"ListItem","position":2,"name":"Shop","item":"https:\/\/justbuildit.eu\/en\/building-materials\/"},{"@type":"ListItem","position":3,"name":"Kergplokk CLASSIC 200"}]},{"@type":"WebSite","@id":"https:\/\/justbuildit.eu\/en\/#website","url":"https:\/\/justbuildit.eu\/en\/","name":"Ehituslahendused","description":"Ehituslahendused ja materjalid","publisher":{"@id":"https:\/\/justbuildit.eu\/en\/#organization"},"potentialAction":[{"@type":"SearchAction","target":{"@type":"EntryPoint","urlTemplate":"https:\/\/justbuildit.eu\/en\/?s={search_term_string}"},"query-input":{"@type":"PropertyValueSpecification","valueRequired":true,"valueName":"search_term_string"}}],"inLanguage":"en-US"},{"@type":"Organization","@id":"https:\/\/justbuildit.eu\/en\/#organization","name":"Just Build It O\u00dc","url":"https:\/\/justbuildit.eu\/en\/","logo":{"@type":"ImageObject","inLanguage":"en-US","@id":"https:\/\/justbuildit.eu\/en\/#\/schema\/logo\/image\/","url":"https:\/\/justbuildit.eu\/wp-content\/uploads\/2022\/01\/justbuildit.png","contentUrl":"https:\/\/justbuildit.eu\/wp-content\/uploads\/2022\/01\/justbuildit.png","width":173,"height":77,"caption":"Just Build It O\u00dc"},"image":{"@id":"https:\/\/justbuildit.eu\/en\/#\/schema\/logo\/image\/"},"sameAs":["https:\/\/www.facebook.com\/justbuildit.ee"]}]}},"_links":{"self":[{"href":"https:\/\/justbuildit.eu\/en\/wp-json\/wp\/v2\/product\/646197","targetHints":{"allow":["GET"]}}],"collection":[{"href":"https:\/\/justbuildit.eu\/en\/wp-json\/wp\/v2\/product"}],"about":[{"href":"https:\/\/justbuildit.eu\/en\/wp-json\/wp\/v2\/types\/product"}],"replies":[{"embeddable":true,"href":"https:\/\/justbuildit.eu\/en\/wp-json\/wp\/v2\/comments?post=646197"}],"wp:featuredmedia":[{"embeddable":true,"href":"https:\/\/justbuildit.eu\/en\/wp-json\/wp\/v2\/media\/646198"}],"wp:attachment":[{"href":"https:\/\/justbuildit.eu\/en\/wp-json\/wp\/v2\/media?parent=646197"}],"wp:term":[{"taxonomy":"product_brand","embeddable":true,"href":"https:\/\/justbuildit.eu\/en\/wp-json\/wp\/v2\/product_brand?post=646197"},{"taxonomy":"product_cat","embeddable":true,"href":"https:\/\/justbuildit.eu\/en\/wp-json\/wp\/v2\/product_cat?post=646197"},{"taxonomy":"product_tag","embeddable":true,"href":"https:\/\/justbuildit.eu\/en\/wp-json\/wp\/v2\/product_tag?post=646197"}],"curies":[{"name":"wp","href":"https:\/\/api.w.org\/{rel}","templated":true}]}}