{"id":828,"date":"2021-12-06T11:37:18","date_gmt":"2021-12-06T08:37:18","guid":{"rendered":"https:\/\/justbuildit.eu\/?post_type=product&#038;p=828"},"modified":"2026-04-19T12:08:00","modified_gmt":"2026-04-19T09:08:00","slug":"puiduoli-woodex-wood-oil-27l-varvitu","status":"publish","type":"product","link":"https:\/\/justbuildit.eu\/en\/pood\/varvid-ja-viimistlusmaterjalid\/olid-lakid\/puiduoli-woodex-wood-oil-27l-varvitu\/","title":{"rendered":"Puidu\u00f5li Woodex Wood Oil 2,7L v\u00e4rvitu"},"content":{"rendered":"<p><Strong>Kirjeldus:<\/Strong><\/p>\n<ul>\n<li><b>WOODEX Wood Oil<\/b> \u2013 lahustip\u00f5hine looduslik puidu\u00f5li v\u00e4listingimustesse, ideaalne terrassilaudadele.<\/li>\n<li><b>Kasutusala<\/b> \u2013 aiam\u00f6\u00f6bel, terrassid, aiad, trepid, v\u00f5red ja uksed; veendu, et pind oleks puhas ja kuiv.<\/li>\n<li>Toonimiss\u00fcsteem: Teknomix<\/li>\n<li>Kuivamisaeg &#8211; puutekuiv: 8 h<\/li>\n<li>Kuivamisaeg &#8211; kasutuskuiv: 16 h<\/li>\n<li>Lahusti: Kasutatakse lahjendamata kujul.<\/li>\n<li>Ilmastikukindlus: Pidevalt ilmastikum\u00f5jude all olevate pindade puhul vajab korduvat t\u00f6\u00f6tlemist \u00fcks kord aastas.<\/li>\n<\/ul>\n<p><strong>Kasutamine:<\/strong><br \/>Looduslik \u00f5li v\u00e4listingimustesse terrassilaudade ja aiainventari kaitseks. Sobivateks kasutusaladeks on aiad, v\u00f5red, uksed ja trepid. Sobib termo- ja s\u00fcvaimmutatud puidule ning eksootilistele puiduliikidele. Kantakse puhtale ja kuivale puitpinnale pintsli, k\u00e4sna v\u00f5i kastmismeetodiga. Kaitseb puitu niiskuse, m\u00e4danemise ja toonituna ka UV-kiirguse eest. V\u00e4hendab puitpinna l\u00f5henemist. Parima kaitse saavutamiseks uuendatakse WOODEX WOOD OILIga pindu igal aastal. Ei sobi kasvuhoonetesse, taimelavadele ega loomahoonetesse.<\/p>\n","protected":false},"excerpt":{"rendered":"<p><Strong>Kirjeldus:<\/Strong><\/p>","protected":false},"featured_media":829,"comment_status":"open","ping_status":"closed","template":"","meta":{"_acf_changed":false},"product_brand":[],"product_cat":[122,497],"product_tag":[],"class_list":{"0":"post-828","1":"product","2":"type-product","3":"status-publish","4":"has-post-thumbnail","6":"product_cat-olid-lakid","7":"product_cat-puumarket","9":"first","10":"outofstock","11":"shipping-taxable","12":"purchasable","13":"product-type-simple"},"acf":[],"yoast_head":"<!-- This site is optimized with the Yoast SEO Premium plugin v18.7 (Yoast SEO v26.5) - https:\/\/yoast.com\/wordpress\/plugins\/seo\/ -->\n<title>Puidu\u00f5li Woodex Wood Oil 2,7L v\u00e4rvitu - Ehituslahendused<\/title>\n<meta name=\"robots\" content=\"index, follow, max-snippet:-1, max-image-preview:large, max-video-preview:-1\" \/>\n<link rel=\"canonical\" href=\"https:\/\/justbuildit.eu\/en\/pood\/varvid-ja-viimistlusmaterjalid\/olid-lakid\/puiduoli-woodex-wood-oil-27l-varvitu\/\" \/>\n<meta property=\"og:locale\" content=\"en_US\" \/>\n<meta property=\"og:type\" content=\"article\" \/>\n<meta property=\"og:title\" content=\"Puidu\u00f5li Woodex Wood Oil 2,7L v\u00e4rvitu\" \/>\n<meta property=\"og:description\" content=\"Kirjeldus:\" \/>\n<meta property=\"og:url\" content=\"https:\/\/justbuildit.eu\/en\/pood\/varvid-ja-viimistlusmaterjalid\/olid-lakid\/puiduoli-woodex-wood-oil-27l-varvitu\/\" \/>\n<meta property=\"og:site_name\" content=\"Ehituslahendused\" \/>\n<meta property=\"article:publisher\" content=\"https:\/\/www.facebook.com\/justbuildit.ee\" \/>\n<meta property=\"article:modified_time\" content=\"2026-04-19T09:08:00+00:00\" \/>\n<meta property=\"og:image\" content=\"https:\/\/justbuildit.eu\/wp-content\/uploads\/2021\/12\/106695.jpg\" \/>\n\t<meta property=\"og:image:width\" content=\"709\" \/>\n\t<meta property=\"og:image:height\" content=\"709\" \/>\n\t<meta property=\"og:image:type\" content=\"image\/jpeg\" \/>\n<meta name=\"twitter:card\" content=\"summary_large_image\" \/>\n<script type=\"application\/ld+json\" class=\"yoast-schema-graph\">{\"@context\":\"https:\/\/schema.org\",\"@graph\":[{\"@type\":\"WebPage\",\"@id\":\"https:\/\/justbuildit.eu\/en\/pood\/varvid-ja-viimistlusmaterjalid\/olid-lakid\/puiduoli-woodex-wood-oil-27l-varvitu\/\",\"url\":\"https:\/\/justbuildit.eu\/en\/pood\/varvid-ja-viimistlusmaterjalid\/olid-lakid\/puiduoli-woodex-wood-oil-27l-varvitu\/\",\"name\":\"Puidu\u00f5li Woodex Wood Oil 2,7L v\u00e4rvitu - Ehituslahendused\",\"isPartOf\":{\"@id\":\"https:\/\/justbuildit.eu\/en\/#website\"},\"primaryImageOfPage\":{\"@id\":\"https:\/\/justbuildit.eu\/en\/pood\/varvid-ja-viimistlusmaterjalid\/olid-lakid\/puiduoli-woodex-wood-oil-27l-varvitu\/#primaryimage\"},\"image\":{\"@id\":\"https:\/\/justbuildit.eu\/en\/pood\/varvid-ja-viimistlusmaterjalid\/olid-lakid\/puiduoli-woodex-wood-oil-27l-varvitu\/#primaryimage\"},\"thumbnailUrl\":\"https:\/\/justbuildit.eu\/wp-content\/uploads\/2021\/12\/106695.jpg\",\"datePublished\":\"2021-12-06T08:37:18+00:00\",\"dateModified\":\"2026-04-19T09:08:00+00:00\",\"breadcrumb\":{\"@id\":\"https:\/\/justbuildit.eu\/en\/pood\/varvid-ja-viimistlusmaterjalid\/olid-lakid\/puiduoli-woodex-wood-oil-27l-varvitu\/#breadcrumb\"},\"inLanguage\":\"en-US\",\"potentialAction\":[{\"@type\":\"ReadAction\",\"target\":[\"https:\/\/justbuildit.eu\/en\/pood\/varvid-ja-viimistlusmaterjalid\/olid-lakid\/puiduoli-woodex-wood-oil-27l-varvitu\/\"]}]},{\"@type\":\"ImageObject\",\"inLanguage\":\"en-US\",\"@id\":\"https:\/\/justbuildit.eu\/en\/pood\/varvid-ja-viimistlusmaterjalid\/olid-lakid\/puiduoli-woodex-wood-oil-27l-varvitu\/#primaryimage\",\"url\":\"https:\/\/justbuildit.eu\/wp-content\/uploads\/2021\/12\/106695.jpg\",\"contentUrl\":\"https:\/\/justbuildit.eu\/wp-content\/uploads\/2021\/12\/106695.jpg\",\"width\":709,\"height\":709},{\"@type\":\"BreadcrumbList\",\"@id\":\"https:\/\/justbuildit.eu\/en\/pood\/varvid-ja-viimistlusmaterjalid\/olid-lakid\/puiduoli-woodex-wood-oil-27l-varvitu\/#breadcrumb\",\"itemListElement\":[{\"@type\":\"ListItem\",\"position\":1,\"name\":\"Home\",\"item\":\"https:\/\/justbuildit.eu\/en\/\"},{\"@type\":\"ListItem\",\"position\":2,\"name\":\"Shop\",\"item\":\"https:\/\/justbuildit.eu\/en\/building-materials\/\"},{\"@type\":\"ListItem\",\"position\":3,\"name\":\"Puidu\u00f5li Woodex Wood Oil 2,7L v\u00e4rvitu\"}]},{\"@type\":\"WebSite\",\"@id\":\"https:\/\/justbuildit.eu\/en\/#website\",\"url\":\"https:\/\/justbuildit.eu\/en\/\",\"name\":\"Ehituslahendused\",\"description\":\"Ehituslahendused ja materjalid\",\"publisher\":{\"@id\":\"https:\/\/justbuildit.eu\/en\/#organization\"},\"potentialAction\":[{\"@type\":\"SearchAction\",\"target\":{\"@type\":\"EntryPoint\",\"urlTemplate\":\"https:\/\/justbuildit.eu\/en\/?s={search_term_string}\"},\"query-input\":{\"@type\":\"PropertyValueSpecification\",\"valueRequired\":true,\"valueName\":\"search_term_string\"}}],\"inLanguage\":\"en-US\"},{\"@type\":\"Organization\",\"@id\":\"https:\/\/justbuildit.eu\/en\/#organization\",\"name\":\"Just Build It O\u00dc\",\"url\":\"https:\/\/justbuildit.eu\/en\/\",\"logo\":{\"@type\":\"ImageObject\",\"inLanguage\":\"en-US\",\"@id\":\"https:\/\/justbuildit.eu\/en\/#\/schema\/logo\/image\/\",\"url\":\"https:\/\/justbuildit.eu\/wp-content\/uploads\/2022\/01\/justbuildit.png\",\"contentUrl\":\"https:\/\/justbuildit.eu\/wp-content\/uploads\/2022\/01\/justbuildit.png\",\"width\":173,\"height\":77,\"caption\":\"Just Build It O\u00dc\"},\"image\":{\"@id\":\"https:\/\/justbuildit.eu\/en\/#\/schema\/logo\/image\/\"},\"sameAs\":[\"https:\/\/www.facebook.com\/justbuildit.ee\"]}]}<\/script>\n<!-- \/ Yoast SEO Premium plugin. -->","yoast_head_json":{"title":"Puidu\u00f5li Woodex Wood Oil 2,7L v\u00e4rvitu - Ehituslahendused","robots":{"index":"index","follow":"follow","max-snippet":"max-snippet:-1","max-image-preview":"max-image-preview:large","max-video-preview":"max-video-preview:-1"},"canonical":"https:\/\/justbuildit.eu\/en\/pood\/varvid-ja-viimistlusmaterjalid\/olid-lakid\/puiduoli-woodex-wood-oil-27l-varvitu\/","og_locale":"en_US","og_type":"article","og_title":"Puidu\u00f5li Woodex Wood Oil 2,7L v\u00e4rvitu","og_description":"Kirjeldus:","og_url":"https:\/\/justbuildit.eu\/en\/pood\/varvid-ja-viimistlusmaterjalid\/olid-lakid\/puiduoli-woodex-wood-oil-27l-varvitu\/","og_site_name":"Ehituslahendused","article_publisher":"https:\/\/www.facebook.com\/justbuildit.ee","article_modified_time":"2026-04-19T09:08:00+00:00","og_image":[{"width":709,"height":709,"url":"https:\/\/justbuildit.eu\/wp-content\/uploads\/2021\/12\/106695.jpg","type":"image\/jpeg"}],"twitter_card":"summary_large_image","schema":{"@context":"https:\/\/schema.org","@graph":[{"@type":"WebPage","@id":"https:\/\/justbuildit.eu\/en\/pood\/varvid-ja-viimistlusmaterjalid\/olid-lakid\/puiduoli-woodex-wood-oil-27l-varvitu\/","url":"https:\/\/justbuildit.eu\/en\/pood\/varvid-ja-viimistlusmaterjalid\/olid-lakid\/puiduoli-woodex-wood-oil-27l-varvitu\/","name":"Puidu\u00f5li Woodex Wood Oil 2,7L v\u00e4rvitu - Ehituslahendused","isPartOf":{"@id":"https:\/\/justbuildit.eu\/en\/#website"},"primaryImageOfPage":{"@id":"https:\/\/justbuildit.eu\/en\/pood\/varvid-ja-viimistlusmaterjalid\/olid-lakid\/puiduoli-woodex-wood-oil-27l-varvitu\/#primaryimage"},"image":{"@id":"https:\/\/justbuildit.eu\/en\/pood\/varvid-ja-viimistlusmaterjalid\/olid-lakid\/puiduoli-woodex-wood-oil-27l-varvitu\/#primaryimage"},"thumbnailUrl":"https:\/\/justbuildit.eu\/wp-content\/uploads\/2021\/12\/106695.jpg","datePublished":"2021-12-06T08:37:18+00:00","dateModified":"2026-04-19T09:08:00+00:00","breadcrumb":{"@id":"https:\/\/justbuildit.eu\/en\/pood\/varvid-ja-viimistlusmaterjalid\/olid-lakid\/puiduoli-woodex-wood-oil-27l-varvitu\/#breadcrumb"},"inLanguage":"en-US","potentialAction":[{"@type":"ReadAction","target":["https:\/\/justbuildit.eu\/en\/pood\/varvid-ja-viimistlusmaterjalid\/olid-lakid\/puiduoli-woodex-wood-oil-27l-varvitu\/"]}]},{"@type":"ImageObject","inLanguage":"en-US","@id":"https:\/\/justbuildit.eu\/en\/pood\/varvid-ja-viimistlusmaterjalid\/olid-lakid\/puiduoli-woodex-wood-oil-27l-varvitu\/#primaryimage","url":"https:\/\/justbuildit.eu\/wp-content\/uploads\/2021\/12\/106695.jpg","contentUrl":"https:\/\/justbuildit.eu\/wp-content\/uploads\/2021\/12\/106695.jpg","width":709,"height":709},{"@type":"BreadcrumbList","@id":"https:\/\/justbuildit.eu\/en\/pood\/varvid-ja-viimistlusmaterjalid\/olid-lakid\/puiduoli-woodex-wood-oil-27l-varvitu\/#breadcrumb","itemListElement":[{"@type":"ListItem","position":1,"name":"Home","item":"https:\/\/justbuildit.eu\/en\/"},{"@type":"ListItem","position":2,"name":"Shop","item":"https:\/\/justbuildit.eu\/en\/building-materials\/"},{"@type":"ListItem","position":3,"name":"Puidu\u00f5li Woodex Wood Oil 2,7L v\u00e4rvitu"}]},{"@type":"WebSite","@id":"https:\/\/justbuildit.eu\/en\/#website","url":"https:\/\/justbuildit.eu\/en\/","name":"Ehituslahendused","description":"Ehituslahendused ja materjalid","publisher":{"@id":"https:\/\/justbuildit.eu\/en\/#organization"},"potentialAction":[{"@type":"SearchAction","target":{"@type":"EntryPoint","urlTemplate":"https:\/\/justbuildit.eu\/en\/?s={search_term_string}"},"query-input":{"@type":"PropertyValueSpecification","valueRequired":true,"valueName":"search_term_string"}}],"inLanguage":"en-US"},{"@type":"Organization","@id":"https:\/\/justbuildit.eu\/en\/#organization","name":"Just Build It O\u00dc","url":"https:\/\/justbuildit.eu\/en\/","logo":{"@type":"ImageObject","inLanguage":"en-US","@id":"https:\/\/justbuildit.eu\/en\/#\/schema\/logo\/image\/","url":"https:\/\/justbuildit.eu\/wp-content\/uploads\/2022\/01\/justbuildit.png","contentUrl":"https:\/\/justbuildit.eu\/wp-content\/uploads\/2022\/01\/justbuildit.png","width":173,"height":77,"caption":"Just Build It O\u00dc"},"image":{"@id":"https:\/\/justbuildit.eu\/en\/#\/schema\/logo\/image\/"},"sameAs":["https:\/\/www.facebook.com\/justbuildit.ee"]}]}},"_links":{"self":[{"href":"https:\/\/justbuildit.eu\/en\/wp-json\/wp\/v2\/product\/828","targetHints":{"allow":["GET"]}}],"collection":[{"href":"https:\/\/justbuildit.eu\/en\/wp-json\/wp\/v2\/product"}],"about":[{"href":"https:\/\/justbuildit.eu\/en\/wp-json\/wp\/v2\/types\/product"}],"replies":[{"embeddable":true,"href":"https:\/\/justbuildit.eu\/en\/wp-json\/wp\/v2\/comments?post=828"}],"wp:featuredmedia":[{"embeddable":true,"href":"https:\/\/justbuildit.eu\/en\/wp-json\/wp\/v2\/media\/829"}],"wp:attachment":[{"href":"https:\/\/justbuildit.eu\/en\/wp-json\/wp\/v2\/media?parent=828"}],"wp:term":[{"taxonomy":"product_brand","embeddable":true,"href":"https:\/\/justbuildit.eu\/en\/wp-json\/wp\/v2\/product_brand?post=828"},{"taxonomy":"product_cat","embeddable":true,"href":"https:\/\/justbuildit.eu\/en\/wp-json\/wp\/v2\/product_cat?post=828"},{"taxonomy":"product_tag","embeddable":true,"href":"https:\/\/justbuildit.eu\/en\/wp-json\/wp\/v2\/product_tag?post=828"}],"curies":[{"name":"wp","href":"https:\/\/api.w.org\/{rel}","templated":true}]}}